{"id":9369,"date":"2020-04-30T08:01:03","date_gmt":"2020-04-30T08:01:03","guid":{"rendered":"https:\/\/marcegaglia.pl\/?page_id=9369"},"modified":"2020-06-30T14:53:15","modified_gmt":"2020-06-30T14:53:15","slug":"rury-ze-stali-weglowej","status":"publish","type":"page","link":"https:\/\/marcegaglia.pl\/pl\/rury-ze-stali-weglowej\/","title":{"rendered":"Rury ze stali w\u0119glowej"},"content":{"rendered":"<div class=\"wpb-content-wrapper\"><p>[vc_row full_width=&#8221;stretch_row_content_no_spaces&#8221; css=&#8221;.vc_custom_1588168240545{margin-bottom: 2em !important;background-position: center !important;background-repeat: no-repeat !important;background-size: cover !important;}&#8221; el_id=&#8221;desk&#8221;][vc_column width=&#8221;1\/2&#8243; css=&#8221;.vc_custom_1588168585508{padding-top: 7em !important;padding-bottom: 7em !important;background-position: center !important;background-repeat: no-repeat !important;background-size: cover !important;}&#8221; el_id=&#8221;carbon_steel_welded_tubes_clmn&#8221;][vc_column_text]<\/p>\n<h4 style=\"text-align: center;\"><span style=\"color: #ffffff;\">RURY SPAWANE ZE STALI W\u0118GLOWEJ<\/span><\/h4>\n<p>[\/vc_column_text][vc_empty_space height=&#8221;15px&#8221;]<div class=\"cz_btn_center\"><div class=\"cz_41351_p\"><a id=\"cz_41351\" class=\"cz_41351 cz_btn cz_btn_txt_no_fx cz_btn_no_fx\" href=\"https:\/\/marcegaglia.pl\/pl\/rury-spawane-ze-stali-weglowej\/\" title=\"RURY SPAWANE ZE STALI W\u0118GLOWEJ\" aria-label=\"RURY SPAWANE ZE STALI W\u0118GLOWEJ\"><span><strong>POZNAJ NASZE WYROBY<\/strong><\/span><b class=\"cz_btn_onhover\"><strong>POZNAJ NASZE WYROBY<\/strong><\/b><\/a><\/div><\/div>[\/vc_column][vc_column width=&#8221;1\/2&#8243; css=&#8221;.vc_custom_1588168579684{padding-top: 7em !important;padding-bottom: 7em !important;background-position: center !important;background-repeat: no-repeat !important;background-size: cover !important;}&#8221; el_id=&#8221;refrigeration_tubes_clmn&#8221;][vc_column_text]<\/p>\n<h4 style=\"text-align: center;\"><span style=\"color: #ffffff;\">RURY NA KONDENSATORY ORAZ JAKO ELEMENTY KOMPONENT\u00d3W DLA PRZEMYS\u0141U CH\u0141ODNICZEGO<\/span><\/h4>\n<p>[\/vc_column_text][vc_empty_space height=&#8221;15px&#8221;]<div class=\"cz_btn_center\"><div class=\"cz_109925_p\"><a id=\"cz_109925\" class=\"cz_109925 cz_btn cz_btn_txt_no_fx cz_btn_no_fx\" href=\"https:\/\/marcegaglia.pl\/pl\/rury-na-kondensatory-oraz-jako-elementy-komponentow-dla-przemyslu-chlodniczego\/\" title=\"RURY NA KONDENSATORY ORAZ JAKO ELEMENTY KOMPONENT\u00d3W DLA PRZEMYS\u0141U CH\u0141ODNICZEGO\" aria-label=\"RURY NA KONDENSATORY ORAZ JAKO ELEMENTY KOMPONENT\u00d3W DLA PRZEMYS\u0141U CH\u0141ODNICZEGO\"><span><strong>POZNAJ NASZE WYROBY<\/strong><\/span><b class=\"cz_btn_onhover\"><strong>POZNAJ NASZE WYROBY<\/strong><\/b><\/a><\/div><\/div>[\/vc_column][\/vc_row][vc_row full_width=&#8221;stretch_row_content_no_spaces&#8221; css=&#8221;.vc_custom_1588168234605{margin-bottom: 2em !important;background-position: center !important;background-repeat: no-repeat !important;background-size: cover !important;}&#8221; el_id=&#8221;resp&#8221;][vc_column width=&#8221;1\/2&#8243; css=&#8221;.vc_custom_1588168299012{padding-top: 5em !important;padding-bottom: 5em !important;background-image: url(https:\/\/marcegaglia.pl\/wp-content\/uploads\/2020\/04\/01-Marcegaglia-Poland-carbon-steel-welded-tubes_636x306.jpg?id=9374) !important;background-position: center !important;background-repeat: no-repeat !important;background-size: cover !important;}&#8221; offset=&#8221;vc_hidden-lg&#8221;][vc_column_text]<\/p>\n<h4 style=\"text-align: center;\"><span style=\"color: #ffffff;\">RURY SPAWANE ZE STALI W\u0118GLOWEJ<\/span><\/h4>\n<p>[\/vc_column_text][vc_empty_space height=&#8221;15px&#8221;]<div class=\"cz_btn_center\"><div class=\"cz_78784_p\"><a id=\"cz_78784\" class=\"cz_78784 cz_btn cz_btn_txt_no_fx cz_btn_no_fx\" href=\"https:\/\/marcegaglia.pl\/carbon-steel-welded-tubes\/\" title=\"Carbon Steel Welded Tubes\" aria-label=\"Carbon Steel Welded Tubes\"><span><strong>POZNAJ NASZE WYROBY<\/strong><\/span><b class=\"cz_btn_onhover\"><strong>POZNAJ NASZE WYROBY<\/strong><\/b><\/a><\/div><\/div>[\/vc_column][vc_column width=&#8221;1\/2&#8243; css=&#8221;.vc_custom_1588168325004{padding-top: 5em !important;padding-bottom: 5em !important;background-image: url(https:\/\/marcegaglia.pl\/wp-content\/uploads\/2020\/04\/02-Marcegaglia-Poland-carbon-steel-refrigeration-tubes_636x306.jpg?id=9376) !important;background-position: center !important;background-repeat: no-repeat !important;background-size: cover !important;}&#8221; offset=&#8221;vc_hidden-lg&#8221;][vc_column_text]<\/p>\n<h4 style=\"text-align: center;\"><span style=\"color: #ffffff;\">RURY NA KONDENSATORY ORAZ JAKO ELEMENTY KOMPONENT\u00d3W DLA PRZEMYS\u0141U CH\u0141ODNICZEGO<\/span><\/h4>\n<p>[\/vc_column_text][vc_empty_space height=&#8221;15px&#8221;]<div class=\"cz_btn_center\"><div class=\"cz_91267_p\"><a id=\"cz_91267\" class=\"cz_91267 cz_btn cz_btn_txt_no_fx cz_btn_no_fx\" href=\"https:\/\/marcegaglia.pl\/tubes-for-condensers-and-refrigeration-components\/\" title=\"Refrigeration Tubes\" aria-label=\"Refrigeration Tubes\"><span><strong>POZNAJ NASZE WYROBY<\/strong><\/span><b class=\"cz_btn_onhover\"><strong>POZNAJ NASZE WYROBY<\/strong><\/b><\/a><\/div><\/div>[\/vc_column][\/vc_row][vc_row full_width=&#8221;stretch_row&#8221; content_placement=&#8221;middle&#8221; css=&#8221;.vc_custom_1584702828627{margin-bottom: 2em !important;background-position: center !important;background-repeat: no-repeat !important;background-size: cover !important;}&#8221;][vc_column][vc_column_text]<\/p>\n<h2>RURY ZE STALI W\u0118GLOWEJ<\/h2>\n<p>[\/vc_column_text][vc_empty_space height=&#8221;20px&#8221;][vc_column_text]Zak\u0142ad Marcegaglia Poland w <a href=\"https:\/\/marcegaglia.pl\/pl\/marcegaglia-kluczbork\/\" target=\"_blank\" rel=\"noopener noreferrer\"><b>Kluczborku<\/b><\/a> produkuje precyzyjne rury <strong>okr\u0105g\u0142e, kwadratowe i <a href=\"https:\/\/marcegaglia.pl\/pl\/rury-spawane-ze-stali-weglowej\/\" target=\"_blank\" rel=\"noopener noreferrer\">prostok\u0105tne ze stali w\u0119glowej<\/a>; rury konstrukcyjne okr\u0105g\u0142e, kwadratowe i prostok\u0105tne; okr\u0105g\u0142e rury spe\u0142niaj\u0105ce wymagania ci\u015bnieniowe, na ruroci\u0105gi i do przeno\u015bnik\u00f3w do wody; p\u00f3\u0142owalne, owalne i eliptyczne spawane<\/strong> ze stali w\u0119glowej oraz <a href=\"https:\/\/marcegaglia.pl\/pl\/rury-na-kondensatory-oraz-jako-elementy-komponentow-dla-przemyslu-chlodniczego\/\" target=\"_blank\" rel=\"noopener noreferrer\">rury do skraplaczy i element\u00f3w ch\u0142odniczych<\/a>.<\/p>\n<p>Proces produkcji odbywa si\u0119 zgodnie ze <strong>wszystkimi najwa\u017cniejszymi standardami produkcyjnymi.<\/strong><\/p>\n<p>Opr\u00f3cz proces\u00f3w spawania Marcegaglia wykorzystuje w swojej fabryce w Kluczborku technologie najnowszej generacji na liniach do formowania stali na zimno, w tym procesy wykonywania szeregu <strong>operacji na liniach produkcyjnych<\/strong>, takich jak usuwanie wyp\u0142ywki wewn\u0119trznej, badania i kontrole nieniszcz\u0105ce, specjalne wyko\u0144czenie rur i dopasowywanie rozmiaru.<\/p>\n<p>Marcegaglia Poland mo\u017ce r\u00f3wnie\u017c uzyska\u0107 wsparcie produkcyjne od swojej sp\u00f3\u0142ki matki, w\u0142oskiej <a href=\"https:\/\/www.tubes.marcegaglia.com\/marcegaglia_product\/carbon-steel-welded-tubes\/\" target=\"_blank\" rel=\"noopener noreferrer\"><b>grupy Marcegaglia<\/b><\/a>, pod wzgl\u0119dem <b>zakresu rozmiar\u00f3w<\/b> i<b> <\/b>produkt\u00f3w<b>,<span class=\"Apple-converted-space\">\u00a0<\/span><\/b> tak aby odpowiedzie\u0107 na wszystkie potrzeby Klient\u00f3w z Polski: <b>Marcegaglia posiada najszerszy na \u015bwiecie asortyment rur spawanych ze stali w\u0119glowej, obejmuj\u0105cy wiele gatunk\u00f3w i wymiar\u00f3w stali, zgodny z wymaganiami r\u00f3\u017cnych sektor\u00f3w przemys\u0142u<\/b>[\/vc_column_text][\/vc_column][\/vc_row]<\/p>\n<\/div>","protected":false},"excerpt":{"rendered":"<p>[vc_row full_width=&#8221;stretch_row_content_no_spaces&#8221; css=&#8221;.vc_custom_1588168240545{margin-bottom: 2em !important;background-position: center !important;background-repeat: no-repeat !important;background-size: cover !important;}&#8221; &#8230; <\/p>\n","protected":false},"author":1,"featured_media":0,"parent":0,"menu_order":0,"comment_status":"closed","ping_status":"closed","template":"","meta":{"footnotes":""},"class_list":["post-9369","page","type-page","status-publish","hentry"],"yoast_head":"<!-- This site is optimized with the Yoast SEO plugin v27.4 - https:\/\/yoast.com\/product\/yoast-seo-wordpress\/ -->\n<title>Rury ze stali w\u0119glowej - Marcegaglia Poland<\/title>\n<meta name=\"robots\" content=\"index, follow, max-snippet:-1, max-image-preview:large, max-video-preview:-1\" \/>\n<link rel=\"canonical\" href=\"https:\/\/marcegaglia.pl\/pl\/rury-ze-stali-weglowej\/\" \/>\n<meta property=\"og:locale\" content=\"pl_PL\" \/>\n<meta property=\"og:type\" content=\"article\" \/>\n<meta property=\"og:title\" content=\"Rury ze stali w\u0119glowej - Marcegaglia Poland\" \/>\n<meta property=\"og:description\" content=\"[vc_row full_width=&#8221;stretch_row_content_no_spaces&#8221; css=&#8221;.vc_custom_1588168240545{margin-bottom: 2em !important;background-position: center !important;background-repeat: no-repeat !important;background-size: cover !important;}&#8221; ...\" \/>\n<meta property=\"og:url\" content=\"https:\/\/marcegaglia.pl\/pl\/rury-ze-stali-weglowej\/\" \/>\n<meta property=\"og:site_name\" content=\"Marcegaglia Poland\" \/>\n<meta property=\"article:modified_time\" content=\"2020-06-30T14:53:15+00:00\" \/>\n<meta property=\"og:image\" content=\"https:\/\/marcegaglia.pl\/wp-content\/uploads\/2024\/04\/marcegaglia_poland_yoast.jpg\" \/>\n\t<meta property=\"og:image:width\" content=\"600\" \/>\n\t<meta property=\"og:image:height\" content=\"338\" \/>\n\t<meta property=\"og:image:type\" content=\"image\/jpeg\" \/>\n<meta name=\"twitter:card\" content=\"summary_large_image\" \/>\n<meta name=\"twitter:label1\" content=\"Szacowany czas czytania\" \/>\n\t<meta name=\"twitter:data1\" content=\"4 minuty\" \/>\n<script type=\"application\/ld+json\" class=\"yoast-schema-graph\">{\"@context\":\"https:\\\/\\\/schema.org\",\"@graph\":[{\"@type\":\"WebPage\",\"@id\":\"https:\\\/\\\/marcegaglia.pl\\\/pl\\\/rury-ze-stali-weglowej\\\/\",\"url\":\"https:\\\/\\\/marcegaglia.pl\\\/pl\\\/rury-ze-stali-weglowej\\\/\",\"name\":\"Rury ze stali w\u0119glowej - Marcegaglia Poland\",\"isPartOf\":{\"@id\":\"https:\\\/\\\/marcegaglia.pl\\\/pl\\\/#website\"},\"datePublished\":\"2020-04-30T08:01:03+00:00\",\"dateModified\":\"2020-06-30T14:53:15+00:00\",\"breadcrumb\":{\"@id\":\"https:\\\/\\\/marcegaglia.pl\\\/pl\\\/rury-ze-stali-weglowej\\\/#breadcrumb\"},\"inLanguage\":\"pl-PL\",\"potentialAction\":[{\"@type\":\"ReadAction\",\"target\":[\"https:\\\/\\\/marcegaglia.pl\\\/pl\\\/rury-ze-stali-weglowej\\\/\"]}]},{\"@type\":\"BreadcrumbList\",\"@id\":\"https:\\\/\\\/marcegaglia.pl\\\/pl\\\/rury-ze-stali-weglowej\\\/#breadcrumb\",\"itemListElement\":[{\"@type\":\"ListItem\",\"position\":1,\"name\":\"Home\",\"item\":\"https:\\\/\\\/marcegaglia.pl\\\/en\\\/\"},{\"@type\":\"ListItem\",\"position\":2,\"name\":\"Rury ze stali w\u0119glowej\"}]},{\"@type\":\"WebSite\",\"@id\":\"https:\\\/\\\/marcegaglia.pl\\\/pl\\\/#website\",\"url\":\"https:\\\/\\\/marcegaglia.pl\\\/pl\\\/\",\"name\":\"Marcegaglia Poland\",\"description\":\"We give shape to steel\",\"publisher\":{\"@id\":\"https:\\\/\\\/marcegaglia.pl\\\/pl\\\/#organization\"},\"potentialAction\":[{\"@type\":\"SearchAction\",\"target\":{\"@type\":\"EntryPoint\",\"urlTemplate\":\"https:\\\/\\\/marcegaglia.pl\\\/pl\\\/?s={search_term_string}\"},\"query-input\":{\"@type\":\"PropertyValueSpecification\",\"valueRequired\":true,\"valueName\":\"search_term_string\"}}],\"inLanguage\":\"pl-PL\"},{\"@type\":\"Organization\",\"@id\":\"https:\\\/\\\/marcegaglia.pl\\\/pl\\\/#organization\",\"name\":\"Marcegaglia Poland\",\"url\":\"https:\\\/\\\/marcegaglia.pl\\\/pl\\\/\",\"logo\":{\"@type\":\"ImageObject\",\"inLanguage\":\"pl-PL\",\"@id\":\"https:\\\/\\\/marcegaglia.pl\\\/pl\\\/#\\\/schema\\\/logo\\\/image\\\/\",\"url\":\"https:\\\/\\\/marcegaglia.pl\\\/wp-content\\\/uploads\\\/2020\\\/05\\\/favicon_marcegaglia-carbon-steel_512x512.jpg\",\"contentUrl\":\"https:\\\/\\\/marcegaglia.pl\\\/wp-content\\\/uploads\\\/2020\\\/05\\\/favicon_marcegaglia-carbon-steel_512x512.jpg\",\"width\":512,\"height\":512,\"caption\":\"Marcegaglia Poland\"},\"image\":{\"@id\":\"https:\\\/\\\/marcegaglia.pl\\\/pl\\\/#\\\/schema\\\/logo\\\/image\\\/\"}}]}<\/script>\n<!-- \/ Yoast SEO plugin. -->","yoast_head_json":{"title":"Rury ze stali w\u0119glowej - Marcegaglia Poland","robots":{"index":"index","follow":"follow","max-snippet":"max-snippet:-1","max-image-preview":"max-image-preview:large","max-video-preview":"max-video-preview:-1"},"canonical":"https:\/\/marcegaglia.pl\/pl\/rury-ze-stali-weglowej\/","og_locale":"pl_PL","og_type":"article","og_title":"Rury ze stali w\u0119glowej - Marcegaglia Poland","og_description":"[vc_row full_width=&#8221;stretch_row_content_no_spaces&#8221; css=&#8221;.vc_custom_1588168240545{margin-bottom: 2em !important;background-position: center !important;background-repeat: no-repeat !important;background-size: cover !important;}&#8221; ...","og_url":"https:\/\/marcegaglia.pl\/pl\/rury-ze-stali-weglowej\/","og_site_name":"Marcegaglia Poland","article_modified_time":"2020-06-30T14:53:15+00:00","og_image":[{"width":600,"height":338,"url":"https:\/\/marcegaglia.pl\/wp-content\/uploads\/2024\/04\/marcegaglia_poland_yoast.jpg","type":"image\/jpeg"}],"twitter_card":"summary_large_image","twitter_misc":{"Szacowany czas czytania":"4 minuty"},"schema":{"@context":"https:\/\/schema.org","@graph":[{"@type":"WebPage","@id":"https:\/\/marcegaglia.pl\/pl\/rury-ze-stali-weglowej\/","url":"https:\/\/marcegaglia.pl\/pl\/rury-ze-stali-weglowej\/","name":"Rury ze stali w\u0119glowej - Marcegaglia Poland","isPartOf":{"@id":"https:\/\/marcegaglia.pl\/pl\/#website"},"datePublished":"2020-04-30T08:01:03+00:00","dateModified":"2020-06-30T14:53:15+00:00","breadcrumb":{"@id":"https:\/\/marcegaglia.pl\/pl\/rury-ze-stali-weglowej\/#breadcrumb"},"inLanguage":"pl-PL","potentialAction":[{"@type":"ReadAction","target":["https:\/\/marcegaglia.pl\/pl\/rury-ze-stali-weglowej\/"]}]},{"@type":"BreadcrumbList","@id":"https:\/\/marcegaglia.pl\/pl\/rury-ze-stali-weglowej\/#breadcrumb","itemListElement":[{"@type":"ListItem","position":1,"name":"Home","item":"https:\/\/marcegaglia.pl\/en\/"},{"@type":"ListItem","position":2,"name":"Rury ze stali w\u0119glowej"}]},{"@type":"WebSite","@id":"https:\/\/marcegaglia.pl\/pl\/#website","url":"https:\/\/marcegaglia.pl\/pl\/","name":"Marcegaglia Poland","description":"We give shape to steel","publisher":{"@id":"https:\/\/marcegaglia.pl\/pl\/#organization"},"potentialAction":[{"@type":"SearchAction","target":{"@type":"EntryPoint","urlTemplate":"https:\/\/marcegaglia.pl\/pl\/?s={search_term_string}"},"query-input":{"@type":"PropertyValueSpecification","valueRequired":true,"valueName":"search_term_string"}}],"inLanguage":"pl-PL"},{"@type":"Organization","@id":"https:\/\/marcegaglia.pl\/pl\/#organization","name":"Marcegaglia Poland","url":"https:\/\/marcegaglia.pl\/pl\/","logo":{"@type":"ImageObject","inLanguage":"pl-PL","@id":"https:\/\/marcegaglia.pl\/pl\/#\/schema\/logo\/image\/","url":"https:\/\/marcegaglia.pl\/wp-content\/uploads\/2020\/05\/favicon_marcegaglia-carbon-steel_512x512.jpg","contentUrl":"https:\/\/marcegaglia.pl\/wp-content\/uploads\/2020\/05\/favicon_marcegaglia-carbon-steel_512x512.jpg","width":512,"height":512,"caption":"Marcegaglia Poland"},"image":{"@id":"https:\/\/marcegaglia.pl\/pl\/#\/schema\/logo\/image\/"}}]}},"_links":{"self":[{"href":"https:\/\/marcegaglia.pl\/pl\/wp-json\/wp\/v2\/pages\/9369","targetHints":{"allow":["GET"]}}],"collection":[{"href":"https:\/\/marcegaglia.pl\/pl\/wp-json\/wp\/v2\/pages"}],"about":[{"href":"https:\/\/marcegaglia.pl\/pl\/wp-json\/wp\/v2\/types\/page"}],"author":[{"embeddable":true,"href":"https:\/\/marcegaglia.pl\/pl\/wp-json\/wp\/v2\/users\/1"}],"replies":[{"embeddable":true,"href":"https:\/\/marcegaglia.pl\/pl\/wp-json\/wp\/v2\/comments?post=9369"}],"version-history":[{"count":5,"href":"https:\/\/marcegaglia.pl\/pl\/wp-json\/wp\/v2\/pages\/9369\/revisions"}],"predecessor-version":[{"id":13362,"href":"https:\/\/marcegaglia.pl\/pl\/wp-json\/wp\/v2\/pages\/9369\/revisions\/13362"}],"wp:attachment":[{"href":"https:\/\/marcegaglia.pl\/pl\/wp-json\/wp\/v2\/media?parent=9369"}],"curies":[{"name":"wp","href":"https:\/\/api.w.org\/{rel}","templated":true}]}}