{"id":9351,"date":"2020-04-30T08:00:43","date_gmt":"2020-04-30T08:00:43","guid":{"rendered":"https:\/\/marcegaglia.pl\/?page_id=9351"},"modified":"2020-06-30T14:38:59","modified_gmt":"2020-06-30T14:38:59","slug":"wyroby-plaskie-ze-stali-weglowej","status":"publish","type":"page","link":"https:\/\/marcegaglia.pl\/pl\/wyroby-plaskie-ze-stali-weglowej\/","title":{"rendered":"Wyroby P\u0142askie Ze Stali W\u0119glowej"},"content":{"rendered":"<div class=\"wpb-content-wrapper\"><p>[vc_row full_width=&#8221;stretch_row_content_no_spaces&#8221; css=&#8221;.vc_custom_1586439988199{margin-bottom: 2em !important;background-position: center !important;background-repeat: no-repeat !important;background-size: cover !important;}&#8221; el_id=&#8221;titoli_coils&#8221;][vc_column width=&#8221;1\/3&#8243; css=&#8221;.vc_custom_1588167579046{padding-top: 7em !important;padding-bottom: 7em !important;background-position: center !important;background-repeat: no-repeat !important;background-size: cover !important;}&#8221; el_id=&#8221;coils_column_flat&#8221;][vc_column_text]<\/p>\n<h4 style=\"text-align: center;\"><span style=\"color: #ffffff;\">BLACHY W KR\u0118GACH<\/span><\/h4>\n<p>[\/vc_column_text][vc_empty_space height=&#8221;15px&#8221;]<div class=\"cz_btn_center\"><div class=\"cz_30749_p\"><a id=\"cz_30749\" class=\"cz_30749 cz_btn cz_btn_txt_no_fx cz_btn_no_fx\" href=\"https:\/\/marcegaglia.pl\/pl\/blachy-w-kregach\/\" title=\"ZWOJE BLACHY\" aria-label=\"ZWOJE BLACHY\"><span><strong>POZNAJ NASZE WYROBY<\/strong><\/span><b class=\"cz_btn_onhover\"><strong>POZNAJ NASZE WYROBY<\/strong><\/b><\/a><\/div><\/div>[\/vc_column][vc_column width=&#8221;1\/3&#8243; css=&#8221;.vc_custom_1588167586345{padding-top: 7em !important;padding-bottom: 7em !important;background-position: center !important;background-repeat: no-repeat !important;background-size: cover !important;}&#8221; el_id=&#8221;strips_column_flat&#8221;][vc_column_text]<\/p>\n<h4 style=\"text-align: center;\"><span style=\"color: #ffffff;\">TA\u015aMY<\/span><\/h4>\n<p>[\/vc_column_text][vc_empty_space height=&#8221;15px&#8221;]<div class=\"cz_btn_center\"><div class=\"cz_95215_p\"><a id=\"cz_95215\" class=\"cz_95215 cz_btn cz_btn_txt_no_fx cz_btn_no_fx\" href=\"https:\/\/marcegaglia.pl\/pl\/tasm\/\" title=\"TA\u015aMY\" aria-label=\"TA\u015aMY\"><span><strong>POZNAJ NASZE WYROBY<\/strong><\/span><b class=\"cz_btn_onhover\"><strong>POZNAJ NASZE WYROBY<\/strong><\/b><\/a><\/div><\/div>[\/vc_column][vc_column width=&#8221;1\/3&#8243; css=&#8221;.vc_custom_1588167592773{padding-top: 7em !important;padding-bottom: 7em !important;background-position: center !important;background-repeat: no-repeat !important;background-size: cover !important;}&#8221; el_id=&#8221;sheets_column_flat&#8221;][vc_column_text]<\/p>\n<h4 style=\"text-align: center;\"><span style=\"color: #ffffff;\">BLACHY W ARKUSZACH<\/span><\/h4>\n<p>[\/vc_column_text][vc_empty_space height=&#8221;15px&#8221;]<div class=\"cz_btn_center\"><div class=\"cz_110453_p\"><a id=\"cz_110453\" class=\"cz_110453 cz_btn cz_btn_txt_no_fx cz_btn_no_fx\" href=\"https:\/\/marcegaglia.pl\/pl\/blachy-w-arkuszach\/\" title=\"BLACHY W ARKUSZACH\" aria-label=\"BLACHY W ARKUSZACH\"><span><strong>POZNAJ NASZE WYROBY<\/strong><\/span><b class=\"cz_btn_onhover\"><strong>POZNAJ NASZE WYROBY<\/strong><\/b><\/a><\/div><\/div>[\/vc_column][\/vc_row][vc_row full_width=&#8221;stretch_row&#8221; content_placement=&#8221;middle&#8221; css=&#8221;.vc_custom_1584702828627{margin-bottom: 2em !important;background-position: center !important;background-repeat: no-repeat !important;background-size: cover !important;}&#8221;][vc_column][vc_column_text]<\/p>\n<h2>WYROBY P\u0141ASKIE ZE STALI W\u0118GLOWEJ<\/h2>\n<p>[\/vc_column_text][vc_empty_space height=&#8221;20px&#8221;][vc_column_text]W zak\u0142adzie produkcyjnym Marcegaglia w Kluczborku znajduje si\u0119 wydzielony obszar przetw\u00f3rstwa kr\u0119g\u00f3w na ta\u015bmy i blachy ze stali w\u0119glowej. Zam\u00f3wienia realizowane s\u0105 w oparciu o konkretne potrzeby klienta. Proces produkcji odbywa si\u0119 zgodnie ze wszystkimi g\u0142\u00f3wnymi standardami produkcyjnymi.<\/p>\n<p>Zak\u0142ad produkcyjny w <a href=\"https:\/\/marcegaglia.pl\/pl\/marcegaglia-kluczbork\/\" target=\"_blank\" rel=\"noopener noreferrer\">Kluczborku<\/a> obs\u0142uguje rynki Europy P\u00f3\u0142nocnej i Wschodniej, posiada r\u00f3wnie\u017c Centrum Serwisowe <a href=\"https:\/\/marcegaglia.pl\/pl\/tasm\/\" target=\"_blank\" rel=\"noopener noreferrer\">ta\u015bm<\/a> i <a href=\"https:\/\/marcegaglia.pl\/pl\/blachy-w-arkuszach\/\" target=\"_blank\" rel=\"noopener noreferrer\">blach<\/a>. Zak\u0142ad pracuje r\u00f3wnie\u017c jako punkt odniesienia dla dystrybucji <a href=\"https:\/\/marcegaglia.pl\/pl\/heavy-plates\/\" target=\"_blank\" rel=\"noopener noreferrer\">blach grubych (quarto)<\/a> Marcegaglia w Europie \u015arodkowej, Wschodniej i P\u00f3\u0142nocnej.<\/p>\n<p>Marcegaglia Poland jest niezale\u017cnym graczem, kt\u00f3ry mo\u017ce dostarcza\u0107 zar\u00f3wno do innych centr\u00f3w serwisowych, jak i wyspecjalizowanych klient\u00f3w, oferuj\u0105c rosn\u0105c\u0105 gam\u0119 produkt\u00f3w w zakresie gatunk\u00f3w stali i typowych zastosowa\u0144, unikaln\u0105 mieszank\u0119 us\u0142ug i szybki czas reakcji z dost\u0119pno\u015bci\u0105 zapas\u00f3w w standardowych rozmiarach ,<\/p>\n<p>Marcegaglia Poland jest wspierana r\u00f3wnie\u017c w\u0142oskim zakresem produkcyjnym <a href=\"https:\/\/www.steel.marcegaglia.com\/marcegaglia_product\/carbon-steel-flats-strips\/\" target=\"_blank\" rel=\"noopener noreferrer\">grupy Marcegaglia<\/a>, aby zaspokoi\u0107 wszystkie mo\u017cliwe wymagania klient\u00f3w w Polsce.[\/vc_column_text][\/vc_column][\/vc_row]<\/p>\n<\/div>","protected":false},"excerpt":{"rendered":"<p>[vc_row full_width=&#8221;stretch_row_content_no_spaces&#8221; css=&#8221;.vc_custom_1586439988199{margin-bottom: 2em !important;background-position: center !important;background-repeat: no-repeat !important;background-size: cover !important;}&#8221; &#8230; <\/p>\n","protected":false},"author":1,"featured_media":0,"parent":0,"menu_order":0,"comment_status":"closed","ping_status":"closed","template":"","meta":{"footnotes":""},"class_list":["post-9351","page","type-page","status-publish","hentry"],"yoast_head":"<!-- This site is optimized with the Yoast SEO plugin v27.4 - https:\/\/yoast.com\/product\/yoast-seo-wordpress\/ -->\n<title>Wyroby P\u0142askie Ze Stali W\u0119glowej - Marcegaglia Poland<\/title>\n<meta name=\"robots\" content=\"index, follow, max-snippet:-1, max-image-preview:large, max-video-preview:-1\" \/>\n<link rel=\"canonical\" href=\"https:\/\/marcegaglia.pl\/pl\/wyroby-plaskie-ze-stali-weglowej\/\" \/>\n<meta property=\"og:locale\" content=\"pl_PL\" \/>\n<meta property=\"og:type\" content=\"article\" \/>\n<meta property=\"og:title\" content=\"Wyroby P\u0142askie Ze Stali W\u0119glowej - Marcegaglia Poland\" \/>\n<meta property=\"og:description\" content=\"[vc_row full_width=&#8221;stretch_row_content_no_spaces&#8221; css=&#8221;.vc_custom_1586439988199{margin-bottom: 2em !important;background-position: center !important;background-repeat: no-repeat !important;background-size: cover !important;}&#8221; ...\" \/>\n<meta property=\"og:url\" content=\"https:\/\/marcegaglia.pl\/pl\/wyroby-plaskie-ze-stali-weglowej\/\" \/>\n<meta property=\"og:site_name\" content=\"Marcegaglia Poland\" \/>\n<meta property=\"article:modified_time\" content=\"2020-06-30T14:38:59+00:00\" \/>\n<meta property=\"og:image\" content=\"https:\/\/marcegaglia.pl\/wp-content\/uploads\/2024\/04\/marcegaglia_poland_yoast.jpg\" \/>\n\t<meta property=\"og:image:width\" content=\"600\" \/>\n\t<meta property=\"og:image:height\" content=\"338\" \/>\n\t<meta property=\"og:image:type\" content=\"image\/jpeg\" \/>\n<meta name=\"twitter:card\" content=\"summary_large_image\" \/>\n<meta name=\"twitter:label1\" content=\"Szacowany czas czytania\" \/>\n\t<meta name=\"twitter:data1\" content=\"3 minuty\" \/>\n<script type=\"application\/ld+json\" class=\"yoast-schema-graph\">{\"@context\":\"https:\\\/\\\/schema.org\",\"@graph\":[{\"@type\":\"WebPage\",\"@id\":\"https:\\\/\\\/marcegaglia.pl\\\/pl\\\/wyroby-plaskie-ze-stali-weglowej\\\/\",\"url\":\"https:\\\/\\\/marcegaglia.pl\\\/pl\\\/wyroby-plaskie-ze-stali-weglowej\\\/\",\"name\":\"Wyroby P\u0142askie Ze Stali W\u0119glowej - Marcegaglia Poland\",\"isPartOf\":{\"@id\":\"https:\\\/\\\/marcegaglia.pl\\\/pl\\\/#website\"},\"datePublished\":\"2020-04-30T08:00:43+00:00\",\"dateModified\":\"2020-06-30T14:38:59+00:00\",\"breadcrumb\":{\"@id\":\"https:\\\/\\\/marcegaglia.pl\\\/pl\\\/wyroby-plaskie-ze-stali-weglowej\\\/#breadcrumb\"},\"inLanguage\":\"pl-PL\",\"potentialAction\":[{\"@type\":\"ReadAction\",\"target\":[\"https:\\\/\\\/marcegaglia.pl\\\/pl\\\/wyroby-plaskie-ze-stali-weglowej\\\/\"]}]},{\"@type\":\"BreadcrumbList\",\"@id\":\"https:\\\/\\\/marcegaglia.pl\\\/pl\\\/wyroby-plaskie-ze-stali-weglowej\\\/#breadcrumb\",\"itemListElement\":[{\"@type\":\"ListItem\",\"position\":1,\"name\":\"Home\",\"item\":\"https:\\\/\\\/marcegaglia.pl\\\/en\\\/\"},{\"@type\":\"ListItem\",\"position\":2,\"name\":\"Wyroby P\u0142askie Ze Stali W\u0119glowej\"}]},{\"@type\":\"WebSite\",\"@id\":\"https:\\\/\\\/marcegaglia.pl\\\/pl\\\/#website\",\"url\":\"https:\\\/\\\/marcegaglia.pl\\\/pl\\\/\",\"name\":\"Marcegaglia Poland\",\"description\":\"We give shape to steel\",\"publisher\":{\"@id\":\"https:\\\/\\\/marcegaglia.pl\\\/pl\\\/#organization\"},\"potentialAction\":[{\"@type\":\"SearchAction\",\"target\":{\"@type\":\"EntryPoint\",\"urlTemplate\":\"https:\\\/\\\/marcegaglia.pl\\\/pl\\\/?s={search_term_string}\"},\"query-input\":{\"@type\":\"PropertyValueSpecification\",\"valueRequired\":true,\"valueName\":\"search_term_string\"}}],\"inLanguage\":\"pl-PL\"},{\"@type\":\"Organization\",\"@id\":\"https:\\\/\\\/marcegaglia.pl\\\/pl\\\/#organization\",\"name\":\"Marcegaglia Poland\",\"url\":\"https:\\\/\\\/marcegaglia.pl\\\/pl\\\/\",\"logo\":{\"@type\":\"ImageObject\",\"inLanguage\":\"pl-PL\",\"@id\":\"https:\\\/\\\/marcegaglia.pl\\\/pl\\\/#\\\/schema\\\/logo\\\/image\\\/\",\"url\":\"https:\\\/\\\/marcegaglia.pl\\\/wp-content\\\/uploads\\\/2020\\\/05\\\/favicon_marcegaglia-carbon-steel_512x512.jpg\",\"contentUrl\":\"https:\\\/\\\/marcegaglia.pl\\\/wp-content\\\/uploads\\\/2020\\\/05\\\/favicon_marcegaglia-carbon-steel_512x512.jpg\",\"width\":512,\"height\":512,\"caption\":\"Marcegaglia Poland\"},\"image\":{\"@id\":\"https:\\\/\\\/marcegaglia.pl\\\/pl\\\/#\\\/schema\\\/logo\\\/image\\\/\"}}]}<\/script>\n<!-- \/ Yoast SEO plugin. -->","yoast_head_json":{"title":"Wyroby P\u0142askie Ze Stali W\u0119glowej - Marcegaglia Poland","robots":{"index":"index","follow":"follow","max-snippet":"max-snippet:-1","max-image-preview":"max-image-preview:large","max-video-preview":"max-video-preview:-1"},"canonical":"https:\/\/marcegaglia.pl\/pl\/wyroby-plaskie-ze-stali-weglowej\/","og_locale":"pl_PL","og_type":"article","og_title":"Wyroby P\u0142askie Ze Stali W\u0119glowej - Marcegaglia Poland","og_description":"[vc_row full_width=&#8221;stretch_row_content_no_spaces&#8221; css=&#8221;.vc_custom_1586439988199{margin-bottom: 2em !important;background-position: center !important;background-repeat: no-repeat !important;background-size: cover !important;}&#8221; ...","og_url":"https:\/\/marcegaglia.pl\/pl\/wyroby-plaskie-ze-stali-weglowej\/","og_site_name":"Marcegaglia Poland","article_modified_time":"2020-06-30T14:38:59+00:00","og_image":[{"width":600,"height":338,"url":"https:\/\/marcegaglia.pl\/wp-content\/uploads\/2024\/04\/marcegaglia_poland_yoast.jpg","type":"image\/jpeg"}],"twitter_card":"summary_large_image","twitter_misc":{"Szacowany czas czytania":"3 minuty"},"schema":{"@context":"https:\/\/schema.org","@graph":[{"@type":"WebPage","@id":"https:\/\/marcegaglia.pl\/pl\/wyroby-plaskie-ze-stali-weglowej\/","url":"https:\/\/marcegaglia.pl\/pl\/wyroby-plaskie-ze-stali-weglowej\/","name":"Wyroby P\u0142askie Ze Stali W\u0119glowej - Marcegaglia Poland","isPartOf":{"@id":"https:\/\/marcegaglia.pl\/pl\/#website"},"datePublished":"2020-04-30T08:00:43+00:00","dateModified":"2020-06-30T14:38:59+00:00","breadcrumb":{"@id":"https:\/\/marcegaglia.pl\/pl\/wyroby-plaskie-ze-stali-weglowej\/#breadcrumb"},"inLanguage":"pl-PL","potentialAction":[{"@type":"ReadAction","target":["https:\/\/marcegaglia.pl\/pl\/wyroby-plaskie-ze-stali-weglowej\/"]}]},{"@type":"BreadcrumbList","@id":"https:\/\/marcegaglia.pl\/pl\/wyroby-plaskie-ze-stali-weglowej\/#breadcrumb","itemListElement":[{"@type":"ListItem","position":1,"name":"Home","item":"https:\/\/marcegaglia.pl\/en\/"},{"@type":"ListItem","position":2,"name":"Wyroby P\u0142askie Ze Stali W\u0119glowej"}]},{"@type":"WebSite","@id":"https:\/\/marcegaglia.pl\/pl\/#website","url":"https:\/\/marcegaglia.pl\/pl\/","name":"Marcegaglia Poland","description":"We give shape to steel","publisher":{"@id":"https:\/\/marcegaglia.pl\/pl\/#organization"},"potentialAction":[{"@type":"SearchAction","target":{"@type":"EntryPoint","urlTemplate":"https:\/\/marcegaglia.pl\/pl\/?s={search_term_string}"},"query-input":{"@type":"PropertyValueSpecification","valueRequired":true,"valueName":"search_term_string"}}],"inLanguage":"pl-PL"},{"@type":"Organization","@id":"https:\/\/marcegaglia.pl\/pl\/#organization","name":"Marcegaglia Poland","url":"https:\/\/marcegaglia.pl\/pl\/","logo":{"@type":"ImageObject","inLanguage":"pl-PL","@id":"https:\/\/marcegaglia.pl\/pl\/#\/schema\/logo\/image\/","url":"https:\/\/marcegaglia.pl\/wp-content\/uploads\/2020\/05\/favicon_marcegaglia-carbon-steel_512x512.jpg","contentUrl":"https:\/\/marcegaglia.pl\/wp-content\/uploads\/2020\/05\/favicon_marcegaglia-carbon-steel_512x512.jpg","width":512,"height":512,"caption":"Marcegaglia Poland"},"image":{"@id":"https:\/\/marcegaglia.pl\/pl\/#\/schema\/logo\/image\/"}}]}},"_links":{"self":[{"href":"https:\/\/marcegaglia.pl\/pl\/wp-json\/wp\/v2\/pages\/9351","targetHints":{"allow":["GET"]}}],"collection":[{"href":"https:\/\/marcegaglia.pl\/pl\/wp-json\/wp\/v2\/pages"}],"about":[{"href":"https:\/\/marcegaglia.pl\/pl\/wp-json\/wp\/v2\/types\/page"}],"author":[{"embeddable":true,"href":"https:\/\/marcegaglia.pl\/pl\/wp-json\/wp\/v2\/users\/1"}],"replies":[{"embeddable":true,"href":"https:\/\/marcegaglia.pl\/pl\/wp-json\/wp\/v2\/comments?post=9351"}],"version-history":[{"count":5,"href":"https:\/\/marcegaglia.pl\/pl\/wp-json\/wp\/v2\/pages\/9351\/revisions"}],"predecessor-version":[{"id":13357,"href":"https:\/\/marcegaglia.pl\/pl\/wp-json\/wp\/v2\/pages\/9351\/revisions\/13357"}],"wp:attachment":[{"href":"https:\/\/marcegaglia.pl\/pl\/wp-json\/wp\/v2\/media?parent=9351"}],"curies":[{"name":"wp","href":"https:\/\/api.w.org\/{rel}","templated":true}]}}