{"id":9060,"date":"2020-03-23T09:45:39","date_gmt":"2020-03-23T09:45:39","guid":{"rendered":"https:\/\/marcegaglia.pl\/coils\/"},"modified":"2020-06-30T14:41:10","modified_gmt":"2020-06-30T14:41:10","slug":"blachy-w-kregach","status":"publish","type":"page","link":"https:\/\/marcegaglia.pl\/pl\/blachy-w-kregach\/","title":{"rendered":"Blachy w kr\u0119gach"},"content":{"rendered":"<div class=\"wpb-content-wrapper\"><p>[vc_row full_width=&#8221;stretch_row_content_no_spaces&#8221; css=&#8221;.vc_custom_1586439988199{margin-bottom: 2em !important;background-position: center !important;background-repeat: no-repeat !important;background-size: cover !important;}&#8221; el_id=&#8221;titoli_coils&#8221;][vc_column width=&#8221;1\/3&#8243; css=&#8221;.vc_custom_1586439992382{padding-top: 7em !important;padding-bottom: 7em !important;background-position: center !important;background-repeat: no-repeat !important;background-size: cover !important;}&#8221; el_id=&#8221;pickled_coils_column&#8221;][vc_column_text]<\/p>\n<h4 style=\"text-align: center;\"><span style=\"color: #ffffff;\">BLACHY TRAWIONE W KR\u0118GACH<\/span><\/h4>\n<p>[\/vc_column_text][vc_empty_space height=&#8221;15px&#8221;]<div class=\"cz_btn_center\"><div class=\"cz_11358_p\"><a id=\"cz_11358\" class=\"cz_11358 cz_btn cz_btn_txt_no_fx cz_btn_no_fx\" href=\"https:\/\/marcegaglia.pl\/pl\/blachy-trawione-w-kregach\/\" title=\"BLACHY TRAWIONE W KR\u0118GACH\" aria-label=\"BLACHY TRAWIONE W KR\u0118GACH\"><span><strong>POZNAJ NASZE WYROBY<\/strong><\/span><b class=\"cz_btn_onhover\"><strong>POZNAJ NASZE WYROBY<\/strong><\/b><\/a><\/div><\/div>[\/vc_column][vc_column width=&#8221;1\/3&#8243; css=&#8221;.vc_custom_1586440091358{padding-top: 7em !important;padding-bottom: 7em !important;background-position: center !important;background-repeat: no-repeat !important;background-size: cover !important;}&#8221; el_id=&#8221;cr_coils_column&#8221;][vc_column_text]<\/p>\n<h4 style=\"text-align: center;\"><span style=\"color: #ffffff;\">KR\u0118GI WALCOWANE NA ZIMNO<\/span><\/h4>\n<p>[\/vc_column_text][vc_empty_space height=&#8221;15px&#8221;]<div class=\"cz_btn_center\"><div class=\"cz_103419_p\"><a id=\"cz_103419\" class=\"cz_103419 cz_btn cz_btn_txt_no_fx cz_btn_no_fx\" href=\"https:\/\/marcegaglia.pl\/pl\/kregi-walcowane-na-zimno\/\" title=\"KR\u0118GI WALCOWANE NA ZIMNO\" aria-label=\"KR\u0118GI WALCOWANE NA ZIMNO\"><span><strong>POZNAJ NASZE WYROBY<\/strong><\/span><b class=\"cz_btn_onhover\"><strong>POZNAJ NASZE WYROBY<\/strong><\/b><\/a><\/div><\/div>[\/vc_column][vc_column width=&#8221;1\/3&#8243; css=&#8221;.vc_custom_1586440198771{padding-top: 7em !important;padding-bottom: 7em !important;background-position: center !important;background-repeat: no-repeat !important;background-size: cover !important;}&#8221; el_id=&#8221;galv_coils_column&#8221;][vc_column_text]<\/p>\n<h4 style=\"text-align: center;\"><span style=\"color: #ffffff;\">BLACHY W KR\u0118GACH OCYNKOWANE OGNIOWO<\/span><\/h4>\n<p>[\/vc_column_text][vc_empty_space height=&#8221;15px&#8221;]<div class=\"cz_btn_center\"><div class=\"cz_72403_p\"><a id=\"cz_72403\" class=\"cz_72403 cz_btn cz_btn_txt_no_fx cz_btn_no_fx\" href=\"https:\/\/marcegaglia.pl\/pl\/blachy-w-kregach-ocynkowane-ogniowo\/\" title=\"BLACHY W KR\u0118GACH OCYNKOWANE OGNIOWO\" aria-label=\"BLACHY W KR\u0118GACH OCYNKOWANE OGNIOWO\"><span><strong>POZNAJ NASZE WYROBY<\/strong><\/span><b class=\"cz_btn_onhover\"><strong>POZNAJ NASZE WYROBY<\/strong><\/b><\/a><\/div><\/div>[\/vc_column][\/vc_row][vc_row full_width=&#8221;stretch_row&#8221; content_placement=&#8221;middle&#8221; css=&#8221;.vc_custom_1584702828627{margin-bottom: 2em !important;background-position: center !important;background-repeat: no-repeat !important;background-size: cover !important;}&#8221;][vc_column][vc_column_text]<\/p>\n<h2><b>BLACHY W KR\u0118GACH<\/b><\/h2>\n<p><b>Wytrawiane, walcowane na zimno i ocynkowane<\/b><\/p>\n<p>Oferowana przez firm\u0119 Marcegaglia gama blach w kr\u0119gach walcowanych na gor\u0105co, <strong>na zimno, trawionych i ocynkowanych kierowana jest obecna we wszystkich sektorach produkcji p\u00f3\u0142fabrykat\u00f3w stalowych<\/strong>, w tym do przemys\u0142u mechanicznego, budowlanego i meblarskiego, produkcji opakowa\u0144, sprz\u0119tu AGD oraz system\u00f3w HVAC.<\/p>\n<p>Obr\u00f3bka kr\u0119g\u00f3w wykonywana jest przede wszystkim w zak\u0142adzie w <a href=\"http:\/\/www.marcegaglia.com\/stab_e\/ravenna\/ravenna.html\" target=\"_blank\" rel=\"noopener noreferrer\"><b>Rawennie<\/b><\/a>, b\u0119d\u0105cym r\u00f3wnie\u017c g\u0142\u00f3wnym centrum logistycznym Grupy dla ca\u0142ego obszaru \u015br\u00f3dziemnomorskiego. Marcegaglia Ravenna dysponuje now\u0105 infrastruktur\u0105 do <strong>roz\u0142adunku, prze\u0142adunku, magazynowania<\/strong> i wysy\u0142ki kr\u0119g\u00f3w. Posiada tak\u017ce wewn\u0119trzn\u0105 bocznic\u0119 kolejow\u0105 oraz w\u0142asny dok portowy o d\u0142ugo\u015bci 700 metr\u00f3w wyposa\u017cony w 5 specjalnych d\u017awig\u00f3w.<\/p>\n<p>Uruchomienie nowych du\u017cych instalacji w zak\u0142adzie w Rawennie przyczyni\u0142o si\u0119 do og\u00f3lnego wzrostu zdolno\u015bci produkcyjnych oraz do podwojenia produkcji wyrob\u00f3w cynkowanych na gor\u0105co i lakierowanych. Nowa linia do <b>stali cynkowanej o du\u017cej grubo\u015bci<\/b> umo\u017cliwia uzyskanie nowych cech technicznych i specjalnego wyko\u0144czenia powierzchni, jakimi charakteryzuje si\u0119 pow\u0142oka cynkowa o warto\u015bci od Z50 do Z600 g\/m<sup>2<\/sup>.[\/vc_column_text][\/vc_column][\/vc_row][vc_row full_width=&#8221;stretch_row&#8221; content_placement=&#8221;middle&#8221; css=&#8221;.vc_custom_1584977137323{margin-bottom: 3em !important;background-position: center !important;background-repeat: no-repeat !important;background-size: cover !important;}&#8221; el_id=&#8221;titolo_pag_prodotto_app&#8221;][vc_column][vc_column_text]<\/p>\n<h4>TYPOWE ZASTOSOWANIA<\/h4>\n<p>[\/vc_column_text][vc_empty_space][vc_row_inner css=&#8221;.vc_custom_1584956558029{margin-bottom: 2em !important;}&#8221;][vc_column_inner width=&#8221;1\/3&#8243;][vc_single_image image=&#8221;9075&#8243; img_size=&#8221;full&#8221;][\/vc_column_inner][vc_column_inner width=&#8221;1\/3&#8243;][vc_single_image image=&#8221;9076&#8243; img_size=&#8221;full&#8221;][\/vc_column_inner][vc_column_inner width=&#8221;1\/3&#8243;][vc_single_image image=&#8221;9077&#8243; img_size=&#8221;full&#8221;][\/vc_column_inner][\/vc_row_inner][\/vc_column][\/vc_row]<\/p>\n<\/div>","protected":false},"excerpt":{"rendered":"<p>[vc_row full_width=&#8221;stretch_row_content_no_spaces&#8221; css=&#8221;.vc_custom_1586439988199{margin-bottom: 2em !important;background-position: center !important;background-repeat: no-repeat !important;background-size: cover !important;}&#8221; &#8230; <\/p>\n","protected":false},"author":1,"featured_media":0,"parent":0,"menu_order":0,"comment_status":"closed","ping_status":"closed","template":"","meta":{"footnotes":""},"class_list":["post-9060","page","type-page","status-publish","hentry"],"yoast_head":"<!-- This site is optimized with the Yoast SEO plugin v27.3 - https:\/\/yoast.com\/product\/yoast-seo-wordpress\/ -->\n<title>Blachy w kr\u0119gach - Marcegaglia Poland<\/title>\n<meta name=\"robots\" content=\"index, follow, max-snippet:-1, max-image-preview:large, max-video-preview:-1\" \/>\n<link rel=\"canonical\" href=\"https:\/\/marcegaglia.pl\/pl\/blachy-w-kregach\/\" \/>\n<meta property=\"og:locale\" content=\"pl_PL\" \/>\n<meta property=\"og:type\" content=\"article\" \/>\n<meta property=\"og:title\" content=\"Blachy w kr\u0119gach - Marcegaglia Poland\" \/>\n<meta property=\"og:description\" content=\"[vc_row full_width=&#8221;stretch_row_content_no_spaces&#8221; css=&#8221;.vc_custom_1586439988199{margin-bottom: 2em !important;background-position: center !important;background-repeat: no-repeat !important;background-size: cover !important;}&#8221; ...\" \/>\n<meta property=\"og:url\" content=\"https:\/\/marcegaglia.pl\/pl\/blachy-w-kregach\/\" \/>\n<meta property=\"og:site_name\" content=\"Marcegaglia Poland\" \/>\n<meta property=\"article:modified_time\" content=\"2020-06-30T14:41:10+00:00\" \/>\n<meta property=\"og:image\" content=\"https:\/\/marcegaglia.pl\/wp-content\/uploads\/2024\/04\/marcegaglia_poland_yoast.jpg\" \/>\n\t<meta property=\"og:image:width\" content=\"600\" \/>\n\t<meta property=\"og:image:height\" content=\"338\" \/>\n\t<meta property=\"og:image:type\" content=\"image\/jpeg\" \/>\n<meta name=\"twitter:card\" content=\"summary_large_image\" \/>\n<meta name=\"twitter:label1\" content=\"Szacowany czas czytania\" \/>\n\t<meta name=\"twitter:data1\" content=\"3 minuty\" \/>\n<script type=\"application\/ld+json\" class=\"yoast-schema-graph\">{\"@context\":\"https:\\\/\\\/schema.org\",\"@graph\":[{\"@type\":\"WebPage\",\"@id\":\"https:\\\/\\\/marcegaglia.pl\\\/pl\\\/blachy-w-kregach\\\/\",\"url\":\"https:\\\/\\\/marcegaglia.pl\\\/pl\\\/blachy-w-kregach\\\/\",\"name\":\"Blachy w kr\u0119gach - Marcegaglia Poland\",\"isPartOf\":{\"@id\":\"https:\\\/\\\/marcegaglia.pl\\\/pl\\\/#website\"},\"datePublished\":\"2020-03-23T09:45:39+00:00\",\"dateModified\":\"2020-06-30T14:41:10+00:00\",\"breadcrumb\":{\"@id\":\"https:\\\/\\\/marcegaglia.pl\\\/pl\\\/blachy-w-kregach\\\/#breadcrumb\"},\"inLanguage\":\"pl-PL\",\"potentialAction\":[{\"@type\":\"ReadAction\",\"target\":[\"https:\\\/\\\/marcegaglia.pl\\\/pl\\\/blachy-w-kregach\\\/\"]}]},{\"@type\":\"BreadcrumbList\",\"@id\":\"https:\\\/\\\/marcegaglia.pl\\\/pl\\\/blachy-w-kregach\\\/#breadcrumb\",\"itemListElement\":[{\"@type\":\"ListItem\",\"position\":1,\"name\":\"Home\",\"item\":\"https:\\\/\\\/marcegaglia.pl\\\/en\\\/\"},{\"@type\":\"ListItem\",\"position\":2,\"name\":\"Blachy w kr\u0119gach\"}]},{\"@type\":\"WebSite\",\"@id\":\"https:\\\/\\\/marcegaglia.pl\\\/pl\\\/#website\",\"url\":\"https:\\\/\\\/marcegaglia.pl\\\/pl\\\/\",\"name\":\"Marcegaglia Poland\",\"description\":\"We give shape to steel\",\"publisher\":{\"@id\":\"https:\\\/\\\/marcegaglia.pl\\\/pl\\\/#organization\"},\"potentialAction\":[{\"@type\":\"SearchAction\",\"target\":{\"@type\":\"EntryPoint\",\"urlTemplate\":\"https:\\\/\\\/marcegaglia.pl\\\/pl\\\/?s={search_term_string}\"},\"query-input\":{\"@type\":\"PropertyValueSpecification\",\"valueRequired\":true,\"valueName\":\"search_term_string\"}}],\"inLanguage\":\"pl-PL\"},{\"@type\":\"Organization\",\"@id\":\"https:\\\/\\\/marcegaglia.pl\\\/pl\\\/#organization\",\"name\":\"Marcegaglia Poland\",\"url\":\"https:\\\/\\\/marcegaglia.pl\\\/pl\\\/\",\"logo\":{\"@type\":\"ImageObject\",\"inLanguage\":\"pl-PL\",\"@id\":\"https:\\\/\\\/marcegaglia.pl\\\/pl\\\/#\\\/schema\\\/logo\\\/image\\\/\",\"url\":\"https:\\\/\\\/marcegaglia.pl\\\/wp-content\\\/uploads\\\/2020\\\/05\\\/favicon_marcegaglia-carbon-steel_512x512.jpg\",\"contentUrl\":\"https:\\\/\\\/marcegaglia.pl\\\/wp-content\\\/uploads\\\/2020\\\/05\\\/favicon_marcegaglia-carbon-steel_512x512.jpg\",\"width\":512,\"height\":512,\"caption\":\"Marcegaglia Poland\"},\"image\":{\"@id\":\"https:\\\/\\\/marcegaglia.pl\\\/pl\\\/#\\\/schema\\\/logo\\\/image\\\/\"}}]}<\/script>\n<!-- \/ Yoast SEO plugin. -->","yoast_head_json":{"title":"Blachy w kr\u0119gach - Marcegaglia Poland","robots":{"index":"index","follow":"follow","max-snippet":"max-snippet:-1","max-image-preview":"max-image-preview:large","max-video-preview":"max-video-preview:-1"},"canonical":"https:\/\/marcegaglia.pl\/pl\/blachy-w-kregach\/","og_locale":"pl_PL","og_type":"article","og_title":"Blachy w kr\u0119gach - Marcegaglia Poland","og_description":"[vc_row full_width=&#8221;stretch_row_content_no_spaces&#8221; css=&#8221;.vc_custom_1586439988199{margin-bottom: 2em !important;background-position: center !important;background-repeat: no-repeat !important;background-size: cover !important;}&#8221; ...","og_url":"https:\/\/marcegaglia.pl\/pl\/blachy-w-kregach\/","og_site_name":"Marcegaglia Poland","article_modified_time":"2020-06-30T14:41:10+00:00","og_image":[{"width":600,"height":338,"url":"https:\/\/marcegaglia.pl\/wp-content\/uploads\/2024\/04\/marcegaglia_poland_yoast.jpg","type":"image\/jpeg"}],"twitter_card":"summary_large_image","twitter_misc":{"Szacowany czas czytania":"3 minuty"},"schema":{"@context":"https:\/\/schema.org","@graph":[{"@type":"WebPage","@id":"https:\/\/marcegaglia.pl\/pl\/blachy-w-kregach\/","url":"https:\/\/marcegaglia.pl\/pl\/blachy-w-kregach\/","name":"Blachy w kr\u0119gach - Marcegaglia Poland","isPartOf":{"@id":"https:\/\/marcegaglia.pl\/pl\/#website"},"datePublished":"2020-03-23T09:45:39+00:00","dateModified":"2020-06-30T14:41:10+00:00","breadcrumb":{"@id":"https:\/\/marcegaglia.pl\/pl\/blachy-w-kregach\/#breadcrumb"},"inLanguage":"pl-PL","potentialAction":[{"@type":"ReadAction","target":["https:\/\/marcegaglia.pl\/pl\/blachy-w-kregach\/"]}]},{"@type":"BreadcrumbList","@id":"https:\/\/marcegaglia.pl\/pl\/blachy-w-kregach\/#breadcrumb","itemListElement":[{"@type":"ListItem","position":1,"name":"Home","item":"https:\/\/marcegaglia.pl\/en\/"},{"@type":"ListItem","position":2,"name":"Blachy w kr\u0119gach"}]},{"@type":"WebSite","@id":"https:\/\/marcegaglia.pl\/pl\/#website","url":"https:\/\/marcegaglia.pl\/pl\/","name":"Marcegaglia Poland","description":"We give shape to steel","publisher":{"@id":"https:\/\/marcegaglia.pl\/pl\/#organization"},"potentialAction":[{"@type":"SearchAction","target":{"@type":"EntryPoint","urlTemplate":"https:\/\/marcegaglia.pl\/pl\/?s={search_term_string}"},"query-input":{"@type":"PropertyValueSpecification","valueRequired":true,"valueName":"search_term_string"}}],"inLanguage":"pl-PL"},{"@type":"Organization","@id":"https:\/\/marcegaglia.pl\/pl\/#organization","name":"Marcegaglia Poland","url":"https:\/\/marcegaglia.pl\/pl\/","logo":{"@type":"ImageObject","inLanguage":"pl-PL","@id":"https:\/\/marcegaglia.pl\/pl\/#\/schema\/logo\/image\/","url":"https:\/\/marcegaglia.pl\/wp-content\/uploads\/2020\/05\/favicon_marcegaglia-carbon-steel_512x512.jpg","contentUrl":"https:\/\/marcegaglia.pl\/wp-content\/uploads\/2020\/05\/favicon_marcegaglia-carbon-steel_512x512.jpg","width":512,"height":512,"caption":"Marcegaglia Poland"},"image":{"@id":"https:\/\/marcegaglia.pl\/pl\/#\/schema\/logo\/image\/"}}]}},"_links":{"self":[{"href":"https:\/\/marcegaglia.pl\/pl\/wp-json\/wp\/v2\/pages\/9060","targetHints":{"allow":["GET"]}}],"collection":[{"href":"https:\/\/marcegaglia.pl\/pl\/wp-json\/wp\/v2\/pages"}],"about":[{"href":"https:\/\/marcegaglia.pl\/pl\/wp-json\/wp\/v2\/types\/page"}],"author":[{"embeddable":true,"href":"https:\/\/marcegaglia.pl\/pl\/wp-json\/wp\/v2\/users\/1"}],"replies":[{"embeddable":true,"href":"https:\/\/marcegaglia.pl\/pl\/wp-json\/wp\/v2\/comments?post=9060"}],"version-history":[{"count":5,"href":"https:\/\/marcegaglia.pl\/pl\/wp-json\/wp\/v2\/pages\/9060\/revisions"}],"predecessor-version":[{"id":13358,"href":"https:\/\/marcegaglia.pl\/pl\/wp-json\/wp\/v2\/pages\/9060\/revisions\/13358"}],"wp:attachment":[{"href":"https:\/\/marcegaglia.pl\/pl\/wp-json\/wp\/v2\/media?parent=9060"}],"curies":[{"name":"wp","href":"https:\/\/api.w.org\/{rel}","templated":true}]}}