{"id":9033,"date":"2020-03-23T15:29:26","date_gmt":"2020-03-23T15:29:26","guid":{"rendered":"https:\/\/marcegaglia.pl\/pickled-coils\/"},"modified":"2020-07-13T08:38:02","modified_gmt":"2020-07-13T08:38:02","slug":"blachy-trawione-w-kregach","status":"publish","type":"page","link":"https:\/\/marcegaglia.pl\/pl\/blachy-trawione-w-kregach\/","title":{"rendered":"Blachy trawione w kr\u0119gach"},"content":{"rendered":"<div class=\"wpb-content-wrapper\"><p>[vc_row full_width=&#8221;stretch_row_content_no_spaces&#8221; css=&#8221;.vc_custom_1588597269978{margin-bottom: 2em !important;background-image: url(https:\/\/marcegaglia.pl\/wp-content\/uploads\/2020\/04\/Marcegaglia-carbon-steel-pickled-coils-decapati-1.jpg?id=5912) !important;background-position: center !important;background-repeat: no-repeat !important;background-size: cover !important;}&#8221; el_id=&#8221;desk&#8221;][vc_column css=&#8221;.vc_custom_1588591974425{padding-top: 10em !important;padding-bottom: 10em !important;background-position: center !important;background-repeat: no-repeat !important;background-size: cover !important;}&#8221; el_id=&#8221;desk&#8221; offset=&#8221;vc_hidden-sm vc_hidden-xs&#8221;][\/vc_column][\/vc_row][vc_row full_width=&#8221;stretch_row_content_no_spaces&#8221; css=&#8221;.vc_custom_1588597839929{margin-bottom: 2em !important;padding-top: 5em !important;padding-bottom: 5em !important;background-image: url(https:\/\/marcegaglia.pl\/wp-content\/uploads\/2020\/05\/Marcegaglia-carbon-steel-pickled-coils-decapati_1400x700.jpg?id=11147) !important;background-position: center !important;background-repeat: no-repeat !important;background-size: cover !important;}&#8221; el_id=&#8221;resp&#8221;][vc_column css=&#8221;.vc_custom_1588592239658{background-position: center !important;background-repeat: no-repeat !important;background-size: cover !important;}&#8221; el_id=&#8221;resp&#8221; offset=&#8221;vc_hidden-lg vc_hidden-md&#8221;][\/vc_column][\/vc_row][vc_row full_width=&#8221;stretch_row&#8221; css=&#8221;.vc_custom_1585049350308{margin-bottom: 2em !important;background-position: center !important;background-repeat: no-repeat !important;background-size: cover !important;}&#8221;][vc_column][vc_column_text]\/<a href=\"https:\/\/marcegaglia.pl\/pl\/zwoje-blachy\/\">Zwoje Blachy<\/a>\/Blachy trawione w kr\u0119gach[\/vc_column_text][\/vc_column][\/vc_row][vc_row full_width=&#8221;stretch_row&#8221; css=&#8221;.vc_custom_1585324797481{margin-bottom: 4em !important;background-position: center !important;background-repeat: no-repeat !important;background-size: cover !important;}&#8221;][vc_column width=&#8221;1\/2&#8243;][vc_column_text]<\/p>\n<h2>BLACHY TRAWIONE W KR\u0118GACH<\/h2>\n<p>[\/vc_column_text][vc_empty_space height=&#8221;20px&#8221;][vc_column_text]Marcegaglia Poland oferuje szeroki asortyment <strong>blach trawionych w kr\u0119gach<\/strong> zgodnych z norm\u0105 EN 10025-2, ta\u015bm ze stali strukturalnych niestopowych wed\u0142ug normy EN 10025-5, blach ze stali strukturalnych o podwy\u017cszonej odporno\u015bci na korozj\u0119 atmosferyczn\u0105 zgodnych z EN 10149-2, stali o podwy\u017cszonej wytrzyma\u0142o\u015bci do kszta\u0142towania na zimno wed\u0142ug EN 10111, blach ze stali niskow\u0119glowej, walcowanej na gor\u0105co, przeznaczonych do dalszej obr\u00f3bki na zimno.[\/vc_column_text][vc_empty_space height=&#8221;20px&#8221;][vc_row_inner el_id=&#8221;resp&#8221; css=&#8221;.vc_custom_1594629459774{margin-bottom: 1em !important;}&#8221;][vc_column_inner width=&#8221;1\/4&#8243; css=&#8221;.vc_custom_1594629466572{margin-right: 0px !important;}&#8221; offset=&#8221;vc_col-xs-4&#8243;][vc_single_image image=&#8221;12695&#8243; img_size=&#8221;full&#8221; onclick=&#8221;custom_link&#8221; img_link_target=&#8221;_blank&#8221; link=&#8221;https:\/\/marcegaglia.pl\/wp-content\/uploads\/2020\/04\/Marcegaglia-carbon-steel-pickled-coils.pdf&#8221;][\/vc_column_inner][vc_column_inner width=&#8221;1\/4&#8243; offset=&#8221;vc_col-xs-4&#8243;][vc_single_image image=&#8221;9042&#8243; img_size=&#8221;full&#8221; onclick=&#8221;custom_link&#8221; img_link_target=&#8221;_blank&#8221; link=&#8221;https:\/\/www.publications.marcegaglia.com\/wp-content\/uploads\/downloads\/2017\/05\/MM-CS_FLATS_apr20171.pdf&#8221;][\/vc_column_inner][vc_column_inner width=&#8221;1\/4&#8243; offset=&#8221;vc_col-xs-4&#8243;][vc_single_image image=&#8221;9052&#8243; img_size=&#8221;full&#8221; onclick=&#8221;custom_link&#8221; img_link_target=&#8221;_blank&#8221; link=&#8221;https:\/\/marcegaglia.pl\/wp-content\/uploads\/2020\/04\/Marcegaglia-carbon-steel-coils-standard-packaging.pdf&#8221;][\/vc_column_inner][vc_column_inner width=&#8221;1\/4&#8243;][\/vc_column_inner][\/vc_row_inner][vc_column_text]<\/p>\n<div style=\"overflow-x: auto;\">\n<table style=\"width: 100%;\" border=\"0\" cellspacing=\"0\" cellpadding=\"4\">\n<tbody>\n<tr>\n<td style=\"text-align: left; color: #fff;\" colspan=\"4\" bgcolor=\"#36424a\"><strong>ASORTYMENT WYROB\u00d3W<br \/>\n<\/strong><\/td>\n<\/tr>\n<tr bgcolor=\"#d6d9d\">\n<td style=\"text-align: center;\" rowspan=\"2\"><strong>Grubo\u015b\u0107<\/strong> (mm)<\/td>\n<td style=\"text-align: center;\" colspan=\"3\"><strong>Szeroko\u015b\u0107<\/strong> (mm)<\/td>\n<\/tr>\n<tr bgcolor=\"#d6d9d\">\n<td style=\"text-align: center;\"><strong>1000<\/strong><\/td>\n<td style=\"text-align: center;\"><strong>1250<\/strong><\/td>\n<td style=\"text-align: center;\"><strong>1500<\/strong><\/td>\n<\/tr>\n<tr>\n<td bgcolor=\"#d6d9d\"><strong>1.20 \u00f7 1.49<\/strong><\/td>\n<td style=\"text-align: center;\"><strong>\u2022<\/strong><\/td>\n<td style=\"text-align: center;\"><strong>\u2022<\/strong><\/td>\n<td style=\"text-align: center;\"><strong>\u2022<\/strong><\/td>\n<\/tr>\n<tr>\n<td bgcolor=\"#d6d9d\"><strong>1.50 \u00f7 1.79<\/strong><\/td>\n<td style=\"text-align: center;\"><strong>\u2022<\/strong><\/td>\n<td style=\"text-align: center;\"><strong>\u2022<\/strong><\/td>\n<td style=\"text-align: center;\"><strong>\u2022<\/strong><\/td>\n<\/tr>\n<tr>\n<td bgcolor=\"#d6d9d\"><strong>1.80 \u00f7 1.99<\/strong><\/td>\n<td style=\"text-align: center;\"><strong>\u2022<\/strong><\/td>\n<td style=\"text-align: center;\"><strong>\u2022<\/strong><\/td>\n<td style=\"text-align: center;\"><strong>\u2022<\/strong><\/td>\n<\/tr>\n<tr>\n<td bgcolor=\"#d6d9d\"><strong>2.00 \u00f7 2.49<\/strong><\/td>\n<td style=\"text-align: center;\"><strong>\u2022<\/strong><\/td>\n<td style=\"text-align: center;\"><strong>\u2022<\/strong><\/td>\n<td style=\"text-align: center;\"><strong>\u2022<\/strong><\/td>\n<\/tr>\n<tr>\n<td bgcolor=\"#d6d9d\"><strong>2.50 \u00f7 2.99<\/strong><\/td>\n<td style=\"text-align: center;\"><strong>\u2022<\/strong><\/td>\n<td style=\"text-align: center;\"><strong>\u2022<\/strong><\/td>\n<td style=\"text-align: center;\"><strong>\u2022<\/strong><\/td>\n<\/tr>\n<tr>\n<td bgcolor=\"#d6d9d\"><strong>3.00 \u00f7 3.49<\/strong><\/td>\n<td style=\"text-align: center;\"><strong>\u2022<\/strong><\/td>\n<td style=\"text-align: center;\"><strong>\u2022<\/strong><\/td>\n<td style=\"text-align: center;\"><strong>\u2022<\/strong><\/td>\n<\/tr>\n<tr>\n<td bgcolor=\"#d6d9d\"><strong>3.50 \u00f7 3.99<\/strong><\/td>\n<td style=\"text-align: center;\"><strong>\u2022<\/strong><\/td>\n<td style=\"text-align: center;\"><strong>\u2022<\/strong><\/td>\n<td style=\"text-align: center;\"><strong>\u2022<\/strong><\/td>\n<\/tr>\n<tr>\n<td bgcolor=\"#d6d9d\"><strong>4.00 \u00f7 4.99<\/strong><\/td>\n<td style=\"text-align: center;\"><strong>\u2022<\/strong><\/td>\n<td style=\"text-align: center;\"><strong>\u2022<\/strong><\/td>\n<td style=\"text-align: center;\"><strong>\u2022<\/strong><\/td>\n<\/tr>\n<tr>\n<td bgcolor=\"#d6d9d\"><strong>5.00 \u00f7 6.00<\/strong><\/td>\n<td style=\"text-align: center;\"><strong>\u2022<\/strong><\/td>\n<td style=\"text-align: center;\"><strong>\u2022<\/strong><\/td>\n<td style=\"text-align: center;\"><strong>\u2022<\/strong><\/td>\n<\/tr>\n<\/tbody>\n<\/table>\n<\/div>\n<p>[\/vc_column_text][vc_empty_space]<div id=\"cz_27052\" data-arrows='{\"open\":\"fa fa-angle-down\",\"close\":\"fa fa-angle-up\"}' class=\"cz_27052 cz_acc clr cz_acc_toggle\"><div><div id=\"\"><span class=\"cz_acc_child\"><div>NORMY PRODUKCYJNE | OZNACZENIE PRODUKTU<\/div><\/span><div class=\"cz_acc_child_content clr\">[vc_column_text]<\/p>\n<table id=\"manufacturing_table\" style=\"width: 100%;\" border=\"0\" cellspacing=\"0\" cellpadding=\"0\">\n<tbody>\n<tr>\n<td><strong>EN 10025-2<\/strong><\/td>\n<td align=\"left\">Blachy ze stali strukturalnych niestopowych<\/td>\n<\/tr>\n<tr bgcolor=\"#d6d9d\">\n<td><strong>EN 10025-5<\/strong><\/td>\n<td align=\"left\">Blachy ze stali strukturalnych o podwy\u017cszonej odporno\u015bci na korozj\u0119 atmosferyczn\u0105<\/td>\n<\/tr>\n<tr>\n<td><strong>EN 10149-2<\/strong><\/td>\n<td align=\"left\">Blachy ze stali o podwy\u017cszonej wytrzyma\u0142o\u015bci do kszta\u0142towania na zimno<\/td>\n<\/tr>\n<tr bgcolor=\"#d6d9d\">\n<td><strong>EN 10111<\/strong><\/td>\n<td align=\"left\">Blachy ze stali niskow\u0119glowych, walcowane na gor\u0105co, do kszta\u0142towania na zimno<\/td>\n<\/tr>\n<tr>\n<td colspan=\"2\" align=\"left\">Na \u017cyczenie oferujemy r\u00f3wnie\u017c inne gatunki stali, ni\u017c o wy\u017cej wymienionych w\u0142a\u015bciwo\u015bciach lub gatunki wg wymaga\u0144 klienta, w tym firm motoryzacyjnych.<\/td>\n<\/tr>\n<\/tbody>\n<\/table>\n<p>[\/vc_column_text]<\/div><\/div><\/div><\/div>[vc_empty_space][vc_column_text]<\/p>\n<table id=\"supply_conditions\" style=\"width: 100%;\" border=\"0\" cellspacing=\"0\" cellpadding=\"0\">\n<tbody>\n<tr>\n<td style=\"color: #fff;\" align=\"left\" valign=\"top\" bgcolor=\"#36424a\" width=\"145\"><strong>WARUNKI DOSTAWY<\/strong><\/td>\n<\/tr>\n<tr>\n<td align=\"left\">\n<ul>\n<li>Inne tolerancje na \u017cyczenie klienta<\/li>\n<li>Dokumenty kontrolne 2.1, 2.2, 3.1, 3.2 wed\u0142ug normy EN 10204 oraz parametr\u00f3w okre\u015blonych poszczeg\u00f3lnymi normami<\/li>\n<\/ul>\n<\/td>\n<\/tr>\n<\/tbody>\n<\/table>\n<p>[\/vc_column_text][\/vc_column][vc_column width=&#8221;1\/2&#8243;][vc_row_inner el_id=&#8221;desk&#8221;][vc_column_inner width=&#8221;1\/4&#8243; css=&#8221;.vc_custom_1585563575399{margin-right: 0px !important;}&#8221;][vc_single_image image=&#8221;12695&#8243; img_size=&#8221;full&#8221; onclick=&#8221;custom_link&#8221; img_link_target=&#8221;_blank&#8221; link=&#8221;https:\/\/marcegaglia.pl\/wp-content\/uploads\/2020\/04\/Marcegaglia-carbon-steel-pickled-coils.pdf&#8221;][\/vc_column_inner][vc_column_inner width=&#8221;1\/4&#8243;][vc_single_image image=&#8221;9042&#8243; img_size=&#8221;full&#8221; onclick=&#8221;custom_link&#8221; img_link_target=&#8221;_blank&#8221; link=&#8221;https:\/\/www.publications.marcegaglia.com\/wp-content\/uploads\/downloads\/2017\/05\/MM-CS_FLATS_apr20171.pdf&#8221;][\/vc_column_inner][vc_column_inner width=&#8221;1\/4&#8243;][vc_single_image image=&#8221;9052&#8243; img_size=&#8221;full&#8221; onclick=&#8221;custom_link&#8221; img_link_target=&#8221;_blank&#8221; link=&#8221;https:\/\/marcegaglia.pl\/wp-content\/uploads\/2020\/04\/Marcegaglia-carbon-steel-coils-standard-packaging.pdf&#8221;][\/vc_column_inner][vc_column_inner width=&#8221;1\/4&#8243;][\/vc_column_inner][\/vc_row_inner]<div class=\"\"><div class=\"cz_64948_p\"><a id=\"cz_64948\" class=\"cz_64948 cz_btn cz_btn_txt_no_fx cz_btn_no_fx cz_btn_icon_after cz_mobile_btn_center\" href=\"https:\/\/marcegaglia.pl\/pl\/przyklady-standardowych-opakowan\/\" title=\"Przejd\u017a do opakowa\u0144 standardowych\" aria-label=\"Przejd\u017a do opakowa\u0144 standardowych\"><span><strong>Przejd\u017a do opakowa\u0144 standardowych<\/strong><i class=\"fa czico-188-arrows-2\"><\/i><\/span><b class=\"cz_btn_onhover\"><strong>Przejd\u017a do opakowa\u0144 standardowych<\/strong><i class=\"fa czico-188-arrows-2\"><\/i><\/b><\/a><\/div><\/div>[vc_empty_space height=&#8221;30px&#8221;]<div id=\"cz_102453\" class=\"cz_102453 slick arrows_mlr no_dots arrows_inner\" data-slick='{\"selector\":\"\",\"slidesToShow\":1,\"slidesToScroll\":1,\"rows\":1,\"fade\":true,\"vertical\":false,\"verticalSwiping\":false,\"infinite\":false,\"speed\":1000,\"swipeToSlide\":true,\"centerMode\":false,\"centerPadding\":\"\",\"variableWidth\":false,\"autoplay\":false,\"autoplaySpeed\":4000,\"dots\":true,\"counts\":false,\"adaptiveHeight\":false,\"responsive\":[{\"breakpoint\":769,\"settings\":{\"slidesToShow\":1,\"slidesToScroll\":1,\"infinite\":true,\"touchMove\":true}},{\"breakpoint\":481,\"settings\":{\"slidesToShow\":1,\"slidesToScroll\":1,\"infinite\":true,\"touchMove\":true}}]}' data-slick-prev=\"fa fa-chevron-left\" data-slick-next=\"fa fa-chevron-right\">[vc_single_image image=&#8221;9054&#8243; img_size=&#8221;full&#8221; alignment=&#8221;center&#8221;][vc_single_image image=&#8221;9055&#8243; img_size=&#8221;full&#8221; alignment=&#8221;center&#8221;][vc_single_image image=&#8221;9056&#8243; img_size=&#8221;full&#8221; alignment=&#8221;center&#8221;][vc_single_image image=&#8221;9057&#8243; img_size=&#8221;full&#8221; alignment=&#8221;center&#8221;]<\/div><div><\/div>[vc_empty_space height=&#8221;40px&#8221;][vc_column_text]<\/p>\n<h4>\u017b\u0105danie informacji<\/h4>\n<p>[\/vc_column_text][vc_empty_space height=&#8221;20px&#8221;][vc_column_text]\n<div class=\"wpcf7 no-js\" id=\"wpcf7-f12802-o1\" lang=\"it-IT\" dir=\"ltr\" data-wpcf7-id=\"12802\">\n<div class=\"screen-reader-response\"><p role=\"status\" aria-live=\"polite\" aria-atomic=\"true\"><\/p> <ul><\/ul><\/div>\n<form action=\"\/pl\/wp-json\/wp\/v2\/pages\/9033#wpcf7-f12802-o1\" method=\"post\" class=\"wpcf7-form init\" aria-label=\"Modulo di contatto\" novalidate=\"novalidate\" data-status=\"init\">\n<fieldset class=\"hidden-fields-container\"><input type=\"hidden\" name=\"_wpcf7\" value=\"12802\" \/><input type=\"hidden\" name=\"_wpcf7_version\" value=\"6.1\" \/><input type=\"hidden\" name=\"_wpcf7_locale\" value=\"it_IT\" \/><input type=\"hidden\" name=\"_wpcf7_unit_tag\" value=\"wpcf7-f12802-o1\" \/><input type=\"hidden\" name=\"_wpcf7_container_post\" value=\"0\" \/><input type=\"hidden\" name=\"_wpcf7_posted_data_hash\" value=\"\" \/><input type=\"hidden\" name=\"_wpcf7_recaptcha_response\" value=\"\" \/>\n<\/fieldset>\n<div id=\"cf_info\">\n\t<div class=\"vc_row\">\n\t\t<div class=\"vc_col-md-6\">\n\t\t\t<p><span> Imi\u0119 * <\/span><br \/>\n<span class=\"wpcf7-form-control-wrap\" data-name=\"your-name\"><input size=\"40\" maxlength=\"400\" class=\"wpcf7-form-control wpcf7-text wpcf7-validates-as-required\" aria-required=\"true\" aria-invalid=\"false\" value=\"\" type=\"text\" name=\"your-name\" \/><\/span>\n\t\t\t<\/p>\n\t\t<\/div>\n\t\t<div class=\"vc_col-md-6\">\n\t\t\t<p><span> Email * <\/span><br \/>\n<span class=\"wpcf7-form-control-wrap\" data-name=\"your-email\"><input size=\"40\" maxlength=\"400\" class=\"wpcf7-form-control wpcf7-email wpcf7-validates-as-required wpcf7-text wpcf7-validates-as-email\" aria-required=\"true\" aria-invalid=\"false\" value=\"\" type=\"email\" name=\"your-email\" \/><\/span>\n\t\t\t<\/p>\n\t\t<\/div>\n\t\t<div class=\"vc_col-md-12\">\n\t\t\t<p><span> Temat <\/span><br \/>\n<span class=\"wpcf7-form-control-wrap\" data-name=\"your-subject\"><input size=\"40\" maxlength=\"400\" class=\"wpcf7-form-control wpcf7-text\" aria-invalid=\"false\" value=\"\" type=\"text\" name=\"your-subject\" \/><\/span>\n\t\t\t<\/p>\n\t\t<\/div>\n\t\t<div class=\"vc_col-md-12\">\n\t\t\t<p><span class=\"wpcf7-form-control-wrap\" data-name=\"your-message\"><textarea cols=\"40\" rows=\"10\" maxlength=\"2000\" class=\"wpcf7-form-control wpcf7-textarea\" aria-invalid=\"false\" placeholder=\"Wpisz swoj\u0105 wiadomo\u015b\u0107 tutaj..\" name=\"your-message\"><\/textarea><\/span>\n\t\t\t<\/p>\n\t\t<\/div>\n\t\t<div class=\"vc_col-md-12\">\n\t\t\t<p><input class=\"wpcf7-form-control wpcf7-submit has-spinner\" type=\"submit\" value=\"Wy\u015blij\" \/>\n\t\t\t<\/p>\n\t\t<\/div>\n\t<\/div>\n<\/div><input type='hidden' class='wpcf7-pum' value='{\"closepopup\":false,\"closedelay\":0,\"openpopup\":false,\"openpopup_id\":0}' \/><div class=\"wpcf7-response-output\" aria-hidden=\"true\"><\/div>\n<\/form>\n<\/div>\n[\/vc_column_text][\/vc_column][\/vc_row]<\/p>\n<\/div>","protected":false},"excerpt":{"rendered":"<p>[vc_row full_width=&#8221;stretch_row_content_no_spaces&#8221; css=&#8221;.vc_custom_1588597269978{margin-bottom: 2em !important;background-image: url(https:\/\/marcegaglia.pl\/wp-content\/uploads\/2020\/04\/Marcegaglia-carbon-steel-pickled-coils-decapati-1.jpg?id=5912) !important;background-position: center !important;background-repeat: no-repeat !important;background-size: &#8230; <\/p>\n","protected":false},"author":1,"featured_media":0,"parent":0,"menu_order":0,"comment_status":"closed","ping_status":"closed","template":"","meta":{"footnotes":""},"class_list":["post-9033","page","type-page","status-publish","hentry"],"yoast_head":"<!-- This site is optimized with the Yoast SEO plugin v27.3 - https:\/\/yoast.com\/product\/yoast-seo-wordpress\/ -->\n<title>Blachy trawione w kr\u0119gach - Marcegaglia Poland<\/title>\n<meta name=\"robots\" content=\"index, follow, max-snippet:-1, max-image-preview:large, max-video-preview:-1\" \/>\n<link rel=\"canonical\" href=\"https:\/\/marcegaglia.pl\/pl\/blachy-trawione-w-kregach\/\" \/>\n<meta property=\"og:locale\" content=\"pl_PL\" \/>\n<meta property=\"og:type\" content=\"article\" \/>\n<meta property=\"og:title\" content=\"Blachy trawione w kr\u0119gach - Marcegaglia Poland\" \/>\n<meta property=\"og:description\" content=\"[vc_row full_width=&#8221;stretch_row_content_no_spaces&#8221; css=&#8221;.vc_custom_1588597269978{margin-bottom: 2em !important;background-image: url(https:\/\/marcegaglia.pl\/wp-content\/uploads\/2020\/04\/Marcegaglia-carbon-steel-pickled-coils-decapati-1.jpg?id=5912) !important;background-position: center !important;background-repeat: no-repeat !important;background-size: ...\" \/>\n<meta property=\"og:url\" content=\"https:\/\/marcegaglia.pl\/pl\/blachy-trawione-w-kregach\/\" \/>\n<meta property=\"og:site_name\" content=\"Marcegaglia Poland\" \/>\n<meta property=\"article:modified_time\" content=\"2020-07-13T08:38:02+00:00\" \/>\n<meta property=\"og:image\" content=\"https:\/\/marcegaglia.pl\/wp-content\/uploads\/2024\/04\/marcegaglia_poland_yoast.jpg\" \/>\n\t<meta property=\"og:image:width\" content=\"600\" \/>\n\t<meta property=\"og:image:height\" content=\"338\" \/>\n\t<meta property=\"og:image:type\" content=\"image\/jpeg\" \/>\n<meta name=\"twitter:card\" content=\"summary_large_image\" \/>\n<meta name=\"twitter:label1\" content=\"Szacowany czas czytania\" \/>\n\t<meta name=\"twitter:data1\" content=\"4 minuty\" \/>\n<script type=\"application\/ld+json\" class=\"yoast-schema-graph\">{\"@context\":\"https:\\\/\\\/schema.org\",\"@graph\":[{\"@type\":\"WebPage\",\"@id\":\"https:\\\/\\\/marcegaglia.pl\\\/pl\\\/blachy-trawione-w-kregach\\\/\",\"url\":\"https:\\\/\\\/marcegaglia.pl\\\/pl\\\/blachy-trawione-w-kregach\\\/\",\"name\":\"Blachy trawione w kr\u0119gach - Marcegaglia Poland\",\"isPartOf\":{\"@id\":\"https:\\\/\\\/marcegaglia.pl\\\/pl\\\/#website\"},\"datePublished\":\"2020-03-23T15:29:26+00:00\",\"dateModified\":\"2020-07-13T08:38:02+00:00\",\"breadcrumb\":{\"@id\":\"https:\\\/\\\/marcegaglia.pl\\\/pl\\\/blachy-trawione-w-kregach\\\/#breadcrumb\"},\"inLanguage\":\"pl-PL\",\"potentialAction\":[{\"@type\":\"ReadAction\",\"target\":[\"https:\\\/\\\/marcegaglia.pl\\\/pl\\\/blachy-trawione-w-kregach\\\/\"]}]},{\"@type\":\"BreadcrumbList\",\"@id\":\"https:\\\/\\\/marcegaglia.pl\\\/pl\\\/blachy-trawione-w-kregach\\\/#breadcrumb\",\"itemListElement\":[{\"@type\":\"ListItem\",\"position\":1,\"name\":\"Home\",\"item\":\"https:\\\/\\\/marcegaglia.pl\\\/en\\\/\"},{\"@type\":\"ListItem\",\"position\":2,\"name\":\"Blachy trawione w kr\u0119gach\"}]},{\"@type\":\"WebSite\",\"@id\":\"https:\\\/\\\/marcegaglia.pl\\\/pl\\\/#website\",\"url\":\"https:\\\/\\\/marcegaglia.pl\\\/pl\\\/\",\"name\":\"Marcegaglia Poland\",\"description\":\"We give shape to steel\",\"publisher\":{\"@id\":\"https:\\\/\\\/marcegaglia.pl\\\/pl\\\/#organization\"},\"potentialAction\":[{\"@type\":\"SearchAction\",\"target\":{\"@type\":\"EntryPoint\",\"urlTemplate\":\"https:\\\/\\\/marcegaglia.pl\\\/pl\\\/?s={search_term_string}\"},\"query-input\":{\"@type\":\"PropertyValueSpecification\",\"valueRequired\":true,\"valueName\":\"search_term_string\"}}],\"inLanguage\":\"pl-PL\"},{\"@type\":\"Organization\",\"@id\":\"https:\\\/\\\/marcegaglia.pl\\\/pl\\\/#organization\",\"name\":\"Marcegaglia Poland\",\"url\":\"https:\\\/\\\/marcegaglia.pl\\\/pl\\\/\",\"logo\":{\"@type\":\"ImageObject\",\"inLanguage\":\"pl-PL\",\"@id\":\"https:\\\/\\\/marcegaglia.pl\\\/pl\\\/#\\\/schema\\\/logo\\\/image\\\/\",\"url\":\"https:\\\/\\\/marcegaglia.pl\\\/wp-content\\\/uploads\\\/2020\\\/05\\\/favicon_marcegaglia-carbon-steel_512x512.jpg\",\"contentUrl\":\"https:\\\/\\\/marcegaglia.pl\\\/wp-content\\\/uploads\\\/2020\\\/05\\\/favicon_marcegaglia-carbon-steel_512x512.jpg\",\"width\":512,\"height\":512,\"caption\":\"Marcegaglia Poland\"},\"image\":{\"@id\":\"https:\\\/\\\/marcegaglia.pl\\\/pl\\\/#\\\/schema\\\/logo\\\/image\\\/\"}}]}<\/script>\n<!-- \/ Yoast SEO plugin. -->","yoast_head_json":{"title":"Blachy trawione w kr\u0119gach - Marcegaglia Poland","robots":{"index":"index","follow":"follow","max-snippet":"max-snippet:-1","max-image-preview":"max-image-preview:large","max-video-preview":"max-video-preview:-1"},"canonical":"https:\/\/marcegaglia.pl\/pl\/blachy-trawione-w-kregach\/","og_locale":"pl_PL","og_type":"article","og_title":"Blachy trawione w kr\u0119gach - Marcegaglia Poland","og_description":"[vc_row full_width=&#8221;stretch_row_content_no_spaces&#8221; css=&#8221;.vc_custom_1588597269978{margin-bottom: 2em !important;background-image: url(https:\/\/marcegaglia.pl\/wp-content\/uploads\/2020\/04\/Marcegaglia-carbon-steel-pickled-coils-decapati-1.jpg?id=5912) !important;background-position: center !important;background-repeat: no-repeat !important;background-size: ...","og_url":"https:\/\/marcegaglia.pl\/pl\/blachy-trawione-w-kregach\/","og_site_name":"Marcegaglia Poland","article_modified_time":"2020-07-13T08:38:02+00:00","og_image":[{"width":600,"height":338,"url":"https:\/\/marcegaglia.pl\/wp-content\/uploads\/2024\/04\/marcegaglia_poland_yoast.jpg","type":"image\/jpeg"}],"twitter_card":"summary_large_image","twitter_misc":{"Szacowany czas czytania":"4 minuty"},"schema":{"@context":"https:\/\/schema.org","@graph":[{"@type":"WebPage","@id":"https:\/\/marcegaglia.pl\/pl\/blachy-trawione-w-kregach\/","url":"https:\/\/marcegaglia.pl\/pl\/blachy-trawione-w-kregach\/","name":"Blachy trawione w kr\u0119gach - Marcegaglia Poland","isPartOf":{"@id":"https:\/\/marcegaglia.pl\/pl\/#website"},"datePublished":"2020-03-23T15:29:26+00:00","dateModified":"2020-07-13T08:38:02+00:00","breadcrumb":{"@id":"https:\/\/marcegaglia.pl\/pl\/blachy-trawione-w-kregach\/#breadcrumb"},"inLanguage":"pl-PL","potentialAction":[{"@type":"ReadAction","target":["https:\/\/marcegaglia.pl\/pl\/blachy-trawione-w-kregach\/"]}]},{"@type":"BreadcrumbList","@id":"https:\/\/marcegaglia.pl\/pl\/blachy-trawione-w-kregach\/#breadcrumb","itemListElement":[{"@type":"ListItem","position":1,"name":"Home","item":"https:\/\/marcegaglia.pl\/en\/"},{"@type":"ListItem","position":2,"name":"Blachy trawione w kr\u0119gach"}]},{"@type":"WebSite","@id":"https:\/\/marcegaglia.pl\/pl\/#website","url":"https:\/\/marcegaglia.pl\/pl\/","name":"Marcegaglia Poland","description":"We give shape to steel","publisher":{"@id":"https:\/\/marcegaglia.pl\/pl\/#organization"},"potentialAction":[{"@type":"SearchAction","target":{"@type":"EntryPoint","urlTemplate":"https:\/\/marcegaglia.pl\/pl\/?s={search_term_string}"},"query-input":{"@type":"PropertyValueSpecification","valueRequired":true,"valueName":"search_term_string"}}],"inLanguage":"pl-PL"},{"@type":"Organization","@id":"https:\/\/marcegaglia.pl\/pl\/#organization","name":"Marcegaglia Poland","url":"https:\/\/marcegaglia.pl\/pl\/","logo":{"@type":"ImageObject","inLanguage":"pl-PL","@id":"https:\/\/marcegaglia.pl\/pl\/#\/schema\/logo\/image\/","url":"https:\/\/marcegaglia.pl\/wp-content\/uploads\/2020\/05\/favicon_marcegaglia-carbon-steel_512x512.jpg","contentUrl":"https:\/\/marcegaglia.pl\/wp-content\/uploads\/2020\/05\/favicon_marcegaglia-carbon-steel_512x512.jpg","width":512,"height":512,"caption":"Marcegaglia Poland"},"image":{"@id":"https:\/\/marcegaglia.pl\/pl\/#\/schema\/logo\/image\/"}}]}},"_links":{"self":[{"href":"https:\/\/marcegaglia.pl\/pl\/wp-json\/wp\/v2\/pages\/9033","targetHints":{"allow":["GET"]}}],"collection":[{"href":"https:\/\/marcegaglia.pl\/pl\/wp-json\/wp\/v2\/pages"}],"about":[{"href":"https:\/\/marcegaglia.pl\/pl\/wp-json\/wp\/v2\/types\/page"}],"author":[{"embeddable":true,"href":"https:\/\/marcegaglia.pl\/pl\/wp-json\/wp\/v2\/users\/1"}],"replies":[{"embeddable":true,"href":"https:\/\/marcegaglia.pl\/pl\/wp-json\/wp\/v2\/comments?post=9033"}],"version-history":[{"count":5,"href":"https:\/\/marcegaglia.pl\/pl\/wp-json\/wp\/v2\/pages\/9033\/revisions"}],"predecessor-version":[{"id":13422,"href":"https:\/\/marcegaglia.pl\/pl\/wp-json\/wp\/v2\/pages\/9033\/revisions\/13422"}],"wp:attachment":[{"href":"https:\/\/marcegaglia.pl\/pl\/wp-json\/wp\/v2\/media?parent=9033"}],"curies":[{"name":"wp","href":"https:\/\/api.w.org\/{rel}","templated":true}]}}