{"id":9026,"date":"2020-03-31T11:22:54","date_gmt":"2020-03-31T11:22:54","guid":{"rendered":"https:\/\/marcegaglia.pl\/manufacturing-process\/"},"modified":"2025-07-01T10:08:14","modified_gmt":"2025-07-01T10:08:14","slug":"proces-produkcyjny","status":"publish","type":"page","link":"https:\/\/marcegaglia.pl\/pl\/proces-produkcyjny\/","title":{"rendered":"Proces produkcyjny"},"content":{"rendered":"<div class=\"wpb-content-wrapper\"><p>[vc_row full_width=&#8221;stretch_row&#8221; css=&#8221;.vc_custom_1588591308199{margin-bottom: 2em !important;padding-top: 10em !important;padding-bottom: 10em !important;background-image: url(https:\/\/marcegaglia.pl\/wp-content\/uploads\/2020\/04\/marcegaglia_manufacturing-process-banner-1920&#215;306-1.jpg?id=6382) !important;background-position: center !important;background-repeat: no-repeat !important;background-size: cover !important;}&#8221; el_id=&#8221;desk&#8221;][vc_column offset=&#8221;vc_hidden-sm vc_hidden-xs&#8221;][\/vc_column][\/vc_row][vc_row full_width=&#8221;stretch_row&#8221; css=&#8221;.vc_custom_1588591534983{margin-bottom: 2em !important;padding-top: 5em !important;padding-bottom: 5em !important;background-image: url(https:\/\/marcegaglia.pl\/wp-content\/uploads\/2020\/05\/marcegaglia_manufacturing-process-banner-1400&#215;700-1.jpg?id=10991) !important;background-position: center !important;background-repeat: no-repeat !important;background-size: cover !important;}&#8221; el_id=&#8221;resp&#8221;][vc_column offset=&#8221;vc_hidden-lg vc_hidden-md&#8221;][\/vc_column][\/vc_row][vc_row][vc_column][vc_column_text]<\/p>\n<h2>PROCES PRODUKCYJNY<\/h2>\n<p>[\/vc_column_text][vc_empty_space height=&#8221;20px&#8221;][vc_column_text]Dzi\u0119ki certyfikowanemu systemowi \u0142a\u0144cucha dostaw grupy Marcegaglia, Marcegaglia Poland wytwarza produkty w pe\u0142ni identyfikowalne na ka\u017cdym etapie produkcji, gwarantuj\u0105c absolutn\u0105 przydatno\u015b\u0107 do okre\u015blonych zastosowa\u0144, zgodnie z g\u0142\u00f3wnymi normami prawnymi. <strong>Certyfikowany system produkcji Marcegaglia<\/strong> gwarantuje r\u00f3wnie\u017c, \u017ce rury s\u0105 w pe\u0142ni identyfikowalne w ca\u0142ym \u0142a\u0144cuchu produkcyjnym, od oryginalnego materia\u0142u po w\u0142a\u015bciwo\u015bci chemiczne i mechaniczne \u2013 dzi\u0119ki temu firma zapewnia absolutn\u0105 przydatno\u015b\u0107 do okre\u015blonych zastosowa\u0144, zgodnie z odpowiednimi normami.<\/p>\n<p>Kliknij poni\u017cej, aby zobaczy\u0107 proces <strong>produkcji stali w\u0119glowej sp\u00f3\u0142ki Marcegaglia<\/strong> lub <strong>Marcegaglia Poland<\/strong>.[\/vc_column_text][vc_empty_space height=&#8221;20px&#8221;][\/vc_column][\/vc_row][vc_row][vc_column]<div id=\"cz_101331\" class=\"cz_101331 cz_tabs clr cz_tabs_htl\"><div class=\"cz_tabs_content\"><a class=\"cz_tab_a hide\" data-tab=\"cz_36889\" href=\"#\"><span class=\"cz_tab_in_title\">MARCEGAGLIA POLAND<\/span><\/a><div id=\"cz_36889\" class=\"cz_tab\"><div>[vc_single_image image=&#8221;14714&#8243; img_size=&#8221;full&#8221;]<\/div><\/div><a class=\"cz_tab_a hide\" data-tab=\"cz_23559\" href=\"#\"><span class=\"cz_tab_in_title\">MARCEGAGLIA CARBON STEEL<\/span><\/a><div id=\"cz_23559\" class=\"cz_tab\"><div>[vc_single_image image=&#8221;14712&#8243; img_size=&#8221;full&#8221;]<\/div><\/div><\/div><\/div>[vc_empty_space height=&#8221;40px&#8221;][\/vc_column][\/vc_row]<\/p>\n<\/div>","protected":false},"excerpt":{"rendered":"<p>[vc_row full_width=&#8221;stretch_row&#8221; css=&#8221;.vc_custom_1588591308199{margin-bottom: 2em !important;padding-top: 10em !important;padding-bottom: 10em !important;background-image: url(https:\/\/marcegaglia.pl\/wp-content\/uploads\/2020\/04\/marcegaglia_manufacturing-process-banner-1920&#215;306-1.jpg?id=6382) !important;background-position: &#8230; <\/p>\n","protected":false},"author":1,"featured_media":0,"parent":0,"menu_order":0,"comment_status":"closed","ping_status":"closed","template":"","meta":{"footnotes":""},"class_list":["post-9026","page","type-page","status-publish","hentry"],"yoast_head":"<!-- This site is optimized with the Yoast SEO plugin v27.3 - https:\/\/yoast.com\/product\/yoast-seo-wordpress\/ -->\n<title>Proces produkcyjny - Marcegaglia Poland<\/title>\n<meta name=\"robots\" content=\"index, follow, max-snippet:-1, max-image-preview:large, max-video-preview:-1\" \/>\n<link rel=\"canonical\" href=\"https:\/\/marcegaglia.pl\/pl\/proces-produkcyjny\/\" \/>\n<meta property=\"og:locale\" content=\"pl_PL\" \/>\n<meta property=\"og:type\" content=\"article\" \/>\n<meta property=\"og:title\" content=\"Proces produkcyjny - Marcegaglia Poland\" \/>\n<meta property=\"og:description\" content=\"[vc_row full_width=&#8221;stretch_row&#8221; css=&#8221;.vc_custom_1588591308199{margin-bottom: 2em !important;padding-top: 10em !important;padding-bottom: 10em !important;background-image: url(https:\/\/marcegaglia.pl\/wp-content\/uploads\/2020\/04\/marcegaglia_manufacturing-process-banner-1920&#215;306-1.jpg?id=6382) !important;background-position: ...\" \/>\n<meta property=\"og:url\" content=\"https:\/\/marcegaglia.pl\/pl\/proces-produkcyjny\/\" \/>\n<meta property=\"og:site_name\" content=\"Marcegaglia Poland\" \/>\n<meta property=\"article:modified_time\" content=\"2025-07-01T10:08:14+00:00\" \/>\n<meta property=\"og:image\" content=\"https:\/\/marcegaglia.pl\/wp-content\/uploads\/2024\/04\/marcegaglia_poland_yoast.jpg\" \/>\n\t<meta property=\"og:image:width\" content=\"600\" \/>\n\t<meta property=\"og:image:height\" content=\"338\" \/>\n\t<meta property=\"og:image:type\" content=\"image\/jpeg\" \/>\n<meta name=\"twitter:card\" content=\"summary_large_image\" \/>\n<meta name=\"twitter:label1\" content=\"Szacowany czas czytania\" \/>\n\t<meta name=\"twitter:data1\" content=\"1 minuta\" \/>\n<script type=\"application\/ld+json\" class=\"yoast-schema-graph\">{\"@context\":\"https:\\\/\\\/schema.org\",\"@graph\":[{\"@type\":\"WebPage\",\"@id\":\"https:\\\/\\\/marcegaglia.pl\\\/pl\\\/proces-produkcyjny\\\/\",\"url\":\"https:\\\/\\\/marcegaglia.pl\\\/pl\\\/proces-produkcyjny\\\/\",\"name\":\"Proces produkcyjny - Marcegaglia Poland\",\"isPartOf\":{\"@id\":\"https:\\\/\\\/marcegaglia.pl\\\/pl\\\/#website\"},\"datePublished\":\"2020-03-31T11:22:54+00:00\",\"dateModified\":\"2025-07-01T10:08:14+00:00\",\"breadcrumb\":{\"@id\":\"https:\\\/\\\/marcegaglia.pl\\\/pl\\\/proces-produkcyjny\\\/#breadcrumb\"},\"inLanguage\":\"pl-PL\",\"potentialAction\":[{\"@type\":\"ReadAction\",\"target\":[\"https:\\\/\\\/marcegaglia.pl\\\/pl\\\/proces-produkcyjny\\\/\"]}]},{\"@type\":\"BreadcrumbList\",\"@id\":\"https:\\\/\\\/marcegaglia.pl\\\/pl\\\/proces-produkcyjny\\\/#breadcrumb\",\"itemListElement\":[{\"@type\":\"ListItem\",\"position\":1,\"name\":\"Home\",\"item\":\"https:\\\/\\\/marcegaglia.pl\\\/en\\\/\"},{\"@type\":\"ListItem\",\"position\":2,\"name\":\"Proces produkcyjny\"}]},{\"@type\":\"WebSite\",\"@id\":\"https:\\\/\\\/marcegaglia.pl\\\/pl\\\/#website\",\"url\":\"https:\\\/\\\/marcegaglia.pl\\\/pl\\\/\",\"name\":\"Marcegaglia Poland\",\"description\":\"We give shape to steel\",\"publisher\":{\"@id\":\"https:\\\/\\\/marcegaglia.pl\\\/pl\\\/#organization\"},\"potentialAction\":[{\"@type\":\"SearchAction\",\"target\":{\"@type\":\"EntryPoint\",\"urlTemplate\":\"https:\\\/\\\/marcegaglia.pl\\\/pl\\\/?s={search_term_string}\"},\"query-input\":{\"@type\":\"PropertyValueSpecification\",\"valueRequired\":true,\"valueName\":\"search_term_string\"}}],\"inLanguage\":\"pl-PL\"},{\"@type\":\"Organization\",\"@id\":\"https:\\\/\\\/marcegaglia.pl\\\/pl\\\/#organization\",\"name\":\"Marcegaglia Poland\",\"url\":\"https:\\\/\\\/marcegaglia.pl\\\/pl\\\/\",\"logo\":{\"@type\":\"ImageObject\",\"inLanguage\":\"pl-PL\",\"@id\":\"https:\\\/\\\/marcegaglia.pl\\\/pl\\\/#\\\/schema\\\/logo\\\/image\\\/\",\"url\":\"https:\\\/\\\/marcegaglia.pl\\\/wp-content\\\/uploads\\\/2020\\\/05\\\/favicon_marcegaglia-carbon-steel_512x512.jpg\",\"contentUrl\":\"https:\\\/\\\/marcegaglia.pl\\\/wp-content\\\/uploads\\\/2020\\\/05\\\/favicon_marcegaglia-carbon-steel_512x512.jpg\",\"width\":512,\"height\":512,\"caption\":\"Marcegaglia Poland\"},\"image\":{\"@id\":\"https:\\\/\\\/marcegaglia.pl\\\/pl\\\/#\\\/schema\\\/logo\\\/image\\\/\"}}]}<\/script>\n<!-- \/ Yoast SEO plugin. -->","yoast_head_json":{"title":"Proces produkcyjny - Marcegaglia Poland","robots":{"index":"index","follow":"follow","max-snippet":"max-snippet:-1","max-image-preview":"max-image-preview:large","max-video-preview":"max-video-preview:-1"},"canonical":"https:\/\/marcegaglia.pl\/pl\/proces-produkcyjny\/","og_locale":"pl_PL","og_type":"article","og_title":"Proces produkcyjny - Marcegaglia Poland","og_description":"[vc_row full_width=&#8221;stretch_row&#8221; css=&#8221;.vc_custom_1588591308199{margin-bottom: 2em !important;padding-top: 10em !important;padding-bottom: 10em !important;background-image: url(https:\/\/marcegaglia.pl\/wp-content\/uploads\/2020\/04\/marcegaglia_manufacturing-process-banner-1920&#215;306-1.jpg?id=6382) !important;background-position: ...","og_url":"https:\/\/marcegaglia.pl\/pl\/proces-produkcyjny\/","og_site_name":"Marcegaglia Poland","article_modified_time":"2025-07-01T10:08:14+00:00","og_image":[{"width":600,"height":338,"url":"https:\/\/marcegaglia.pl\/wp-content\/uploads\/2024\/04\/marcegaglia_poland_yoast.jpg","type":"image\/jpeg"}],"twitter_card":"summary_large_image","twitter_misc":{"Szacowany czas czytania":"1 minuta"},"schema":{"@context":"https:\/\/schema.org","@graph":[{"@type":"WebPage","@id":"https:\/\/marcegaglia.pl\/pl\/proces-produkcyjny\/","url":"https:\/\/marcegaglia.pl\/pl\/proces-produkcyjny\/","name":"Proces produkcyjny - Marcegaglia Poland","isPartOf":{"@id":"https:\/\/marcegaglia.pl\/pl\/#website"},"datePublished":"2020-03-31T11:22:54+00:00","dateModified":"2025-07-01T10:08:14+00:00","breadcrumb":{"@id":"https:\/\/marcegaglia.pl\/pl\/proces-produkcyjny\/#breadcrumb"},"inLanguage":"pl-PL","potentialAction":[{"@type":"ReadAction","target":["https:\/\/marcegaglia.pl\/pl\/proces-produkcyjny\/"]}]},{"@type":"BreadcrumbList","@id":"https:\/\/marcegaglia.pl\/pl\/proces-produkcyjny\/#breadcrumb","itemListElement":[{"@type":"ListItem","position":1,"name":"Home","item":"https:\/\/marcegaglia.pl\/en\/"},{"@type":"ListItem","position":2,"name":"Proces produkcyjny"}]},{"@type":"WebSite","@id":"https:\/\/marcegaglia.pl\/pl\/#website","url":"https:\/\/marcegaglia.pl\/pl\/","name":"Marcegaglia Poland","description":"We give shape to steel","publisher":{"@id":"https:\/\/marcegaglia.pl\/pl\/#organization"},"potentialAction":[{"@type":"SearchAction","target":{"@type":"EntryPoint","urlTemplate":"https:\/\/marcegaglia.pl\/pl\/?s={search_term_string}"},"query-input":{"@type":"PropertyValueSpecification","valueRequired":true,"valueName":"search_term_string"}}],"inLanguage":"pl-PL"},{"@type":"Organization","@id":"https:\/\/marcegaglia.pl\/pl\/#organization","name":"Marcegaglia Poland","url":"https:\/\/marcegaglia.pl\/pl\/","logo":{"@type":"ImageObject","inLanguage":"pl-PL","@id":"https:\/\/marcegaglia.pl\/pl\/#\/schema\/logo\/image\/","url":"https:\/\/marcegaglia.pl\/wp-content\/uploads\/2020\/05\/favicon_marcegaglia-carbon-steel_512x512.jpg","contentUrl":"https:\/\/marcegaglia.pl\/wp-content\/uploads\/2020\/05\/favicon_marcegaglia-carbon-steel_512x512.jpg","width":512,"height":512,"caption":"Marcegaglia Poland"},"image":{"@id":"https:\/\/marcegaglia.pl\/pl\/#\/schema\/logo\/image\/"}}]}},"_links":{"self":[{"href":"https:\/\/marcegaglia.pl\/pl\/wp-json\/wp\/v2\/pages\/9026","targetHints":{"allow":["GET"]}}],"collection":[{"href":"https:\/\/marcegaglia.pl\/pl\/wp-json\/wp\/v2\/pages"}],"about":[{"href":"https:\/\/marcegaglia.pl\/pl\/wp-json\/wp\/v2\/types\/page"}],"author":[{"embeddable":true,"href":"https:\/\/marcegaglia.pl\/pl\/wp-json\/wp\/v2\/users\/1"}],"replies":[{"embeddable":true,"href":"https:\/\/marcegaglia.pl\/pl\/wp-json\/wp\/v2\/comments?post=9026"}],"version-history":[{"count":9,"href":"https:\/\/marcegaglia.pl\/pl\/wp-json\/wp\/v2\/pages\/9026\/revisions"}],"predecessor-version":[{"id":14716,"href":"https:\/\/marcegaglia.pl\/pl\/wp-json\/wp\/v2\/pages\/9026\/revisions\/14716"}],"wp:attachment":[{"href":"https:\/\/marcegaglia.pl\/pl\/wp-json\/wp\/v2\/media?parent=9026"}],"curies":[{"name":"wp","href":"https:\/\/api.w.org\/{rel}","templated":true}]}}