{"id":8890,"date":"2020-04-06T07:48:27","date_gmt":"2020-04-06T07:48:27","guid":{"rendered":"https:\/\/marcegaglia.pl\/heavy-plates\/"},"modified":"2026-01-20T12:15:01","modified_gmt":"2026-01-20T12:15:01","slug":"blachy-grube","status":"publish","type":"page","link":"https:\/\/marcegaglia.pl\/pl\/blachy-grube\/","title":{"rendered":"Blachy grube"},"content":{"rendered":"<div class=\"wpb-content-wrapper\"><p>[vc_row full_width=&#8221;stretch_row_content_no_spaces&#8221; css=&#8221;.vc_custom_1588594601100{margin-bottom: 2em !important;background-image: url(https:\/\/marcegaglia.pl\/wp-content\/uploads\/2020\/04\/marcegaglia_poland-heavy-plates-steel-sheets-banner.jpg?id=9819) !important;background-position: center !important;background-repeat: no-repeat !important;background-size: cover !important;}&#8221; el_id=&#8221;desk&#8221;][vc_column css=&#8221;.vc_custom_1588591974425{padding-top: 10em !important;padding-bottom: 10em !important;background-position: center !important;background-repeat: no-repeat !important;background-size: cover !important;}&#8221; el_id=&#8221;desk&#8221; offset=&#8221;vc_hidden-sm vc_hidden-xs&#8221;][\/vc_column][\/vc_row][vc_row full_width=&#8221;stretch_row_content_no_spaces&#8221; css=&#8221;.vc_custom_1588594581089{margin-bottom: 2em !important;padding-top: 5em !important;padding-bottom: 5em !important;background-image: url(https:\/\/marcegaglia.pl\/wp-content\/uploads\/2020\/05\/marcegaglia_poland-heavy-plates-steel-sheets-banner_1400x700.jpg?id=11096) !important;background-position: center !important;background-repeat: no-repeat !important;background-size: cover !important;}&#8221; el_id=&#8221;resp&#8221;][vc_column css=&#8221;.vc_custom_1588592239658{background-position: center !important;background-repeat: no-repeat !important;background-size: cover !important;}&#8221; el_id=&#8221;resp&#8221; offset=&#8221;vc_hidden-lg vc_hidden-md&#8221;][\/vc_column][\/vc_row][vc_row full_width=&#8221;stretch_row&#8221; css=&#8221;.vc_custom_1585049350308{margin-bottom: 2em !important;background-position: center !important;background-repeat: no-repeat !important;background-size: cover !important;}&#8221;][vc_column width=&#8221;1\/2&#8243;][vc_column_text]<\/p>\n<h2>BLACHY GRUBE<\/h2>\n<p>[\/vc_column_text][vc_empty_space height=&#8221;20px&#8221;][vc_column_text css=&#8221;&#8221;]Gama <strong>blach grubych<\/strong> Marcegaglia jest produkowana w <strong>zak\u0142adach Marcegaglia Plates<\/strong> w <strong>San Giorgio di Nogaro (Udine)<\/strong>, w p\u00f3\u0142nocno-wschodnich W\u0142oszech, o <strong>\u0142\u0105cznej zdolno\u015bci produkcyjnej oko\u0142o 1 mln ton rocznie<\/strong>.<\/p>\n<p>Produkcja obejmuje <strong>obr\u00f3bk\u0119 ciepln\u0105<\/strong>, umo\u017cliwiaj\u0105c\u0105 uzyskanie <strong>bardzo szerokiego zakresu gatunk\u00f3w stali i norm<\/strong>, dzi\u0119ki czemu <strong>Marcegaglia Plates<\/strong> spe\u0142nia wymagania <strong>najbardziej wymagaj\u0105cych zastosowa\u0144<\/strong>.<\/p>\n<h3>Stale konstrukcyjne \u2013 Zastosowania<\/h3>\n<ul>\n<li><strong>Mosty<\/strong><\/li>\n<li><strong>Maszyny budowlane (Yellow Goods)<\/strong><\/li>\n<li><strong>Infrastruktura kolejowa (DBS)<\/strong><\/li>\n<li><strong>Infrastruktura publiczna (NF Aciers)<\/strong><\/li>\n<li><strong>Elektrownie wiatrowe<\/strong><\/li>\n<li><strong>P\u0142yty drogowe<\/strong><\/li>\n<li><strong>Stale o wysokiej granicy plastyczno\u015bci<\/strong><\/li>\n<li><strong>Gatunki do ci\u0119cia laserowego<\/strong><\/li>\n<\/ul>\n<h3>Stale PVQ<\/h3>\n<ul>\n<li><strong>Stale na kot\u0142y i zbiorniki ci\u015bnieniowe<\/strong> o w\u0142a\u015bciwo\u015bciach temperaturowych<\/li>\n<li><strong>Spawalne stale drobnoziarniste<\/strong> do zbiornik\u00f3w normalizowanych<\/li>\n<li>Stale do <strong>hartowania, naw\u0119glania i narz\u0119dziowe<\/strong><\/li>\n<li><strong>Stale hartowane niestopowe<\/strong><\/li>\n<li><strong>Stale hartowane stopowe<\/strong><\/li>\n<li><strong>Stale do naw\u0119glania<\/strong><\/li>\n<li><strong>Stale okr\u0119towe<\/strong> (<em>w przygotowaniu<\/em>)<\/li>\n<li><strong>Stale morskie<\/strong> zgodne z <strong>ASTM i RINA<\/strong><\/li>\n<\/ul>\n<p>[\/vc_column_text][vc_empty_space height=&#8221;20px&#8221;][vc_row_inner el_id=&#8221;resp&#8221;][vc_column_inner][vc_single_image image=&#8221;8942&#8243; img_size=&#8221;full&#8221; onclick=&#8221;custom_link&#8221; img_link_target=&#8221;_blank&#8221; link=&#8221;https:\/\/www.publications.marcegaglia.com\/wp-content\/uploads\/2022\/06\/Marcegaglia-Heavy-Plates-Giugno-2022-EN-IT.pdf&#8221;][\/vc_column_inner][\/vc_row_inner][vc_column_text css=&#8221;&#8221;]<\/p>\n<table style=\"width: 100%;\" border=\"0\" cellspacing=\"0\" cellpadding=\"0\">\n<tbody>\n<tr>\n<td style=\"text-align: left; color: #fff;\" colspan=\"2\" bgcolor=\"#36424a\"><strong>ASORTYMENT WYROB\u00d3W<\/strong><\/td>\n<\/tr>\n<tr>\n<td style=\"text-align: center;\" width=\"70%\"><strong>Grubo\u015b\u0107 min. &#8211; max. (mm)<\/strong><\/td>\n<td style=\"text-align: center;\"><strong>7* &#8211; 250 **<br \/>\n<\/strong><\/td>\n<\/tr>\n<tr>\n<td style=\"text-align: center;\"><strong>Szeroko\u015b\u0107 min. &#8211; max. (mm)<\/strong><\/td>\n<td style=\"text-align: center;\"><strong>1.000 \u2013 3.020 \/ 3.000***<\/strong><\/td>\n<\/tr>\n<tr>\n<td style=\"text-align: center;\" width=\"70%\"><strong>D\u0142ugo\u015b\u0107 min. &#8211; max. (mm)<\/strong><\/td>\n<td style=\"text-align: center;\"><strong>2.000 \u2013 21.000<\/strong><\/td>\n<\/tr>\n<tr>\n<td style=\"text-align: center;\"><strong>Maks. masa blachy (kg)<\/strong><\/td>\n<td style=\"text-align: center;\"><strong>24.000<\/strong><\/td>\n<\/tr>\n<\/tbody>\n<\/table>\n<p>* Wymaga zatwierdzenia przez hut\u0119<br \/>\n** Rozszerzenie oznakowania CE do 200 mm<br \/>\n*** Kraw\u0119dzie surowe \/ kraw\u0119dzie obcinane[\/vc_column_text][vc_empty_space][vc_column_text]<\/p>\n<table id=\"supply_conditions\" style=\"width: 100%;\" border=\"0\" cellspacing=\"0\" cellpadding=\"0\">\n<tbody>\n<tr>\n<td style=\"color: #fff;\" align=\"left\" valign=\"top\" bgcolor=\"#36424a\" width=\"145\"><strong>WARUNKI DOSTAWY<\/strong><\/td>\n<\/tr>\n<tr>\n<td align=\"left\">\n<ul>\n<li>Kraw\u0119dzie wzd\u0142u\u017cne naturalne<\/li>\n<li>Obr\u00f3bka kraw\u0119dzi blach do grubo\u015bci 70 mm<\/li>\n<li>Grubo\u015b\u0107 zgodnie z norm\u0105 EN 10029 klasa B<\/li>\n<li>Dokumenty kontrolne zgodnie z norm\u0105 EN 10204<\/li>\n<li>Na \u017cyczenie: specjalne tolerancje, kraw\u0119dzie skrawane, obr\u00f3bka kraw\u0119dzi dla blach o grubo\u015bci powy\u017cej 70 mm, znakowanie<\/li>\n<\/ul>\n<\/td>\n<\/tr>\n<\/tbody>\n<\/table>\n<p>[\/vc_column_text][vc_empty_space]<div id=\"cz_46269\" data-arrows='{\"open\":\"fa fa-angle-down\",\"close\":\"fa fa-angle-up\"}' class=\"cz_46269 cz_acc clr cz_acc_toggle\"><div><div id=\"\"><span class=\"cz_acc_child\"><div>NORMA PRODUKCYJNA | PRZEZNACZENIE PRODUKTU<\/div><\/span><div class=\"cz_acc_child_content clr\">[vc_column_text]<\/p>\n<table id=\"manufacturing_table\" style=\"width: 100%;\" border=\"0\" cellspacing=\"0\" cellpadding=\"0\">\n<tbody>\n<tr>\n<td width=\"50%\"><strong>EN 10025-2<\/strong><\/td>\n<td align=\"left\">Blachy ze stali niestopowych strukturalnych (*)<\/td>\n<\/tr>\n<tr bgcolor=\"#d6d9d\">\n<td width=\"50%\"><strong>EN 10025-3<\/strong><\/td>\n<td align=\"left\">\n<table class=\"tabella\" border=\"0\" cellspacing=\"0\" cellpadding=\"7\">\n<tbody>\n<tr class=\"cella-light\">\n<td>Blachy ze stali strukturalnych drobnoziarnistych spawalne normalizowane \/ walcowane normalizuj\u0105co (*)<\/td>\n<\/tr>\n<\/tbody>\n<\/table>\n<\/td>\n<\/tr>\n<tr>\n<td width=\"50%\"><strong>EN 10025-5<\/strong><\/td>\n<td align=\"left\">Blachy ze stali strukturalnej o podwy\u017cszonej odporno\u015bci na korozj\u0119 atmosferyczn\u0105 (*)<\/td>\n<\/tr>\n<tr bgcolor=\"#d6d9d\">\n<td width=\"50%\"><strong>EN 10028-2<\/strong><\/td>\n<td align=\"left\">Blachy ze stali przeznaczonych do pracy w podwy\u017cszonych temperaturach do produkcji bojler\u00f3w i zbiornik\u00f3w ci\u015bnieniowych<\/td>\n<\/tr>\n<tr>\n<td width=\"50%\"><strong>EN 10028-3<\/strong><\/td>\n<td align=\"left\">Blachy ze stali spawalnej drobnoziarnistej normalizowanej do produkcji urz\u0105dze\u0144 grzewczych i ci\u015bnieniowych<\/td>\n<\/tr>\n<tr bgcolor=\"#d6d9d\">\n<td width=\"50%\"><strong>EN 10083-2<\/strong><\/td>\n<td align=\"left\">Blachy ze stali przeznaczonej do dalszego ulepszania cieplnego<\/td>\n<\/tr>\n<tr>\n<td width=\"50%\"><strong>EN 10084<\/strong><\/td>\n<td align=\"left\">Blachy ze stali do naw\u0119glania do dalszej obr\u00f3bki termicznej<\/td>\n<\/tr>\n<tr bgcolor=\"#d6d9d\">\n<td width=\"50%\"><strong>ASTM<\/strong><\/td>\n<td align=\"left\">Blachy do og\u00f3lnych zastosowa\u0144 konstrukcyjnych<\/td>\n<\/tr>\n<tr>\n<td width=\"50%\"><strong>ASTM<\/strong><\/td>\n<td align=\"left\">Blachy do budowy zbiornik\u00f3w ci\u015bnieniowych<\/td>\n<\/tr>\n<tr bgcolor=\"#d6d9d\">\n<td width=\"50%\"><strong>ASTM<\/strong><\/td>\n<td align=\"left\">Blachy ze stali o podwy\u017cszonej zawarto\u015bci Nb oraz V cechuj\u0105ce si\u0119 wysok\u0105 odporno\u015bci\u0105, do zastosowa\u0144 konstrukcyjnych<\/td>\n<\/tr>\n<tr>\n<td width=\"50%\"><strong>API 5L<\/strong><\/td>\n<td align=\"left\">Stal do produkcji armatury<\/td>\n<\/tr>\n<tr bgcolor=\"#d6d9d\">\n<td width=\"50%\"><strong>RINA<\/strong><\/td>\n<td align=\"left\">Stal okr\u0119towa<\/td>\n<\/tr>\n<tr>\n<td width=\"50%\"><strong>RINA<\/strong><\/td>\n<td align=\"left\">Stal o wysokiej wytrzyma\u0142o\u015bci do konstrukcji okr\u0119towych<\/td>\n<\/tr>\n<tr>\n<td colspan=\"2\">(*) Posiadamy znak CE<\/td>\n<\/tr>\n<\/tbody>\n<\/table>\n<p>[\/vc_column_text]<\/div><\/div><div id=\"\"><span class=\"cz_acc_child\"><div>CHARAKTERYSTYKA TECHNICZNA<\/div><\/span><div class=\"cz_acc_child_content clr\">[vc_column_text]<\/p>\n<table id=\"manufacturing_table\" style=\"width: 100%;\" border=\"0\" cellspacing=\"0\" cellpadding=\"0\">\n<tbody>\n<tr>\n<td width=\"50%\"><strong>Stan dostawy<\/strong><\/td>\n<td align=\"left\">\n<ul>\n<li>Po walcowaniu<\/li>\n<li>Walcowanie termomechaniczne<\/li>\n<li>Obr\u00f3bka termiczna w piecu wy\u017carzania normalizuj\u0105cego<\/li>\n<\/ul>\n<\/td>\n<\/tr>\n<tr bgcolor=\"#d6d9d\">\n<td width=\"50%\"><strong>Badania standardowe<\/strong><\/td>\n<td align=\"left\">\n<ul>\n<li>Kontrola RTG grubo\u015bci w czasie procesu walcowania na linii produkcyjnej<\/li>\n<li>Badanie ultrad\u017awi\u0119kami<\/li>\n<li>naliza chemiczna<\/li>\n<li>Pr\u00f3by mechaniczne<\/li>\n<li>Pr\u00f3by \u017c\u0142obkowania<\/li>\n<li>Mechanical testing<\/li>\n<li>Deformation testing<\/li>\n<\/ul>\n<\/td>\n<\/tr>\n<\/tbody>\n<\/table>\n<p>[\/vc_column_text]<\/div><\/div><div id=\"\"><span class=\"cz_acc_child\"><div>CENTRUM SERWISOWE<\/div><\/span><div class=\"cz_acc_child_content clr\">[vc_column_text]<\/p>\n<ul>\n<li><strong>1 piec do obr\u00f3bki cieplnej<\/strong><\/li>\n<li><strong>1 obr\u00f3bka kraw\u0119dzi (gatunek C45)<\/strong><\/li>\n<li><strong>1 maszyna do piaskowania<\/strong><\/li>\n<li><strong>1 cold levelling<\/strong><\/li>\n<li><strong>5 maszyn do ci\u0119cia tlenowego i obr\u00f3bki kraw\u0119dzi<\/strong><\/li>\n<\/ul>\n<table style=\"width: 100%;\" border=\"0\" cellspacing=\"0\" cellpadding=\"8\">\n<tbody>\n<tr>\n<td align=\"left\" width=\"70%\" height=\"68\">\n<p class=\"testo\"><strong>Znaczenie blach, zapewniaj\u0105ce identyfikacj\u0119 <\/strong><\/p>\n<\/td>\n<td align=\"center\" valign=\"center\" width=\"30%\"><img decoding=\"async\" class=\"size-full wp-image-12908 aligncenter\" src=\"https:\/\/marcegaglia.pl\/wp-content\/uploads\/2020\/06\/Marcegaglia_custom.jpg\" alt=\"\" width=\"65\" height=\"65\" \/><\/td>\n<\/tr>\n<\/tbody>\n<\/table>\n<p>[\/vc_column_text]<\/div><\/div><\/div><\/div>[\/vc_column][vc_column width=&#8221;1\/2&#8243;][vc_row_inner el_id=&#8221;desk&#8221;][vc_column_inner][vc_single_image image=&#8221;8942&#8243; img_size=&#8221;full&#8221; onclick=&#8221;custom_link&#8221; img_link_target=&#8221;_blank&#8221; link=&#8221;https:\/\/www.publications.marcegaglia.com\/wp-content\/uploads\/2022\/06\/Marcegaglia-Heavy-Plates-Giugno-2022-EN-IT.pdf&#8221;][\/vc_column_inner][\/vc_row_inner][vc_empty_space height=&#8221;30px&#8221;]<div id=\"cz_53510\" class=\"cz_53510 slick arrows_mlr no_dots arrows_inner\" data-slick='{\"selector\":\"\",\"slidesToShow\":1,\"slidesToScroll\":1,\"rows\":1,\"fade\":true,\"vertical\":false,\"verticalSwiping\":false,\"infinite\":false,\"speed\":1000,\"swipeToSlide\":true,\"centerMode\":false,\"centerPadding\":\"\",\"variableWidth\":false,\"autoplay\":false,\"autoplaySpeed\":4000,\"dots\":true,\"counts\":false,\"adaptiveHeight\":false,\"responsive\":[{\"breakpoint\":769,\"settings\":{\"slidesToShow\":1,\"slidesToScroll\":1,\"infinite\":true,\"touchMove\":true}},{\"breakpoint\":481,\"settings\":{\"slidesToShow\":1,\"slidesToScroll\":1,\"infinite\":true,\"touchMove\":true}}]}' data-slick-prev=\"fa fa-chevron-left\" data-slick-next=\"fa fa-chevron-right\">[vc_single_image image=&#8221;8930&#8243; img_size=&#8221;full&#8221;][vc_single_image image=&#8221;8931&#8243; img_size=&#8221;full&#8221;][vc_single_image image=&#8221;8932&#8243; img_size=&#8221;full&#8221;][vc_single_image image=&#8221;8933&#8243; img_size=&#8221;full&#8221;][vc_single_image image=&#8221;8934&#8243; img_size=&#8221;full&#8221;][vc_single_image image=&#8221;8935&#8243; img_size=&#8221;full&#8221;][vc_single_image image=&#8221;8936&#8243; img_size=&#8221;full&#8221;][vc_single_image image=&#8221;8937&#8243; img_size=&#8221;full&#8221;][vc_single_image image=&#8221;8938&#8243; img_size=&#8221;full&#8221;][vc_single_image image=&#8221;8939&#8243; img_size=&#8221;full&#8221;][vc_single_image image=&#8221;8940&#8243; img_size=&#8221;full&#8221;][vc_single_image image=&#8221;8941&#8243; img_size=&#8221;full&#8221;]<\/div><div><\/div>[vc_empty_space height=&#8221;30px&#8221;][vc_column_text]<\/p>\n<h4>\u017b\u0105danie informacji<\/h4>\n<p>[\/vc_column_text][vc_empty_space height=&#8221;30px&#8221;]\n<div class=\"wpcf7 no-js\" id=\"wpcf7-f12802-o1\" lang=\"it-IT\" dir=\"ltr\" data-wpcf7-id=\"12802\">\n<div class=\"screen-reader-response\"><p role=\"status\" aria-live=\"polite\" aria-atomic=\"true\"><\/p> <ul><\/ul><\/div>\n<form action=\"\/pl\/wp-json\/wp\/v2\/pages\/8890#wpcf7-f12802-o1\" method=\"post\" class=\"wpcf7-form init\" aria-label=\"Modulo di contatto\" novalidate=\"novalidate\" data-status=\"init\">\n<fieldset class=\"hidden-fields-container\"><input type=\"hidden\" name=\"_wpcf7\" value=\"12802\" \/><input type=\"hidden\" name=\"_wpcf7_version\" value=\"6.1\" \/><input type=\"hidden\" name=\"_wpcf7_locale\" value=\"it_IT\" \/><input type=\"hidden\" name=\"_wpcf7_unit_tag\" value=\"wpcf7-f12802-o1\" \/><input type=\"hidden\" name=\"_wpcf7_container_post\" value=\"0\" \/><input type=\"hidden\" name=\"_wpcf7_posted_data_hash\" value=\"\" \/><input type=\"hidden\" name=\"_wpcf7_recaptcha_response\" value=\"\" \/>\n<\/fieldset>\n<div id=\"cf_info\">\n\t<div class=\"vc_row\">\n\t\t<div class=\"vc_col-md-6\">\n\t\t\t<p><span> Imi\u0119 * <\/span><br \/>\n<span class=\"wpcf7-form-control-wrap\" data-name=\"your-name\"><input size=\"40\" maxlength=\"400\" class=\"wpcf7-form-control wpcf7-text wpcf7-validates-as-required\" aria-required=\"true\" aria-invalid=\"false\" value=\"\" type=\"text\" name=\"your-name\" \/><\/span>\n\t\t\t<\/p>\n\t\t<\/div>\n\t\t<div class=\"vc_col-md-6\">\n\t\t\t<p><span> Email * <\/span><br \/>\n<span class=\"wpcf7-form-control-wrap\" data-name=\"your-email\"><input size=\"40\" maxlength=\"400\" class=\"wpcf7-form-control wpcf7-email wpcf7-validates-as-required wpcf7-text wpcf7-validates-as-email\" aria-required=\"true\" aria-invalid=\"false\" value=\"\" type=\"email\" name=\"your-email\" \/><\/span>\n\t\t\t<\/p>\n\t\t<\/div>\n\t\t<div class=\"vc_col-md-12\">\n\t\t\t<p><span> Temat <\/span><br \/>\n<span class=\"wpcf7-form-control-wrap\" data-name=\"your-subject\"><input size=\"40\" maxlength=\"400\" class=\"wpcf7-form-control wpcf7-text\" aria-invalid=\"false\" value=\"\" type=\"text\" name=\"your-subject\" \/><\/span>\n\t\t\t<\/p>\n\t\t<\/div>\n\t\t<div class=\"vc_col-md-12\">\n\t\t\t<p><span class=\"wpcf7-form-control-wrap\" data-name=\"your-message\"><textarea cols=\"40\" rows=\"10\" maxlength=\"2000\" class=\"wpcf7-form-control wpcf7-textarea\" aria-invalid=\"false\" placeholder=\"Wpisz swoj\u0105 wiadomo\u015b\u0107 tutaj..\" name=\"your-message\"><\/textarea><\/span>\n\t\t\t<\/p>\n\t\t<\/div>\n\t\t<div class=\"vc_col-md-12\">\n\t\t\t<p><input class=\"wpcf7-form-control wpcf7-submit has-spinner\" type=\"submit\" value=\"Wy\u015blij\" \/>\n\t\t\t<\/p>\n\t\t<\/div>\n\t<\/div>\n<\/div><input type='hidden' class='wpcf7-pum' value='{\"closepopup\":false,\"closedelay\":0,\"openpopup\":false,\"openpopup_id\":0}' \/><div class=\"wpcf7-response-output\" aria-hidden=\"true\"><\/div>\n<\/form>\n<\/div>\n[\/vc_column][\/vc_row]<\/p>\n<\/div>","protected":false},"excerpt":{"rendered":"<p>[vc_row full_width=&#8221;stretch_row_content_no_spaces&#8221; css=&#8221;.vc_custom_1588594601100{margin-bottom: 2em !important;background-image: url(https:\/\/marcegaglia.pl\/wp-content\/uploads\/2020\/04\/marcegaglia_poland-heavy-plates-steel-sheets-banner.jpg?id=9819) !important;background-position: center !important;background-repeat: no-repeat !important;background-size: &#8230; <\/p>\n","protected":false},"author":1,"featured_media":0,"parent":0,"menu_order":0,"comment_status":"closed","ping_status":"closed","template":"","meta":{"footnotes":""},"class_list":["post-8890","page","type-page","status-publish","hentry"],"yoast_head":"<!-- This site is optimized with the Yoast SEO plugin v27.3 - https:\/\/yoast.com\/product\/yoast-seo-wordpress\/ -->\n<title>Blachy grube - norma en 10029<\/title>\n<meta name=\"description\" content=\"Produkcja blach grubych Marcegaglia: Kraw\u0119dzie wzd\u0142u\u017cne naturalneObr\u00f3bka czo\u0142owa do grubo\u015bci 70 mmGrubo\u015b\u0107 zgodnie z norm\u0105 EN 10029 klasa BDokumenty kontrolne zgodnie z norm\u0105 EN 10204\" \/>\n<meta name=\"robots\" content=\"index, follow, max-snippet:-1, max-image-preview:large, max-video-preview:-1\" \/>\n<link rel=\"canonical\" href=\"https:\/\/marcegaglia.pl\/pl\/blachy-grube\/\" \/>\n<meta property=\"og:locale\" content=\"pl_PL\" \/>\n<meta property=\"og:type\" content=\"article\" \/>\n<meta property=\"og:title\" content=\"Blachy grube - norma en 10029\" \/>\n<meta property=\"og:description\" content=\"Produkcja blach grubych Marcegaglia: Kraw\u0119dzie wzd\u0142u\u017cne naturalneObr\u00f3bka czo\u0142owa do grubo\u015bci 70 mmGrubo\u015b\u0107 zgodnie z norm\u0105 EN 10029 klasa BDokumenty kontrolne zgodnie z norm\u0105 EN 10204\" \/>\n<meta property=\"og:url\" content=\"https:\/\/marcegaglia.pl\/pl\/blachy-grube\/\" \/>\n<meta property=\"og:site_name\" content=\"Marcegaglia Poland\" \/>\n<meta property=\"article:modified_time\" content=\"2026-01-20T12:15:01+00:00\" \/>\n<meta property=\"og:image\" content=\"https:\/\/marcegaglia.pl\/wp-content\/uploads\/2020\/06\/Marcegaglia_custom.jpg\" \/>\n<meta name=\"twitter:card\" content=\"summary_large_image\" \/>\n<meta name=\"twitter:label1\" content=\"Szacowany czas czytania\" \/>\n\t<meta name=\"twitter:data1\" content=\"6 minut\" \/>\n<script type=\"application\/ld+json\" class=\"yoast-schema-graph\">{\"@context\":\"https:\\\/\\\/schema.org\",\"@graph\":[{\"@type\":\"WebPage\",\"@id\":\"https:\\\/\\\/marcegaglia.pl\\\/pl\\\/blachy-grube\\\/\",\"url\":\"https:\\\/\\\/marcegaglia.pl\\\/pl\\\/blachy-grube\\\/\",\"name\":\"Blachy grube - norma en 10029\",\"isPartOf\":{\"@id\":\"https:\\\/\\\/marcegaglia.pl\\\/pl\\\/#website\"},\"primaryImageOfPage\":{\"@id\":\"https:\\\/\\\/marcegaglia.pl\\\/pl\\\/blachy-grube\\\/#primaryimage\"},\"image\":{\"@id\":\"https:\\\/\\\/marcegaglia.pl\\\/pl\\\/blachy-grube\\\/#primaryimage\"},\"thumbnailUrl\":\"https:\\\/\\\/marcegaglia.pl\\\/wp-content\\\/uploads\\\/2020\\\/06\\\/Marcegaglia_custom.jpg\",\"datePublished\":\"2020-04-06T07:48:27+00:00\",\"dateModified\":\"2026-01-20T12:15:01+00:00\",\"description\":\"Produkcja blach grubych Marcegaglia: Kraw\u0119dzie wzd\u0142u\u017cne naturalneObr\u00f3bka czo\u0142owa do grubo\u015bci 70 mmGrubo\u015b\u0107 zgodnie z norm\u0105 EN 10029 klasa BDokumenty kontrolne zgodnie z norm\u0105 EN 10204\",\"breadcrumb\":{\"@id\":\"https:\\\/\\\/marcegaglia.pl\\\/pl\\\/blachy-grube\\\/#breadcrumb\"},\"inLanguage\":\"pl-PL\",\"potentialAction\":[{\"@type\":\"ReadAction\",\"target\":[\"https:\\\/\\\/marcegaglia.pl\\\/pl\\\/blachy-grube\\\/\"]}]},{\"@type\":\"ImageObject\",\"inLanguage\":\"pl-PL\",\"@id\":\"https:\\\/\\\/marcegaglia.pl\\\/pl\\\/blachy-grube\\\/#primaryimage\",\"url\":\"https:\\\/\\\/marcegaglia.pl\\\/wp-content\\\/uploads\\\/2020\\\/06\\\/Marcegaglia_custom.jpg\",\"contentUrl\":\"https:\\\/\\\/marcegaglia.pl\\\/wp-content\\\/uploads\\\/2020\\\/06\\\/Marcegaglia_custom.jpg\"},{\"@type\":\"BreadcrumbList\",\"@id\":\"https:\\\/\\\/marcegaglia.pl\\\/pl\\\/blachy-grube\\\/#breadcrumb\",\"itemListElement\":[{\"@type\":\"ListItem\",\"position\":1,\"name\":\"Home\",\"item\":\"https:\\\/\\\/marcegaglia.pl\\\/en\\\/\"},{\"@type\":\"ListItem\",\"position\":2,\"name\":\"Blachy grube\"}]},{\"@type\":\"WebSite\",\"@id\":\"https:\\\/\\\/marcegaglia.pl\\\/pl\\\/#website\",\"url\":\"https:\\\/\\\/marcegaglia.pl\\\/pl\\\/\",\"name\":\"Marcegaglia Poland\",\"description\":\"We give shape to steel\",\"publisher\":{\"@id\":\"https:\\\/\\\/marcegaglia.pl\\\/pl\\\/#organization\"},\"potentialAction\":[{\"@type\":\"SearchAction\",\"target\":{\"@type\":\"EntryPoint\",\"urlTemplate\":\"https:\\\/\\\/marcegaglia.pl\\\/pl\\\/?s={search_term_string}\"},\"query-input\":{\"@type\":\"PropertyValueSpecification\",\"valueRequired\":true,\"valueName\":\"search_term_string\"}}],\"inLanguage\":\"pl-PL\"},{\"@type\":\"Organization\",\"@id\":\"https:\\\/\\\/marcegaglia.pl\\\/pl\\\/#organization\",\"name\":\"Marcegaglia Poland\",\"url\":\"https:\\\/\\\/marcegaglia.pl\\\/pl\\\/\",\"logo\":{\"@type\":\"ImageObject\",\"inLanguage\":\"pl-PL\",\"@id\":\"https:\\\/\\\/marcegaglia.pl\\\/pl\\\/#\\\/schema\\\/logo\\\/image\\\/\",\"url\":\"https:\\\/\\\/marcegaglia.pl\\\/wp-content\\\/uploads\\\/2020\\\/05\\\/favicon_marcegaglia-carbon-steel_512x512.jpg\",\"contentUrl\":\"https:\\\/\\\/marcegaglia.pl\\\/wp-content\\\/uploads\\\/2020\\\/05\\\/favicon_marcegaglia-carbon-steel_512x512.jpg\",\"width\":512,\"height\":512,\"caption\":\"Marcegaglia Poland\"},\"image\":{\"@id\":\"https:\\\/\\\/marcegaglia.pl\\\/pl\\\/#\\\/schema\\\/logo\\\/image\\\/\"}}]}<\/script>\n<!-- \/ Yoast SEO plugin. -->","yoast_head_json":{"title":"Blachy grube - norma en 10029","description":"Produkcja blach grubych Marcegaglia: Kraw\u0119dzie wzd\u0142u\u017cne naturalneObr\u00f3bka czo\u0142owa do grubo\u015bci 70 mmGrubo\u015b\u0107 zgodnie z norm\u0105 EN 10029 klasa BDokumenty kontrolne zgodnie z norm\u0105 EN 10204","robots":{"index":"index","follow":"follow","max-snippet":"max-snippet:-1","max-image-preview":"max-image-preview:large","max-video-preview":"max-video-preview:-1"},"canonical":"https:\/\/marcegaglia.pl\/pl\/blachy-grube\/","og_locale":"pl_PL","og_type":"article","og_title":"Blachy grube - norma en 10029","og_description":"Produkcja blach grubych Marcegaglia: Kraw\u0119dzie wzd\u0142u\u017cne naturalneObr\u00f3bka czo\u0142owa do grubo\u015bci 70 mmGrubo\u015b\u0107 zgodnie z norm\u0105 EN 10029 klasa BDokumenty kontrolne zgodnie z norm\u0105 EN 10204","og_url":"https:\/\/marcegaglia.pl\/pl\/blachy-grube\/","og_site_name":"Marcegaglia Poland","article_modified_time":"2026-01-20T12:15:01+00:00","og_image":[{"url":"https:\/\/marcegaglia.pl\/wp-content\/uploads\/2020\/06\/Marcegaglia_custom.jpg","type":"","width":"","height":""}],"twitter_card":"summary_large_image","twitter_misc":{"Szacowany czas czytania":"6 minut"},"schema":{"@context":"https:\/\/schema.org","@graph":[{"@type":"WebPage","@id":"https:\/\/marcegaglia.pl\/pl\/blachy-grube\/","url":"https:\/\/marcegaglia.pl\/pl\/blachy-grube\/","name":"Blachy grube - norma en 10029","isPartOf":{"@id":"https:\/\/marcegaglia.pl\/pl\/#website"},"primaryImageOfPage":{"@id":"https:\/\/marcegaglia.pl\/pl\/blachy-grube\/#primaryimage"},"image":{"@id":"https:\/\/marcegaglia.pl\/pl\/blachy-grube\/#primaryimage"},"thumbnailUrl":"https:\/\/marcegaglia.pl\/wp-content\/uploads\/2020\/06\/Marcegaglia_custom.jpg","datePublished":"2020-04-06T07:48:27+00:00","dateModified":"2026-01-20T12:15:01+00:00","description":"Produkcja blach grubych Marcegaglia: Kraw\u0119dzie wzd\u0142u\u017cne naturalneObr\u00f3bka czo\u0142owa do grubo\u015bci 70 mmGrubo\u015b\u0107 zgodnie z norm\u0105 EN 10029 klasa BDokumenty kontrolne zgodnie z norm\u0105 EN 10204","breadcrumb":{"@id":"https:\/\/marcegaglia.pl\/pl\/blachy-grube\/#breadcrumb"},"inLanguage":"pl-PL","potentialAction":[{"@type":"ReadAction","target":["https:\/\/marcegaglia.pl\/pl\/blachy-grube\/"]}]},{"@type":"ImageObject","inLanguage":"pl-PL","@id":"https:\/\/marcegaglia.pl\/pl\/blachy-grube\/#primaryimage","url":"https:\/\/marcegaglia.pl\/wp-content\/uploads\/2020\/06\/Marcegaglia_custom.jpg","contentUrl":"https:\/\/marcegaglia.pl\/wp-content\/uploads\/2020\/06\/Marcegaglia_custom.jpg"},{"@type":"BreadcrumbList","@id":"https:\/\/marcegaglia.pl\/pl\/blachy-grube\/#breadcrumb","itemListElement":[{"@type":"ListItem","position":1,"name":"Home","item":"https:\/\/marcegaglia.pl\/en\/"},{"@type":"ListItem","position":2,"name":"Blachy grube"}]},{"@type":"WebSite","@id":"https:\/\/marcegaglia.pl\/pl\/#website","url":"https:\/\/marcegaglia.pl\/pl\/","name":"Marcegaglia Poland","description":"We give shape to steel","publisher":{"@id":"https:\/\/marcegaglia.pl\/pl\/#organization"},"potentialAction":[{"@type":"SearchAction","target":{"@type":"EntryPoint","urlTemplate":"https:\/\/marcegaglia.pl\/pl\/?s={search_term_string}"},"query-input":{"@type":"PropertyValueSpecification","valueRequired":true,"valueName":"search_term_string"}}],"inLanguage":"pl-PL"},{"@type":"Organization","@id":"https:\/\/marcegaglia.pl\/pl\/#organization","name":"Marcegaglia Poland","url":"https:\/\/marcegaglia.pl\/pl\/","logo":{"@type":"ImageObject","inLanguage":"pl-PL","@id":"https:\/\/marcegaglia.pl\/pl\/#\/schema\/logo\/image\/","url":"https:\/\/marcegaglia.pl\/wp-content\/uploads\/2020\/05\/favicon_marcegaglia-carbon-steel_512x512.jpg","contentUrl":"https:\/\/marcegaglia.pl\/wp-content\/uploads\/2020\/05\/favicon_marcegaglia-carbon-steel_512x512.jpg","width":512,"height":512,"caption":"Marcegaglia Poland"},"image":{"@id":"https:\/\/marcegaglia.pl\/pl\/#\/schema\/logo\/image\/"}}]}},"_links":{"self":[{"href":"https:\/\/marcegaglia.pl\/pl\/wp-json\/wp\/v2\/pages\/8890","targetHints":{"allow":["GET"]}}],"collection":[{"href":"https:\/\/marcegaglia.pl\/pl\/wp-json\/wp\/v2\/pages"}],"about":[{"href":"https:\/\/marcegaglia.pl\/pl\/wp-json\/wp\/v2\/types\/page"}],"author":[{"embeddable":true,"href":"https:\/\/marcegaglia.pl\/pl\/wp-json\/wp\/v2\/users\/1"}],"replies":[{"embeddable":true,"href":"https:\/\/marcegaglia.pl\/pl\/wp-json\/wp\/v2\/comments?post=8890"}],"version-history":[{"count":6,"href":"https:\/\/marcegaglia.pl\/pl\/wp-json\/wp\/v2\/pages\/8890\/revisions"}],"predecessor-version":[{"id":14794,"href":"https:\/\/marcegaglia.pl\/pl\/wp-json\/wp\/v2\/pages\/8890\/revisions\/14794"}],"wp:attachment":[{"href":"https:\/\/marcegaglia.pl\/pl\/wp-json\/wp\/v2\/media?parent=8890"}],"curies":[{"name":"wp","href":"https:\/\/api.w.org\/{rel}","templated":true}]}}