{"id":8884,"date":"2020-04-07T09:14:41","date_gmt":"2020-04-07T09:14:41","guid":{"rendered":"https:\/\/marcegaglia.pl\/cold-drawn-bars\/"},"modified":"2020-07-13T08:54:08","modified_gmt":"2020-07-13T08:54:08","slug":"wyroby-ze-stali-ciagnionej","status":"publish","type":"page","link":"https:\/\/marcegaglia.pl\/pl\/wyroby-ze-stali-ciagnionej\/","title":{"rendered":"Wyroby ze stali ci\u0105gnionej"},"content":{"rendered":"<div class=\"wpb-content-wrapper\"><p>[vc_row full_width=&#8221;stretch_row_content_no_spaces&#8221; css=&#8221;.vc_custom_1588593405020{margin-bottom: 2em !important;background-image: url(https:\/\/marcegaglia.pl\/wp-content\/uploads\/2020\/04\/marcegaglia_poland-carbon-steel-cold-drawn-barsl-banner-1920&#215;306-1.jpg?id=10147) !important;background-position: center !important;background-repeat: no-repeat !important;background-size: cover !important;}&#8221; el_id=&#8221;desk&#8221;][vc_column css=&#8221;.vc_custom_1588591974425{padding-top: 10em !important;padding-bottom: 10em !important;background-position: center !important;background-repeat: no-repeat !important;background-size: cover !important;}&#8221; el_id=&#8221;desk&#8221; offset=&#8221;vc_hidden-sm vc_hidden-xs&#8221;][\/vc_column][\/vc_row][vc_row full_width=&#8221;stretch_row_content_no_spaces&#8221; css=&#8221;.vc_custom_1592815755993{margin-bottom: 2em !important;padding-top: 5em !important;padding-bottom: 5em !important;background-image: url(https:\/\/marcegaglia.pl\/wp-content\/uploads\/2020\/06\/marcegaglia_poland-carbon-steel-cold-drawn-barsl-banner-1400&#215;700-1.jpg?id=12953) !important;background-position: center !important;background-repeat: no-repeat !important;background-size: cover !important;}&#8221; el_id=&#8221;resp&#8221;][vc_column css=&#8221;.vc_custom_1588592239658{background-position: center !important;background-repeat: no-repeat !important;background-size: cover !important;}&#8221; el_id=&#8221;resp&#8221; offset=&#8221;vc_hidden-lg vc_hidden-md&#8221;][\/vc_column][\/vc_row][vc_row full_width=&#8221;stretch_row&#8221; css=&#8221;.vc_custom_1585049350308{margin-bottom: 2em !important;background-position: center !important;background-repeat: no-repeat !important;background-size: cover !important;}&#8221;][vc_column width=&#8221;1\/2&#8243;][vc_column_text]<\/p>\n<h2><b>WYROBY ZE STALI CI\u0104GNIONEJ<\/b><\/h2>\n<p>[\/vc_column_text][vc_empty_space height=&#8221;20px&#8221;][vc_column_text]<strong>OKR\u0104G\u0141E I O INNYCH KSZTA\u0141TACH<\/strong><\/p>\n<p>W specjalistycznym zak\u0142adzie w <a href=\"https:\/\/www.plants.marcegaglia.com\/contino-plant\/\" target=\"_blank\" rel=\"noopener noreferrer\">Contino<\/a> (Mantova) firma Marcegaglia produkuje <strong>wyroby ci\u0105gnione o r\u00f3\u017cnych przekrojach, oraz kszta\u0142towniki ze stali w\u0119glowej i nierdzewnej<\/strong> zgodne z norm\u0105 EN 10277 i EN 10888; roczne zdolno\u015bci produkcyjne tego zak\u0142adu wynosz\u0105 ponad 200 000 ton.<\/p>\n<p>Przyk\u0142ady zastosowa\u0144:<\/p>\n<ul>\n<li><strong>mechanika precyzyjna<\/strong><\/li>\n<li><strong>uk\u0142ady przeniesienia nap\u0119du<\/strong><\/li>\n<li><strong>t\u0142oki hydrauliczne<\/strong><\/li>\n<li><strong>motoryzacja<\/strong><\/li>\n<li><strong>maszyny budowlane<\/strong><\/li>\n<\/ul>\n<p>Standardowa gama wyrob\u00f3w znajduj\u0105cych si\u0119 w sta\u0142ej ofercie wzbogacana jest nieustanie nowymi rodzajami stali. Dzi\u0119ki temu mo\u017cemy zapewni\u0107 najbardziej odpowiedni wyb\u00f3r dla ka\u017cdej bran\u017cy.[\/vc_column_text][vc_empty_space height=&#8221;20px&#8221;][vc_row_inner el_id=&#8221;resp&#8221;][vc_column_inner][vc_single_image image=&#8221;8885&#8243; img_size=&#8221;full&#8221; onclick=&#8221;custom_link&#8221; img_link_target=&#8221;_blank&#8221; link=&#8221;https:\/\/www.publications.marcegaglia.com\/wp-content\/uploads\/2020\/07\/Marcegaglia-Specialties_Cold-Drawn-Bars-luglio2020.pdf&#8221;][\/vc_column_inner][\/vc_row_inner][vc_column_text]<\/p>\n<table style=\"width: 100%;\" border=\"0\" cellspacing=\"0\" cellpadding=\"0\">\n<tbody>\n<tr>\n<td style=\"text-align: left; color: #fff;\" colspan=\"2\" bgcolor=\"#36424a\"><strong>ASORTYMENT WYROB\u00d3W<\/strong><\/td>\n<\/tr>\n<tr>\n<td style=\"text-align: center;\" width=\"70%\"><strong>\u015arednica min. &#8211; maks.\u00a0(mm)<\/strong><\/td>\n<td style=\"text-align: center;\"><strong>3 &#8211; 160<br \/>\n<\/strong><\/td>\n<\/tr>\n<\/tbody>\n<\/table>\n<p>[\/vc_column_text][vc_empty_space][vc_column_text]<\/p>\n<table id=\"supply_conditions\" style=\"width: 100%;\" border=\"0\" cellspacing=\"0\" cellpadding=\"0\">\n<tbody>\n<tr>\n<td style=\"color: #fff;\" align=\"left\" valign=\"top\" bgcolor=\"#36424a\" width=\"145\"><strong>OBR\u00d3BKA DODATKOWA I BADANIA<\/strong><\/td>\n<\/tr>\n<tr>\n<td align=\"left\">\n<ul>\n<li>Walcowanie Ukosowanie Ci\u0119cie na wymiar<\/li>\n<li>\n<p class=\"sottotitolo\"><span class=\"testo\">Badanie pr\u0105dami wirowymi z g\u0142owic\u0105 obrotow\u0105 w linii produkcyjnej Pr\u00f3ba magnetoindukcyjna (badanie nieniszcz\u0105ce)<\/span><\/p>\n<\/li>\n<\/ul>\n<\/td>\n<\/tr>\n<\/tbody>\n<\/table>\n<p>[\/vc_column_text][vc_empty_space][vc_column_text]<\/p>\n<table id=\"supply_conditions\" style=\"width: 100%;\" border=\"0\" cellspacing=\"0\" cellpadding=\"0\">\n<tbody>\n<tr>\n<td style=\"color: #fff;\" align=\"left\" valign=\"top\" bgcolor=\"#36424a\" width=\"145\"><strong>WARUNKI DOSTAWY<\/strong><\/td>\n<\/tr>\n<tr>\n<td align=\"left\">\n<ul>\n<li>Tolerancje wymiarowe zgodnie z norm\u0105 EN 10278 (patrz tabela)<\/li>\n<li>Ukosowanie: standard dla gatunk\u00f3w zgodnie z EN 10277-3. Dostawa pr\u0119t\u00f3w ukosowanych w innym gatunku na \u017cyczenie klienta.<\/li>\n<\/ul>\n<\/td>\n<\/tr>\n<\/tbody>\n<\/table>\n<p>[\/vc_column_text][vc_empty_space]<div id=\"cz_46269\" data-arrows='{\"open\":\"fa fa-angle-down\",\"close\":\"fa fa-angle-up\"}' class=\"cz_46269 cz_acc clr cz_acc_toggle\"><div><div id=\"\"><span class=\"cz_acc_child\"><div>NORMY PRODUKCYJNE - PRZEZNACZENIE WYROBU<\/div><\/span><div class=\"cz_acc_child_content clr\">[vc_column_text]<\/p>\n<table id=\"manufacturing_table\" style=\"width: 100%;\" border=\"0\" cellspacing=\"0\" cellpadding=\"0\">\n<tbody>\n<tr>\n<td width=\"50%\"><strong>EN 10277-2<\/strong><\/td>\n<td align=\"left\">Stal og\u00f3lnego zastosowania<\/td>\n<\/tr>\n<tr bgcolor=\"#d6d9d\">\n<td width=\"50%\"><strong>EN 10277-3<\/strong><\/td>\n<td align=\"left\">Stal automatowa<\/td>\n<\/tr>\n<tr>\n<td width=\"50%\"><strong>EN 10277-4<\/strong><\/td>\n<td align=\"left\">Stal do naw\u0119glania<\/td>\n<\/tr>\n<tr bgcolor=\"#d6d9d\">\n<td width=\"50%\"><strong>EN 10277-5<\/strong><\/td>\n<td align=\"left\">Stal do dalszego ulepszania cieplnego<\/td>\n<\/tr>\n<tr>\n<td width=\"50%\"><strong>EN 10088-3<\/strong><\/td>\n<td align=\"left\">Stal nierdzewna og\u00f3lnego zastosowania<\/td>\n<\/tr>\n<\/tbody>\n<\/table>\n<p>[\/vc_column_text]<\/div><\/div><\/div><\/div>[vc_empty_space][vc_column_text]<\/p>\n<table style=\"width: 100%;\" border=\"0\" cellspacing=\"0\" cellpadding=\"8\">\n<tbody>\n<tr>\n<td align=\"left\" width=\"70%\"><strong>Na \u017cyczenie klienta istnieje mo\u017cliwo\u015b\u0107 dostawy innych gatunk\u00f3w i wymiar\u00f3w ni\u017c standardowe.<\/strong><\/td>\n<td align=\"center\" valign=\"middle\" width=\"30%\"><img decoding=\"async\" class=\"size-full wp-image-12908 aligncenter\" src=\"https:\/\/marcegaglia.pl\/wp-content\/uploads\/2020\/06\/Marcegaglia_custom.jpg\" alt=\"\" width=\"65\" height=\"65\" \/><\/td>\n<\/tr>\n<\/tbody>\n<\/table>\n<p>[\/vc_column_text][\/vc_column][vc_column width=&#8221;1\/2&#8243;][vc_row_inner el_id=&#8221;desk&#8221;][vc_column_inner][vc_single_image image=&#8221;8885&#8243; img_size=&#8221;full&#8221; onclick=&#8221;custom_link&#8221; img_link_target=&#8221;_blank&#8221; link=&#8221;https:\/\/www.publications.marcegaglia.com\/wp-content\/uploads\/2020\/07\/Marcegaglia-Specialties_Cold-Drawn-Bars-luglio2020.pdf&#8221;][\/vc_column_inner][\/vc_row_inner][vc_empty_space height=&#8221;30px&#8221;]<div id=\"cz_53510\" class=\"cz_53510 slick arrows_mlr no_dots arrows_inner\" data-slick='{\"selector\":\"\",\"slidesToShow\":1,\"slidesToScroll\":1,\"rows\":1,\"fade\":true,\"vertical\":false,\"verticalSwiping\":false,\"infinite\":false,\"speed\":1000,\"swipeToSlide\":true,\"centerMode\":false,\"centerPadding\":\"\",\"variableWidth\":false,\"autoplay\":false,\"autoplaySpeed\":4000,\"dots\":true,\"counts\":false,\"adaptiveHeight\":false,\"responsive\":[{\"breakpoint\":769,\"settings\":{\"slidesToShow\":1,\"slidesToScroll\":1,\"infinite\":true,\"touchMove\":true}},{\"breakpoint\":481,\"settings\":{\"slidesToShow\":1,\"slidesToScroll\":1,\"infinite\":true,\"touchMove\":true}}]}' data-slick-prev=\"fa fa-chevron-left\" data-slick-next=\"fa fa-chevron-right\">[vc_single_image image=&#8221;8911&#8243; img_size=&#8221;full&#8221;][vc_single_image image=&#8221;8912&#8243; img_size=&#8221;full&#8221;][vc_single_image image=&#8221;8913&#8243; img_size=&#8221;full&#8221;][vc_single_image image=&#8221;8914&#8243; img_size=&#8221;full&#8221;][vc_single_image image=&#8221;8915&#8243; img_size=&#8221;full&#8221;][vc_single_image image=&#8221;8916&#8243; img_size=&#8221;full&#8221;][vc_single_image image=&#8221;8917&#8243; img_size=&#8221;full&#8221;][vc_single_image image=&#8221;8918&#8243; img_size=&#8221;full&#8221;][vc_single_image image=&#8221;8919&#8243; img_size=&#8221;full&#8221;][vc_single_image image=&#8221;8920&#8243; img_size=&#8221;full&#8221;][vc_single_image image=&#8221;8921&#8243; img_size=&#8221;full&#8221;]<\/div><div><\/div>[vc_empty_space height=&#8221;30px&#8221;][vc_column_text]<\/p>\n<h4>\u017b\u0105danie informacji<\/h4>\n<p>[\/vc_column_text][vc_empty_space height=&#8221;30px&#8221;]\n<div class=\"wpcf7 no-js\" id=\"wpcf7-f12802-o1\" lang=\"it-IT\" dir=\"ltr\" data-wpcf7-id=\"12802\">\n<div class=\"screen-reader-response\"><p role=\"status\" aria-live=\"polite\" aria-atomic=\"true\"><\/p> <ul><\/ul><\/div>\n<form action=\"\/pl\/wp-json\/wp\/v2\/pages\/8884#wpcf7-f12802-o1\" method=\"post\" class=\"wpcf7-form init\" aria-label=\"Modulo di contatto\" novalidate=\"novalidate\" data-status=\"init\">\n<fieldset class=\"hidden-fields-container\"><input type=\"hidden\" name=\"_wpcf7\" value=\"12802\" \/><input type=\"hidden\" name=\"_wpcf7_version\" value=\"6.1\" \/><input type=\"hidden\" name=\"_wpcf7_locale\" value=\"it_IT\" \/><input type=\"hidden\" name=\"_wpcf7_unit_tag\" value=\"wpcf7-f12802-o1\" \/><input type=\"hidden\" name=\"_wpcf7_container_post\" value=\"0\" \/><input type=\"hidden\" name=\"_wpcf7_posted_data_hash\" value=\"\" \/><input type=\"hidden\" name=\"_wpcf7_recaptcha_response\" value=\"\" \/>\n<\/fieldset>\n<div id=\"cf_info\">\n\t<div class=\"vc_row\">\n\t\t<div class=\"vc_col-md-6\">\n\t\t\t<p><span> Imi\u0119 * <\/span><br \/>\n<span class=\"wpcf7-form-control-wrap\" data-name=\"your-name\"><input size=\"40\" maxlength=\"400\" class=\"wpcf7-form-control wpcf7-text wpcf7-validates-as-required\" aria-required=\"true\" aria-invalid=\"false\" value=\"\" type=\"text\" name=\"your-name\" \/><\/span>\n\t\t\t<\/p>\n\t\t<\/div>\n\t\t<div class=\"vc_col-md-6\">\n\t\t\t<p><span> Email * <\/span><br \/>\n<span class=\"wpcf7-form-control-wrap\" data-name=\"your-email\"><input size=\"40\" maxlength=\"400\" class=\"wpcf7-form-control wpcf7-email wpcf7-validates-as-required wpcf7-text wpcf7-validates-as-email\" aria-required=\"true\" aria-invalid=\"false\" value=\"\" type=\"email\" name=\"your-email\" \/><\/span>\n\t\t\t<\/p>\n\t\t<\/div>\n\t\t<div class=\"vc_col-md-12\">\n\t\t\t<p><span> Temat <\/span><br \/>\n<span class=\"wpcf7-form-control-wrap\" data-name=\"your-subject\"><input size=\"40\" maxlength=\"400\" class=\"wpcf7-form-control wpcf7-text\" aria-invalid=\"false\" value=\"\" type=\"text\" name=\"your-subject\" \/><\/span>\n\t\t\t<\/p>\n\t\t<\/div>\n\t\t<div class=\"vc_col-md-12\">\n\t\t\t<p><span class=\"wpcf7-form-control-wrap\" data-name=\"your-message\"><textarea cols=\"40\" rows=\"10\" maxlength=\"2000\" class=\"wpcf7-form-control wpcf7-textarea\" aria-invalid=\"false\" placeholder=\"Wpisz swoj\u0105 wiadomo\u015b\u0107 tutaj..\" name=\"your-message\"><\/textarea><\/span>\n\t\t\t<\/p>\n\t\t<\/div>\n\t\t<div class=\"vc_col-md-12\">\n\t\t\t<p><input class=\"wpcf7-form-control wpcf7-submit has-spinner\" type=\"submit\" value=\"Wy\u015blij\" \/>\n\t\t\t<\/p>\n\t\t<\/div>\n\t<\/div>\n<\/div><input type='hidden' class='wpcf7-pum' value='{\"closepopup\":false,\"closedelay\":0,\"openpopup\":false,\"openpopup_id\":0}' \/><div class=\"wpcf7-response-output\" aria-hidden=\"true\"><\/div>\n<\/form>\n<\/div>\n[\/vc_column][\/vc_row]<\/p>\n<\/div>","protected":false},"excerpt":{"rendered":"<p>[vc_row full_width=&#8221;stretch_row_content_no_spaces&#8221; css=&#8221;.vc_custom_1588593405020{margin-bottom: 2em !important;background-image: url(https:\/\/marcegaglia.pl\/wp-content\/uploads\/2020\/04\/marcegaglia_poland-carbon-steel-cold-drawn-barsl-banner-1920&#215;306-1.jpg?id=10147) !important;background-position: center !important;background-repeat: no-repeat !important;background-size: &#8230; <\/p>\n","protected":false},"author":1,"featured_media":0,"parent":0,"menu_order":0,"comment_status":"closed","ping_status":"closed","template":"","meta":{"footnotes":""},"class_list":["post-8884","page","type-page","status-publish","hentry"],"yoast_head":"<!-- This site is optimized with the Yoast SEO plugin v27.3 - https:\/\/yoast.com\/product\/yoast-seo-wordpress\/ -->\n<title>Wyroby ze stali - Ci\u0105gnionej pr\u0119ty ze stali nierdzewnej<\/title>\n<meta name=\"description\" content=\"W specjalistycznym zak\u0142adzie w Contino (Mantova) firma Marcegaglia produkuje wyroby ci\u0105gnione okr\u0105g\u0142e, p\u0142askie oraz kszta\u0142towniki ze stali w\u0119glowej i nierdzewnej zgodne z norm\u0105 EN 10277 i EN 10888; roczne zdolno\u015bci produkcyjne tego zak\u0142adu wynosz\u0105 ponad 200 000 ton.\" \/>\n<meta name=\"robots\" content=\"index, follow, max-snippet:-1, max-image-preview:large, max-video-preview:-1\" \/>\n<link rel=\"canonical\" href=\"https:\/\/marcegaglia.pl\/pl\/wyroby-ze-stali-ciagnionej\/\" \/>\n<meta property=\"og:locale\" content=\"pl_PL\" \/>\n<meta property=\"og:type\" content=\"article\" \/>\n<meta property=\"og:title\" content=\"Wyroby ze stali - Ci\u0105gnionej pr\u0119ty ze stali nierdzewnej\" \/>\n<meta property=\"og:description\" content=\"W specjalistycznym zak\u0142adzie w Contino (Mantova) firma Marcegaglia produkuje wyroby ci\u0105gnione okr\u0105g\u0142e, p\u0142askie oraz kszta\u0142towniki ze stali w\u0119glowej i nierdzewnej zgodne z norm\u0105 EN 10277 i EN 10888; roczne zdolno\u015bci produkcyjne tego zak\u0142adu wynosz\u0105 ponad 200 000 ton.\" \/>\n<meta property=\"og:url\" content=\"https:\/\/marcegaglia.pl\/pl\/wyroby-ze-stali-ciagnionej\/\" \/>\n<meta property=\"og:site_name\" content=\"Marcegaglia Poland\" \/>\n<meta property=\"article:modified_time\" content=\"2020-07-13T08:54:08+00:00\" \/>\n<meta property=\"og:image\" content=\"https:\/\/marcegaglia.pl\/wp-content\/uploads\/2020\/06\/Marcegaglia_custom.jpg\" \/>\n<meta name=\"twitter:card\" content=\"summary_large_image\" \/>\n<meta name=\"twitter:label1\" content=\"Szacowany czas czytania\" \/>\n\t<meta name=\"twitter:data1\" content=\"3 minuty\" \/>\n<script type=\"application\/ld+json\" class=\"yoast-schema-graph\">{\"@context\":\"https:\\\/\\\/schema.org\",\"@graph\":[{\"@type\":\"WebPage\",\"@id\":\"https:\\\/\\\/marcegaglia.pl\\\/pl\\\/wyroby-ze-stali-ciagnionej\\\/\",\"url\":\"https:\\\/\\\/marcegaglia.pl\\\/pl\\\/wyroby-ze-stali-ciagnionej\\\/\",\"name\":\"Wyroby ze stali - Ci\u0105gnionej pr\u0119ty ze stali nierdzewnej\",\"isPartOf\":{\"@id\":\"https:\\\/\\\/marcegaglia.pl\\\/pl\\\/#website\"},\"primaryImageOfPage\":{\"@id\":\"https:\\\/\\\/marcegaglia.pl\\\/pl\\\/wyroby-ze-stali-ciagnionej\\\/#primaryimage\"},\"image\":{\"@id\":\"https:\\\/\\\/marcegaglia.pl\\\/pl\\\/wyroby-ze-stali-ciagnionej\\\/#primaryimage\"},\"thumbnailUrl\":\"https:\\\/\\\/marcegaglia.pl\\\/wp-content\\\/uploads\\\/2020\\\/06\\\/Marcegaglia_custom.jpg\",\"datePublished\":\"2020-04-07T09:14:41+00:00\",\"dateModified\":\"2020-07-13T08:54:08+00:00\",\"description\":\"W specjalistycznym zak\u0142adzie w Contino (Mantova) firma Marcegaglia produkuje wyroby ci\u0105gnione okr\u0105g\u0142e, p\u0142askie oraz kszta\u0142towniki ze stali w\u0119glowej i nierdzewnej zgodne z norm\u0105 EN 10277 i EN 10888; roczne zdolno\u015bci produkcyjne tego zak\u0142adu wynosz\u0105 ponad 200 000 ton.\",\"breadcrumb\":{\"@id\":\"https:\\\/\\\/marcegaglia.pl\\\/pl\\\/wyroby-ze-stali-ciagnionej\\\/#breadcrumb\"},\"inLanguage\":\"pl-PL\",\"potentialAction\":[{\"@type\":\"ReadAction\",\"target\":[\"https:\\\/\\\/marcegaglia.pl\\\/pl\\\/wyroby-ze-stali-ciagnionej\\\/\"]}]},{\"@type\":\"ImageObject\",\"inLanguage\":\"pl-PL\",\"@id\":\"https:\\\/\\\/marcegaglia.pl\\\/pl\\\/wyroby-ze-stali-ciagnionej\\\/#primaryimage\",\"url\":\"https:\\\/\\\/marcegaglia.pl\\\/wp-content\\\/uploads\\\/2020\\\/06\\\/Marcegaglia_custom.jpg\",\"contentUrl\":\"https:\\\/\\\/marcegaglia.pl\\\/wp-content\\\/uploads\\\/2020\\\/06\\\/Marcegaglia_custom.jpg\"},{\"@type\":\"BreadcrumbList\",\"@id\":\"https:\\\/\\\/marcegaglia.pl\\\/pl\\\/wyroby-ze-stali-ciagnionej\\\/#breadcrumb\",\"itemListElement\":[{\"@type\":\"ListItem\",\"position\":1,\"name\":\"Home\",\"item\":\"https:\\\/\\\/marcegaglia.pl\\\/en\\\/\"},{\"@type\":\"ListItem\",\"position\":2,\"name\":\"Wyroby ze stali ci\u0105gnionej\"}]},{\"@type\":\"WebSite\",\"@id\":\"https:\\\/\\\/marcegaglia.pl\\\/pl\\\/#website\",\"url\":\"https:\\\/\\\/marcegaglia.pl\\\/pl\\\/\",\"name\":\"Marcegaglia Poland\",\"description\":\"We give shape to steel\",\"publisher\":{\"@id\":\"https:\\\/\\\/marcegaglia.pl\\\/pl\\\/#organization\"},\"potentialAction\":[{\"@type\":\"SearchAction\",\"target\":{\"@type\":\"EntryPoint\",\"urlTemplate\":\"https:\\\/\\\/marcegaglia.pl\\\/pl\\\/?s={search_term_string}\"},\"query-input\":{\"@type\":\"PropertyValueSpecification\",\"valueRequired\":true,\"valueName\":\"search_term_string\"}}],\"inLanguage\":\"pl-PL\"},{\"@type\":\"Organization\",\"@id\":\"https:\\\/\\\/marcegaglia.pl\\\/pl\\\/#organization\",\"name\":\"Marcegaglia Poland\",\"url\":\"https:\\\/\\\/marcegaglia.pl\\\/pl\\\/\",\"logo\":{\"@type\":\"ImageObject\",\"inLanguage\":\"pl-PL\",\"@id\":\"https:\\\/\\\/marcegaglia.pl\\\/pl\\\/#\\\/schema\\\/logo\\\/image\\\/\",\"url\":\"https:\\\/\\\/marcegaglia.pl\\\/wp-content\\\/uploads\\\/2020\\\/05\\\/favicon_marcegaglia-carbon-steel_512x512.jpg\",\"contentUrl\":\"https:\\\/\\\/marcegaglia.pl\\\/wp-content\\\/uploads\\\/2020\\\/05\\\/favicon_marcegaglia-carbon-steel_512x512.jpg\",\"width\":512,\"height\":512,\"caption\":\"Marcegaglia Poland\"},\"image\":{\"@id\":\"https:\\\/\\\/marcegaglia.pl\\\/pl\\\/#\\\/schema\\\/logo\\\/image\\\/\"}}]}<\/script>\n<!-- \/ Yoast SEO plugin. -->","yoast_head_json":{"title":"Wyroby ze stali - Ci\u0105gnionej pr\u0119ty ze stali nierdzewnej","description":"W specjalistycznym zak\u0142adzie w Contino (Mantova) firma Marcegaglia produkuje wyroby ci\u0105gnione okr\u0105g\u0142e, p\u0142askie oraz kszta\u0142towniki ze stali w\u0119glowej i nierdzewnej zgodne z norm\u0105 EN 10277 i EN 10888; roczne zdolno\u015bci produkcyjne tego zak\u0142adu wynosz\u0105 ponad 200 000 ton.","robots":{"index":"index","follow":"follow","max-snippet":"max-snippet:-1","max-image-preview":"max-image-preview:large","max-video-preview":"max-video-preview:-1"},"canonical":"https:\/\/marcegaglia.pl\/pl\/wyroby-ze-stali-ciagnionej\/","og_locale":"pl_PL","og_type":"article","og_title":"Wyroby ze stali - Ci\u0105gnionej pr\u0119ty ze stali nierdzewnej","og_description":"W specjalistycznym zak\u0142adzie w Contino (Mantova) firma Marcegaglia produkuje wyroby ci\u0105gnione okr\u0105g\u0142e, p\u0142askie oraz kszta\u0142towniki ze stali w\u0119glowej i nierdzewnej zgodne z norm\u0105 EN 10277 i EN 10888; roczne zdolno\u015bci produkcyjne tego zak\u0142adu wynosz\u0105 ponad 200 000 ton.","og_url":"https:\/\/marcegaglia.pl\/pl\/wyroby-ze-stali-ciagnionej\/","og_site_name":"Marcegaglia Poland","article_modified_time":"2020-07-13T08:54:08+00:00","og_image":[{"url":"https:\/\/marcegaglia.pl\/wp-content\/uploads\/2020\/06\/Marcegaglia_custom.jpg","type":"","width":"","height":""}],"twitter_card":"summary_large_image","twitter_misc":{"Szacowany czas czytania":"3 minuty"},"schema":{"@context":"https:\/\/schema.org","@graph":[{"@type":"WebPage","@id":"https:\/\/marcegaglia.pl\/pl\/wyroby-ze-stali-ciagnionej\/","url":"https:\/\/marcegaglia.pl\/pl\/wyroby-ze-stali-ciagnionej\/","name":"Wyroby ze stali - Ci\u0105gnionej pr\u0119ty ze stali nierdzewnej","isPartOf":{"@id":"https:\/\/marcegaglia.pl\/pl\/#website"},"primaryImageOfPage":{"@id":"https:\/\/marcegaglia.pl\/pl\/wyroby-ze-stali-ciagnionej\/#primaryimage"},"image":{"@id":"https:\/\/marcegaglia.pl\/pl\/wyroby-ze-stali-ciagnionej\/#primaryimage"},"thumbnailUrl":"https:\/\/marcegaglia.pl\/wp-content\/uploads\/2020\/06\/Marcegaglia_custom.jpg","datePublished":"2020-04-07T09:14:41+00:00","dateModified":"2020-07-13T08:54:08+00:00","description":"W specjalistycznym zak\u0142adzie w Contino (Mantova) firma Marcegaglia produkuje wyroby ci\u0105gnione okr\u0105g\u0142e, p\u0142askie oraz kszta\u0142towniki ze stali w\u0119glowej i nierdzewnej zgodne z norm\u0105 EN 10277 i EN 10888; roczne zdolno\u015bci produkcyjne tego zak\u0142adu wynosz\u0105 ponad 200 000 ton.","breadcrumb":{"@id":"https:\/\/marcegaglia.pl\/pl\/wyroby-ze-stali-ciagnionej\/#breadcrumb"},"inLanguage":"pl-PL","potentialAction":[{"@type":"ReadAction","target":["https:\/\/marcegaglia.pl\/pl\/wyroby-ze-stali-ciagnionej\/"]}]},{"@type":"ImageObject","inLanguage":"pl-PL","@id":"https:\/\/marcegaglia.pl\/pl\/wyroby-ze-stali-ciagnionej\/#primaryimage","url":"https:\/\/marcegaglia.pl\/wp-content\/uploads\/2020\/06\/Marcegaglia_custom.jpg","contentUrl":"https:\/\/marcegaglia.pl\/wp-content\/uploads\/2020\/06\/Marcegaglia_custom.jpg"},{"@type":"BreadcrumbList","@id":"https:\/\/marcegaglia.pl\/pl\/wyroby-ze-stali-ciagnionej\/#breadcrumb","itemListElement":[{"@type":"ListItem","position":1,"name":"Home","item":"https:\/\/marcegaglia.pl\/en\/"},{"@type":"ListItem","position":2,"name":"Wyroby ze stali ci\u0105gnionej"}]},{"@type":"WebSite","@id":"https:\/\/marcegaglia.pl\/pl\/#website","url":"https:\/\/marcegaglia.pl\/pl\/","name":"Marcegaglia Poland","description":"We give shape to steel","publisher":{"@id":"https:\/\/marcegaglia.pl\/pl\/#organization"},"potentialAction":[{"@type":"SearchAction","target":{"@type":"EntryPoint","urlTemplate":"https:\/\/marcegaglia.pl\/pl\/?s={search_term_string}"},"query-input":{"@type":"PropertyValueSpecification","valueRequired":true,"valueName":"search_term_string"}}],"inLanguage":"pl-PL"},{"@type":"Organization","@id":"https:\/\/marcegaglia.pl\/pl\/#organization","name":"Marcegaglia Poland","url":"https:\/\/marcegaglia.pl\/pl\/","logo":{"@type":"ImageObject","inLanguage":"pl-PL","@id":"https:\/\/marcegaglia.pl\/pl\/#\/schema\/logo\/image\/","url":"https:\/\/marcegaglia.pl\/wp-content\/uploads\/2020\/05\/favicon_marcegaglia-carbon-steel_512x512.jpg","contentUrl":"https:\/\/marcegaglia.pl\/wp-content\/uploads\/2020\/05\/favicon_marcegaglia-carbon-steel_512x512.jpg","width":512,"height":512,"caption":"Marcegaglia Poland"},"image":{"@id":"https:\/\/marcegaglia.pl\/pl\/#\/schema\/logo\/image\/"}}]}},"_links":{"self":[{"href":"https:\/\/marcegaglia.pl\/pl\/wp-json\/wp\/v2\/pages\/8884","targetHints":{"allow":["GET"]}}],"collection":[{"href":"https:\/\/marcegaglia.pl\/pl\/wp-json\/wp\/v2\/pages"}],"about":[{"href":"https:\/\/marcegaglia.pl\/pl\/wp-json\/wp\/v2\/types\/page"}],"author":[{"embeddable":true,"href":"https:\/\/marcegaglia.pl\/pl\/wp-json\/wp\/v2\/users\/1"}],"replies":[{"embeddable":true,"href":"https:\/\/marcegaglia.pl\/pl\/wp-json\/wp\/v2\/comments?post=8884"}],"version-history":[{"count":5,"href":"https:\/\/marcegaglia.pl\/pl\/wp-json\/wp\/v2\/pages\/8884\/revisions"}],"predecessor-version":[{"id":13444,"href":"https:\/\/marcegaglia.pl\/pl\/wp-json\/wp\/v2\/pages\/8884\/revisions\/13444"}],"wp:attachment":[{"href":"https:\/\/marcegaglia.pl\/pl\/wp-json\/wp\/v2\/media?parent=8884"}],"curies":[{"name":"wp","href":"https:\/\/api.w.org\/{rel}","templated":true}]}}