{"id":8882,"date":"2020-04-07T11:53:03","date_gmt":"2020-04-07T11:53:03","guid":{"rendered":"https:\/\/marcegaglia.pl\/quality-and-service\/"},"modified":"2025-02-27T09:19:48","modified_gmt":"2025-02-27T09:19:48","slug":"jakosc-i-obsluga","status":"publish","type":"page","link":"https:\/\/marcegaglia.pl\/pl\/jakosc-i-obsluga\/","title":{"rendered":"Jako\u015b\u0107 i obs\u0142uga"},"content":{"rendered":"<div class=\"wpb-content-wrapper\"><p>[vc_row full_width=&#8221;stretch_row_content_no_spaces&#8221; css=&#8221;.vc_custom_1588594170957{margin-bottom: 2em !important;background-image: url(https:\/\/marcegaglia.pl\/wp-content\/uploads\/2020\/04\/marcegaglia_poland-carbon-steel-quality-banner-1920&#215;306-1.jpg?id=9899) !important;background-position: center !important;background-repeat: no-repeat !important;background-size: cover !important;}&#8221; el_id=&#8221;desk&#8221;][vc_column css=&#8221;.vc_custom_1588591974425{padding-top: 10em !important;padding-bottom: 10em !important;background-position: center !important;background-repeat: no-repeat !important;background-size: cover !important;}&#8221; el_id=&#8221;desk&#8221; offset=&#8221;vc_hidden-sm vc_hidden-xs&#8221;][\/vc_column][\/vc_row][vc_row full_width=&#8221;stretch_row_content_no_spaces&#8221; css=&#8221;.vc_custom_1588594149974{margin-bottom: 2em !important;padding-top: 5em !important;padding-bottom: 5em !important;background-image: url(https:\/\/marcegaglia.pl\/wp-content\/uploads\/2020\/05\/marcegaglia_poland-carbon-steel-quality-banner-1400&#215;700-1.jpg?id=11085) !important;background-position: center !important;background-repeat: no-repeat !important;background-size: cover !important;}&#8221; el_id=&#8221;resp&#8221;][vc_column css=&#8221;.vc_custom_1588592239658{background-position: center !important;background-repeat: no-repeat !important;background-size: cover !important;}&#8221; el_id=&#8221;resp&#8221; offset=&#8221;vc_hidden-lg vc_hidden-md&#8221;][\/vc_column][\/vc_row][vc_row full_width=&#8221;stretch_row&#8221; css=&#8221;.vc_custom_1585049350308{margin-bottom: 2em !important;background-position: center !important;background-repeat: no-repeat !important;background-size: cover !important;}&#8221;][vc_column width=&#8221;1\/2&#8243;][vc_column_text]<\/p>\n<h2>JAKO\u015a\u0106 I OBS\u0141UGA<\/h2>\n<p>[\/vc_column_text][vc_empty_space height=&#8221;20px&#8221;][vc_column_text]D\u0105\u017cenie firmy do doskona\u0142o\u015bci znajduje odzwierciedlenie w po\u015bwi\u0119ceniu i trosce, jak\u0105 Marcegaglia Poland wyra\u017ca na ka\u017cdym etapie produkcji, r\u00f3wnie\u017c w zakresie wsparcia dokumentacyjnego.<\/p>\n<p>Po procesie spawania produkty poddawane s\u0105 obr\u00f3bce z u\u017cyciem najnowszej technologii Marcegaglia stosowanej na liniach do formowania na zimno w <a href=\"https:\/\/marcegaglia.pl\/pl\/marcegaglia-kluczbork\/\" target=\"_blank\" rel=\"noopener noreferrer\">Kluczborku<\/a>, obejmuj\u0105cej szereg operacji podczas produkcji, takich jak usuwanie wyp\u0142ywek spawalniczych, badania nieniszcz\u0105ce i inne badania, oferuj\u0105c te\u017c specjalne wyka\u0144czanie i wymiarowanie ko\u0144c\u00f3w rur.<\/p>\n<p>Wyj\u0105tkowo precyzyjne monitorowanie zewn\u0119trznej \u015brednicy rur mo\u017ce by\u0107 wykonywane bezpo\u015brednio na linii produkcyjnej, z zastosowaniem technologii obrotowego lasera pr\u00f3bkuj\u0105cego, opracowanej przez Marcegaglia i zdolnej do natychmiastowego wykrywania ka\u017cdych odchyle\u0144 od tolerancji wymaganych dla okre\u015blonego zam\u00f3wienia.<\/p>\n<p>Certyfikowany system produkcji Marcegaglia gwarantuje r\u00f3wnie\u017c, \u017ce rury s\u0105 w pe\u0142ni identyfikowalne w ca\u0142ym \u0142a\u0144cuchu produkcyjnym, pocz\u0105wszy od materia\u0142u wsadowego po jego w\u0142a\u015bciwo\u015bci chemiczne i mechaniczne \u2013 dzi\u0119ki temu firma zapewnia absolutn\u0105 zgodno\u015b\u0107 swoich wyrob\u00f3w do wymaganych zastosowa\u0144, produkowanych w oparciu o odpowiednie normy.<\/p>\n<p>Po spawaniu i testowaniu rury s\u0105 ci\u0119te na d\u0142ugo\u015b\u0107, pakowane i przechowywane zgodnie z konkretnymi wymaganiami.<\/p>\n<p>Produkcja p\u0142yt warstwowych w zak\u0142adzie w <strong>Praszce<\/strong> oparta jest na <strong>systemie jako\u015bci<\/strong> opracowanym w centrum produkcyjnym w Mediolanie. Produkty posiadaj\u0105 certyfikaty g\u0142ownych towarzystw klasyfikacyjnych oraz oznakowanie CE.<\/p>\n<p>Nowoczesny zak\u0142ad produkcyjny zajmuje si\u0119 konstruowaniem oraz monta\u017cem <strong>skraplaczy i parownik\u00f3w<\/strong>.[\/vc_column_text][\/vc_column][vc_column width=&#8221;1\/2&#8243;][vc_column_text]<\/p>\n<div><b>Certyfikaty:<\/b><\/div>\n<div>\n<div>\u2022 ISO 9001:2015<\/div>\n<div>\u2022 IATF 16949:2016<\/div>\n<div>\u2022 Certyfikat zgodno\u015bci dla fabrycznej kontroli produkcji wyrob\u00f3w budowlanych zgodnie z rozporz\u0105dzeniem nr 305\/2011\/UE &#8211; WYROBY P\u0141ASKIE (EN 10025-1)<\/div>\n<div>\u2022 Certyfikat zgodno\u015bci dla fabrycznej kontroli produkcji wyrob\u00f3w budowlanych zgodnie z rozporz\u0105dzeniem nr 305\/2011\/UE &#8211; RURY (EN 10219-1)<\/div>\n<div>\u2022 Krajowy certyfikat zgodno\u015bci w\u0142a\u015bciwo\u015bci u\u017cytkowych, dla rur ze szwem do zastosowa\u0144 ci\u015bnieniowych, zgodnie z PN-EN 10217-1<\/div>\n<\/div>\n<p>[\/vc_column_text][vc_empty_space height=&#8221;20px&#8221;][vc_row_inner el_id=&#8221;quality_icons&#8221;][vc_column_inner width=&#8221;1\/5&#8243; offset=&#8221;vc_col-xs-4&#8243;][vc_single_image image=&#8221;14617&#8243; img_size=&#8221;full&#8221; onclick=&#8221;custom_link&#8221; img_link_target=&#8221;_blank&#8221; link=&#8221;https:\/\/marcegaglia.pl\/wp-content\/uploads\/2025\/02\/Certificate_ISO_MARCEGAGLIA-POLAND-SP-Z-O.O.pdf&#8221; el_class=&#8221;certificate-icon&#8221;][\/vc_column_inner][vc_column_inner width=&#8221;1\/5&#8243; offset=&#8221;vc_col-xs-4&#8243;][vc_single_image image=&#8221;14619&#8243; img_size=&#8221;full&#8221; onclick=&#8221;custom_link&#8221; img_link_target=&#8221;_blank&#8221; link=&#8221;https:\/\/marcegaglia.pl\/wp-content\/uploads\/2025\/02\/Certificate_IATF_MARCEGAGLIA-POLAND-SP-Z-O.O_.pdf&#8221;][\/vc_column_inner][vc_column_inner width=&#8221;1\/5&#8243; offset=&#8221;vc_col-xs-4&#8243;][vc_single_image image=&#8221;14615&#8243; img_size=&#8221;full&#8221; onclick=&#8221;custom_link&#8221; img_link_target=&#8221;_blank&#8221; link=&#8221;https:\/\/marcegaglia.pl\/wp-content\/uploads\/2020\/04\/Certificate_Conformity_0474-CPR-0634.pdf&#8221;][\/vc_column_inner][vc_column_inner width=&#8221;1\/5&#8243;][vc_single_image image=&#8221;14613&#8243; img_size=&#8221;full&#8221; onclick=&#8221;custom_link&#8221; img_link_target=&#8221;_blank&#8221; link=&#8221;https:\/\/marcegaglia.pl\/wp-content\/uploads\/2022\/03\/Certificato-Allegato-0474-CPR-0562_scan.pdf&#8221;][\/vc_column_inner][vc_column_inner width=&#8221;1\/5&#8243;][vc_single_image image=&#8221;14611&#8243; img_size=&#8221;full&#8221; onclick=&#8221;custom_link&#8221; img_link_target=&#8221;_blank&#8221; link=&#8221;https:\/\/marcegaglia.pl\/wp-content\/uploads\/2025\/02\/Krajowy-certyfikat-stalosci-wlasciwosci-uzytkowych-Nr-005_UWB-214.pdf&#8221;][\/vc_column_inner][\/vc_row_inner][vc_empty_space]<div id=\"cz_53510\" class=\"cz_53510 slick arrows_mlr no_dots arrows_inner\" data-slick='{\"selector\":\"\",\"slidesToShow\":1,\"slidesToScroll\":1,\"rows\":1,\"fade\":true,\"vertical\":false,\"verticalSwiping\":false,\"infinite\":false,\"speed\":1000,\"swipeToSlide\":true,\"centerMode\":false,\"centerPadding\":\"\",\"variableWidth\":false,\"autoplay\":false,\"autoplaySpeed\":4000,\"dots\":true,\"counts\":false,\"adaptiveHeight\":false,\"responsive\":[{\"breakpoint\":769,\"settings\":{\"slidesToShow\":1,\"slidesToScroll\":1,\"infinite\":true,\"touchMove\":true}},{\"breakpoint\":481,\"settings\":{\"slidesToShow\":1,\"slidesToScroll\":1,\"infinite\":true,\"touchMove\":true}}]}' data-slick-prev=\"fa fa-chevron-left\" data-slick-next=\"fa fa-chevron-right\">[vc_single_image image=&#8221;8883&#8243; img_size=&#8221;full&#8221;][vc_single_image image=&#8221;8893&#8243; img_size=&#8221;full&#8221;][vc_single_image image=&#8221;8894&#8243; img_size=&#8221;full&#8221;][vc_single_image image=&#8221;8895&#8243; img_size=&#8221;full&#8221;][vc_single_image image=&#8221;8896&#8243; img_size=&#8221;full&#8221;][vc_single_image image=&#8221;8897&#8243; img_size=&#8221;full&#8221;]<\/div><div><\/div>[\/vc_column][\/vc_row]<\/p>\n<\/div>","protected":false},"excerpt":{"rendered":"<p>[vc_row full_width=&#8221;stretch_row_content_no_spaces&#8221; css=&#8221;.vc_custom_1588594170957{margin-bottom: 2em !important;background-image: url(https:\/\/marcegaglia.pl\/wp-content\/uploads\/2020\/04\/marcegaglia_poland-carbon-steel-quality-banner-1920&#215;306-1.jpg?id=9899) !important;background-position: center !important;background-repeat: no-repeat !important;background-size: &#8230; <\/p>\n","protected":false},"author":1,"featured_media":0,"parent":0,"menu_order":0,"comment_status":"closed","ping_status":"closed","template":"","meta":{"footnotes":""},"class_list":["post-8882","page","type-page","status-publish","hentry"],"yoast_head":"<!-- This site is optimized with the Yoast SEO plugin v27.3 - https:\/\/yoast.com\/product\/yoast-seo-wordpress\/ -->\n<title>Jako\u015b\u0107 i obs\u0142uga - Marcegaglia Poland<\/title>\n<meta name=\"robots\" content=\"index, follow, max-snippet:-1, max-image-preview:large, max-video-preview:-1\" \/>\n<link rel=\"canonical\" href=\"https:\/\/marcegaglia.pl\/pl\/jakosc-i-obsluga\/\" \/>\n<meta property=\"og:locale\" content=\"pl_PL\" \/>\n<meta property=\"og:type\" content=\"article\" \/>\n<meta property=\"og:title\" content=\"Jako\u015b\u0107 i obs\u0142uga - Marcegaglia Poland\" \/>\n<meta property=\"og:description\" content=\"[vc_row full_width=&#8221;stretch_row_content_no_spaces&#8221; css=&#8221;.vc_custom_1588594170957{margin-bottom: 2em !important;background-image: url(https:\/\/marcegaglia.pl\/wp-content\/uploads\/2020\/04\/marcegaglia_poland-carbon-steel-quality-banner-1920&#215;306-1.jpg?id=9899) !important;background-position: center !important;background-repeat: no-repeat !important;background-size: ...\" \/>\n<meta property=\"og:url\" content=\"https:\/\/marcegaglia.pl\/pl\/jakosc-i-obsluga\/\" \/>\n<meta property=\"og:site_name\" content=\"Marcegaglia Poland\" \/>\n<meta property=\"article:modified_time\" content=\"2025-02-27T09:19:48+00:00\" \/>\n<meta property=\"og:image\" content=\"https:\/\/marcegaglia.pl\/wp-content\/uploads\/2024\/04\/marcegaglia_poland_yoast.jpg\" \/>\n\t<meta property=\"og:image:width\" content=\"600\" \/>\n\t<meta property=\"og:image:height\" content=\"338\" \/>\n\t<meta property=\"og:image:type\" content=\"image\/jpeg\" \/>\n<meta name=\"twitter:card\" content=\"summary_large_image\" \/>\n<meta name=\"twitter:label1\" content=\"Szacowany czas czytania\" \/>\n\t<meta name=\"twitter:data1\" content=\"2 minuty\" \/>\n<script type=\"application\/ld+json\" class=\"yoast-schema-graph\">{\"@context\":\"https:\\\/\\\/schema.org\",\"@graph\":[{\"@type\":\"WebPage\",\"@id\":\"https:\\\/\\\/marcegaglia.pl\\\/pl\\\/jakosc-i-obsluga\\\/\",\"url\":\"https:\\\/\\\/marcegaglia.pl\\\/pl\\\/jakosc-i-obsluga\\\/\",\"name\":\"Jako\u015b\u0107 i obs\u0142uga - Marcegaglia Poland\",\"isPartOf\":{\"@id\":\"https:\\\/\\\/marcegaglia.pl\\\/pl\\\/#website\"},\"datePublished\":\"2020-04-07T11:53:03+00:00\",\"dateModified\":\"2025-02-27T09:19:48+00:00\",\"breadcrumb\":{\"@id\":\"https:\\\/\\\/marcegaglia.pl\\\/pl\\\/jakosc-i-obsluga\\\/#breadcrumb\"},\"inLanguage\":\"pl-PL\",\"potentialAction\":[{\"@type\":\"ReadAction\",\"target\":[\"https:\\\/\\\/marcegaglia.pl\\\/pl\\\/jakosc-i-obsluga\\\/\"]}]},{\"@type\":\"BreadcrumbList\",\"@id\":\"https:\\\/\\\/marcegaglia.pl\\\/pl\\\/jakosc-i-obsluga\\\/#breadcrumb\",\"itemListElement\":[{\"@type\":\"ListItem\",\"position\":1,\"name\":\"Home\",\"item\":\"https:\\\/\\\/marcegaglia.pl\\\/en\\\/\"},{\"@type\":\"ListItem\",\"position\":2,\"name\":\"Jako\u015b\u0107 i obs\u0142uga\"}]},{\"@type\":\"WebSite\",\"@id\":\"https:\\\/\\\/marcegaglia.pl\\\/pl\\\/#website\",\"url\":\"https:\\\/\\\/marcegaglia.pl\\\/pl\\\/\",\"name\":\"Marcegaglia Poland\",\"description\":\"We give shape to steel\",\"publisher\":{\"@id\":\"https:\\\/\\\/marcegaglia.pl\\\/pl\\\/#organization\"},\"potentialAction\":[{\"@type\":\"SearchAction\",\"target\":{\"@type\":\"EntryPoint\",\"urlTemplate\":\"https:\\\/\\\/marcegaglia.pl\\\/pl\\\/?s={search_term_string}\"},\"query-input\":{\"@type\":\"PropertyValueSpecification\",\"valueRequired\":true,\"valueName\":\"search_term_string\"}}],\"inLanguage\":\"pl-PL\"},{\"@type\":\"Organization\",\"@id\":\"https:\\\/\\\/marcegaglia.pl\\\/pl\\\/#organization\",\"name\":\"Marcegaglia Poland\",\"url\":\"https:\\\/\\\/marcegaglia.pl\\\/pl\\\/\",\"logo\":{\"@type\":\"ImageObject\",\"inLanguage\":\"pl-PL\",\"@id\":\"https:\\\/\\\/marcegaglia.pl\\\/pl\\\/#\\\/schema\\\/logo\\\/image\\\/\",\"url\":\"https:\\\/\\\/marcegaglia.pl\\\/wp-content\\\/uploads\\\/2020\\\/05\\\/favicon_marcegaglia-carbon-steel_512x512.jpg\",\"contentUrl\":\"https:\\\/\\\/marcegaglia.pl\\\/wp-content\\\/uploads\\\/2020\\\/05\\\/favicon_marcegaglia-carbon-steel_512x512.jpg\",\"width\":512,\"height\":512,\"caption\":\"Marcegaglia Poland\"},\"image\":{\"@id\":\"https:\\\/\\\/marcegaglia.pl\\\/pl\\\/#\\\/schema\\\/logo\\\/image\\\/\"}}]}<\/script>\n<!-- \/ Yoast SEO plugin. -->","yoast_head_json":{"title":"Jako\u015b\u0107 i obs\u0142uga - Marcegaglia Poland","robots":{"index":"index","follow":"follow","max-snippet":"max-snippet:-1","max-image-preview":"max-image-preview:large","max-video-preview":"max-video-preview:-1"},"canonical":"https:\/\/marcegaglia.pl\/pl\/jakosc-i-obsluga\/","og_locale":"pl_PL","og_type":"article","og_title":"Jako\u015b\u0107 i obs\u0142uga - Marcegaglia Poland","og_description":"[vc_row full_width=&#8221;stretch_row_content_no_spaces&#8221; css=&#8221;.vc_custom_1588594170957{margin-bottom: 2em !important;background-image: url(https:\/\/marcegaglia.pl\/wp-content\/uploads\/2020\/04\/marcegaglia_poland-carbon-steel-quality-banner-1920&#215;306-1.jpg?id=9899) !important;background-position: center !important;background-repeat: no-repeat !important;background-size: ...","og_url":"https:\/\/marcegaglia.pl\/pl\/jakosc-i-obsluga\/","og_site_name":"Marcegaglia Poland","article_modified_time":"2025-02-27T09:19:48+00:00","og_image":[{"width":600,"height":338,"url":"https:\/\/marcegaglia.pl\/wp-content\/uploads\/2024\/04\/marcegaglia_poland_yoast.jpg","type":"image\/jpeg"}],"twitter_card":"summary_large_image","twitter_misc":{"Szacowany czas czytania":"2 minuty"},"schema":{"@context":"https:\/\/schema.org","@graph":[{"@type":"WebPage","@id":"https:\/\/marcegaglia.pl\/pl\/jakosc-i-obsluga\/","url":"https:\/\/marcegaglia.pl\/pl\/jakosc-i-obsluga\/","name":"Jako\u015b\u0107 i obs\u0142uga - Marcegaglia Poland","isPartOf":{"@id":"https:\/\/marcegaglia.pl\/pl\/#website"},"datePublished":"2020-04-07T11:53:03+00:00","dateModified":"2025-02-27T09:19:48+00:00","breadcrumb":{"@id":"https:\/\/marcegaglia.pl\/pl\/jakosc-i-obsluga\/#breadcrumb"},"inLanguage":"pl-PL","potentialAction":[{"@type":"ReadAction","target":["https:\/\/marcegaglia.pl\/pl\/jakosc-i-obsluga\/"]}]},{"@type":"BreadcrumbList","@id":"https:\/\/marcegaglia.pl\/pl\/jakosc-i-obsluga\/#breadcrumb","itemListElement":[{"@type":"ListItem","position":1,"name":"Home","item":"https:\/\/marcegaglia.pl\/en\/"},{"@type":"ListItem","position":2,"name":"Jako\u015b\u0107 i obs\u0142uga"}]},{"@type":"WebSite","@id":"https:\/\/marcegaglia.pl\/pl\/#website","url":"https:\/\/marcegaglia.pl\/pl\/","name":"Marcegaglia Poland","description":"We give shape to steel","publisher":{"@id":"https:\/\/marcegaglia.pl\/pl\/#organization"},"potentialAction":[{"@type":"SearchAction","target":{"@type":"EntryPoint","urlTemplate":"https:\/\/marcegaglia.pl\/pl\/?s={search_term_string}"},"query-input":{"@type":"PropertyValueSpecification","valueRequired":true,"valueName":"search_term_string"}}],"inLanguage":"pl-PL"},{"@type":"Organization","@id":"https:\/\/marcegaglia.pl\/pl\/#organization","name":"Marcegaglia Poland","url":"https:\/\/marcegaglia.pl\/pl\/","logo":{"@type":"ImageObject","inLanguage":"pl-PL","@id":"https:\/\/marcegaglia.pl\/pl\/#\/schema\/logo\/image\/","url":"https:\/\/marcegaglia.pl\/wp-content\/uploads\/2020\/05\/favicon_marcegaglia-carbon-steel_512x512.jpg","contentUrl":"https:\/\/marcegaglia.pl\/wp-content\/uploads\/2020\/05\/favicon_marcegaglia-carbon-steel_512x512.jpg","width":512,"height":512,"caption":"Marcegaglia Poland"},"image":{"@id":"https:\/\/marcegaglia.pl\/pl\/#\/schema\/logo\/image\/"}}]}},"_links":{"self":[{"href":"https:\/\/marcegaglia.pl\/pl\/wp-json\/wp\/v2\/pages\/8882","targetHints":{"allow":["GET"]}}],"collection":[{"href":"https:\/\/marcegaglia.pl\/pl\/wp-json\/wp\/v2\/pages"}],"about":[{"href":"https:\/\/marcegaglia.pl\/pl\/wp-json\/wp\/v2\/types\/page"}],"author":[{"embeddable":true,"href":"https:\/\/marcegaglia.pl\/pl\/wp-json\/wp\/v2\/users\/1"}],"replies":[{"embeddable":true,"href":"https:\/\/marcegaglia.pl\/pl\/wp-json\/wp\/v2\/comments?post=8882"}],"version-history":[{"count":5,"href":"https:\/\/marcegaglia.pl\/pl\/wp-json\/wp\/v2\/pages\/8882\/revisions"}],"predecessor-version":[{"id":14648,"href":"https:\/\/marcegaglia.pl\/pl\/wp-json\/wp\/v2\/pages\/8882\/revisions\/14648"}],"wp:attachment":[{"href":"https:\/\/marcegaglia.pl\/pl\/wp-json\/wp\/v2\/media?parent=8882"}],"curies":[{"name":"wp","href":"https:\/\/api.w.org\/{rel}","templated":true}]}}