{"id":8847,"date":"2020-04-08T07:36:16","date_gmt":"2020-04-08T07:36:16","guid":{"rendered":"https:\/\/marcegaglia.pl\/strips\/"},"modified":"2020-06-30T14:46:12","modified_gmt":"2020-06-30T14:46:12","slug":"tasm","status":"publish","type":"page","link":"https:\/\/marcegaglia.pl\/pl\/tasm\/","title":{"rendered":"Ta\u015bmy"},"content":{"rendered":"<div class=\"wpb-content-wrapper\"><p>[vc_row full_width=&#8221;stretch_row_content_no_spaces&#8221; css=&#8221;.vc_custom_1586330942193{margin-bottom: 2em !important;background-position: center !important;background-repeat: no-repeat !important;background-size: cover !important;}&#8221; el_id=&#8221;titoli_strips&#8221;][vc_column width=&#8221;1\/4&#8243; css=&#8221;.vc_custom_1586330966231{padding-top: 10em !important;padding-bottom: 10em !important;background-position: center !important;background-repeat: no-repeat !important;background-size: cover !important;}&#8221; el_id=&#8221;pickled_strips_column&#8221;][vc_column_text]<\/p>\n<h4 style=\"text-align: center;\"><span style=\"color: #ffffff;\">TA\u015aMY TRAWIONE<\/span><\/h4>\n<p>[\/vc_column_text][vc_empty_space height=&#8221;15px&#8221;]<div class=\"cz_btn_center\"><div class=\"cz_73189_p\"><a id=\"cz_73189\" class=\"cz_73189 cz_btn cz_btn_txt_no_fx cz_btn_no_fx\" href=\"https:\/\/marcegaglia.pl\/pl\/tasmy-trawione\/\" title=\"TA\u015aMY TRAWIONE\" aria-label=\"TA\u015aMY TRAWIONE\"><span><strong>POZNAJ NASZE WYROBY<\/strong><\/span><b class=\"cz_btn_onhover\"><strong>POZNAJ NASZE WYROBY<\/strong><\/b><\/a><\/div><\/div>[\/vc_column][vc_column width=&#8221;1\/4&#8243; css=&#8221;.vc_custom_1586523229216{padding-top: 10em !important;padding-bottom: 10em !important;background-position: center !important;background-repeat: no-repeat !important;background-size: cover !important;}&#8221; el_id=&#8221;cold_rolled_strips_column&#8221;][vc_column_text]<\/p>\n<h4 style=\"text-align: center;\"><span style=\"color: #ffffff;\">TA\u015aMY WALCOWANE NA ZIMNO<\/span><\/h4>\n<p>[\/vc_column_text][vc_empty_space height=&#8221;15px&#8221;]<div class=\"cz_btn_center\"><div class=\"cz_98400_p\"><a id=\"cz_98400\" class=\"cz_98400 cz_btn cz_btn_txt_no_fx cz_btn_no_fx\" href=\"https:\/\/marcegaglia.pl\/pl\/tasmy-walcowane-na-zimno\/\" title=\"TA\u015aMY WALCOWANE NA ZIMNO\" aria-label=\"TA\u015aMY WALCOWANE NA ZIMNO\"><span><strong>POZNAJ NASZE WYROBY<\/strong><\/span><b class=\"cz_btn_onhover\"><strong>POZNAJ NASZE WYROBY<\/strong><\/b><\/a><\/div><\/div>[\/vc_column][vc_column width=&#8221;1\/4&#8243; css=&#8221;.vc_custom_1586523233303{padding-top: 10em !important;padding-bottom: 10em !important;background-position: center !important;background-repeat: no-repeat !important;background-size: cover !important;}&#8221; el_id=&#8221;galvanized_strips_column&#8221;][vc_column_text]<\/p>\n<h4 style=\"text-align: center;\"><span style=\"color: #ffffff;\">TA\u015aMY OCYNKOWANE OGNIOWO<\/span><\/h4>\n<p>[\/vc_column_text][vc_empty_space height=&#8221;15px&#8221;]<div class=\"cz_btn_center\"><div class=\"cz_43146_p\"><a id=\"cz_43146\" class=\"cz_43146 cz_btn cz_btn_txt_no_fx cz_btn_no_fx\" href=\"https:\/\/marcegaglia.pl\/pl\/tasmy-ocynkowane-ogniowo\/\" title=\"TA\u015aMY OCYNKOWANE OGNIOWO\" aria-label=\"TA\u015aMY OCYNKOWANE OGNIOWO\"><span><strong>POZNAJ NASZE WYROBY<\/strong><\/span><b class=\"cz_btn_onhover\"><strong>POZNAJ NASZE WYROBY<\/strong><\/b><\/a><\/div><\/div>[\/vc_column][vc_column width=&#8221;1\/4&#8243; el_id=&#8221;oscillated_strips&#8221; css=&#8221;.vc_custom_1586331139190{padding-top: 10em !important;padding-bottom: 10em !important;}&#8221;][vc_column_text]<\/p>\n<h4 style=\"text-align: center;\"><span style=\"color: #ffffff;\">P\u0141ASKOWNIKI ZWIJANE W KR\u0118GACH<\/span><\/h4>\n<p>[\/vc_column_text][vc_empty_space height=&#8221;15px&#8221;]<div class=\"cz_btn_center\"><div class=\"cz_75345_p\"><a id=\"cz_75345\" class=\"cz_75345 cz_btn cz_btn_txt_no_fx cz_btn_no_fx\" href=\"https:\/\/marcegaglia.pl\/pl\/plaskowniki-zwijane-w-kregach\/\" title=\"P\u0141ASKOWNIKI ZWIJANE W KR\u0118GACH\" aria-label=\"P\u0141ASKOWNIKI ZWIJANE W KR\u0118GACH\"><span><strong>POZNAJ NASZE WYROBY<\/strong><\/span><b class=\"cz_btn_onhover\"><strong>POZNAJ NASZE WYROBY<\/strong><\/b><\/a><\/div><\/div>[\/vc_column][\/vc_row][vc_row full_width=&#8221;stretch_row&#8221; css=&#8221;.vc_custom_1586329392622{margin-bottom: 2em !important;background-position: center !important;background-repeat: no-repeat !important;background-size: cover !important;}&#8221;][vc_column][vc_column_text]<\/p>\n<h2><b>TA\u015aMY<\/b><\/h2>\n<p><b>Wytrawiane, walcowane na zimno i ocynkowane<\/b><\/p>\n<p>Firma Marcegaglia posiada w ofercie szerok\u0105 gam\u0119 ta\u015bm stalowych walcowanych na gor\u0105co, walcowanych i wyka\u0144czanych na zimno oraz cynkowanych na gor\u0105co, aby spe\u0142ni\u0107 <strong>standardowe i specjalne wymagania zr\u00f3\u017cnicowanych bran\u017c produkcyjnych<\/strong>, w kt\u00f3rych produkty te znajduj\u0105 zastosowanie. Unikatowe cechy, jakimi odznacza si\u0119 produkcyjna i logistyczna sie\u0107 firmy Marcegaglia, pozwalaj\u0105 na stworzenie <strong>synergicznej wi\u0119zi z klientami<\/strong>; w celu optymalizacji zakup\u00f3w i zaopatrzenia po\u0142\u0105czono bowiem sekwencj\u0119 proces\u00f3w przemys\u0142owych i rozw\u00f3j jako\u015bci nie tylko dla produkt\u00f3w standardowych, lecz tak\u017ce dla wyrob\u00f3w do zastosowa\u0144 specjalnych.<\/p>\n<p>Stal dla przemys\u0142u <strong>motoryzacyjnego<\/strong>, stal do wykrawania precyzyjnego i stal do <strong>silnik\u00f3w elektrycznych<\/strong> to tylko niekt\u00f3re z wielu zastosowa\u0144 w\u0105skiej ta\u015bmy stalowej firmy Marcegaglia, do kt\u00f3rej, opr\u00f3cz stali do g\u0142\u0119bokiego t\u0142oczenia, zalicza si\u0119 dzisiaj tak\u017ce stal <strong>magnetyczn\u0105 po obr\u00f3bce wst\u0119pnej<\/strong> i stal ocynkowan\u0105 o <strong>g\u0142adkiej b\u0142yszcz\u0105cej<\/strong> powierzchni przeznaczon\u0105 do specyficznych zastosowa\u0144 przemys\u0142owych.<\/p>\n<p>Proces ci\u0119cia ta\u015bm Marcegaglia skupiony jest w 4 europejskich zak\u0142adach: w\u00a0<a href=\"http:\/\/www.marcegaglia.com\/stab_e\/ravenna\/ravenna.html\" target=\"_blank\" rel=\"noopener noreferrer\"><b>Rawennie<\/b><\/a>, <a href=\"http:\/\/www.marcegaglia.com\/stab_e\/gazoldo\/index.html\" target=\"_blank\" rel=\"noopener noreferrer\"><b>Gazoldo degli Ippoliti<\/b><\/a> i <a href=\"http:\/\/www.marcegaglia.com\/stab_e\/corsico\/index.html\" target=\"_blank\" rel=\"noopener noreferrer\"><b>Corsico<\/b><\/a> we W\u0142oszech oraz w <a href=\"https:\/\/marcegaglia.pl\/pl\/marcegaglia-kluczbork\/\" target=\"_blank\" rel=\"noopener noreferrer\"><b>Kluczborku<\/b><\/a> w Polsce. Obr\u00f3bk\u0105 ta\u015bm zajmuje si\u0119 r\u00f3wnie\u017c brazylijski zak\u0142ad produkcyjny w <a href=\"https:\/\/www.marcegagliadobrasil.com\/?lang=en\" target=\"_blank\" rel=\"noopener noreferrer\"><b>Garuva<\/b><\/a> natomiast zak\u0142ady w <strong>USA<\/strong> s\u0105 bazami logistycznymi.<\/p>\n<p>W sieci swoich zak\u0142ad\u00f3w Marcegaglia zapewni\u0142a zr\u00f3\u017cnicowanie produkcji; okre\u015blone rodzaje materia\u0142\u00f3w wykonywane s\u0105 bowiem w zak\u0142adach specjalistycznych, dla przyk\u0142adu walcowanie wt\u00f3rne ta\u015bm w\u0105skich przeznaczonych do zastosowa\u0144 specjalnych przeprowadzane jest w Gazoldo degli Ippoliti (siedzibie g\u0142\u00f3wnej Grupy).[\/vc_column_text][\/vc_column][\/vc_row][vc_row full_width=&#8221;stretch_row&#8221; css=&#8221;.vc_custom_1586329392622{margin-bottom: 2em !important;background-position: center !important;background-repeat: no-repeat !important;background-size: cover !important;}&#8221;][vc_column width=&#8221;1\/2&#8243;][vc_column_text]<\/p>\n<table style=\"width: 100%;\" border=\"0\" cellspacing=\"0\" cellpadding=\"0\">\n<tbody>\n<tr>\n<td style=\"text-align: left; color: #fff;\" colspan=\"3\" bgcolor=\"#36424a\"><strong>Asortyment wyrob\u00f3w Kluczbork<\/strong><\/td>\n<\/tr>\n<tr>\n<td width=\"35%\"><strong>Grubo\u015b\u0107 min. &#8211; maks.\u00a0(mm)<\/strong><\/td>\n<td style=\"text-align: center;\" width=\"5%\"><\/td>\n<td style=\"text-align: center;\" width=\"5%\">0,3 \u2013 6,0<\/td>\n<\/tr>\n<tr>\n<td rowspan=\"2\" width=\"35%\"><strong>Szeroko\u015b\u0107 min.\u00a0(mm)<\/strong><\/td>\n<td style=\"text-align: center;\" width=\"30%\">0,30 \u2264 thickness \u2264 3,00 mm<\/td>\n<td style=\"text-align: center;\" width=\"5%\">30,0<\/td>\n<\/tr>\n<tr>\n<td style=\"text-align: center;\" width=\"30%\">3,00 \u2264 thickness \u2264 6,00<\/td>\n<td style=\"text-align: center;\" width=\"5%\">45,0<\/td>\n<\/tr>\n<tr>\n<td width=\"35%\"><strong>Szeroko\u015b\u0107\u00a0maks. (mm)<\/strong><\/td>\n<td style=\"text-align: center;\" width=\"5%\"><\/td>\n<td style=\"text-align: center;\" width=\"5%\">1,500*<\/td>\n<\/tr>\n<tr>\n<td colspan=\"3\" align=\"left\">Specific tolerances upon request<\/td>\n<\/tr>\n<tr>\n<td width=\"35%\"><strong>\u015arednica zewn\u0119trzna maks. (mm)<\/strong><\/td>\n<td style=\"text-align: center;\" width=\"5%\"><\/td>\n<td style=\"text-align: center;\" width=\"5%\">2.150*<\/td>\n<\/tr>\n<tr>\n<td width=\"35%\"><strong>\u015arednica wewn\u0119trzna (mm)<\/strong><\/td>\n<td style=\"text-align: center;\" width=\"5%\"><\/td>\n<td style=\"text-align: center;\" width=\"5%\">508-610*<\/td>\n<\/tr>\n<tr>\n<td width=\"35%\"><strong>Ci\u0119\u017car maks. (kg)<\/strong><\/td>\n<td style=\"text-align: center;\" width=\"5%\"><\/td>\n<td style=\"text-align: center;\" width=\"5%\">5.000*<\/td>\n<\/tr>\n<tr>\n<td colspan=\"3\" align=\"left\">*Grubo\u015b\u0107 na \u017cyczenie<\/td>\n<\/tr>\n<\/tbody>\n<\/table>\n<p>[\/vc_column_text][\/vc_column][vc_column width=&#8221;1\/2&#8243;]<div id=\"cz_90529\" class=\"cz_90529 slick arrows_mlr no_dots arrows_inner\" data-slick='{\"selector\":\"\",\"slidesToShow\":1,\"slidesToScroll\":1,\"rows\":1,\"fade\":true,\"vertical\":false,\"verticalSwiping\":false,\"infinite\":true,\"speed\":1000,\"swipeToSlide\":true,\"centerMode\":false,\"centerPadding\":\"\",\"variableWidth\":false,\"autoplay\":false,\"autoplaySpeed\":4000,\"dots\":true,\"counts\":false,\"adaptiveHeight\":false,\"responsive\":[{\"breakpoint\":769,\"settings\":{\"slidesToShow\":2,\"slidesToScroll\":1,\"infinite\":true,\"touchMove\":true}},{\"breakpoint\":481,\"settings\":{\"slidesToShow\":1,\"slidesToScroll\":1,\"infinite\":true,\"touchMove\":true}}]}' data-slick-prev=\"fa fa-chevron-left\" data-slick-next=\"fa fa-chevron-right\">[vc_single_image image=&#8221;8860&#8243; img_size=&#8221;full&#8221;][vc_single_image image=&#8221;8861&#8243; img_size=&#8221;full&#8221;][vc_single_image image=&#8221;8862&#8243; img_size=&#8221;full&#8221;][vc_single_image image=&#8221;8863&#8243; img_size=&#8221;full&#8221;][vc_single_image image=&#8221;8864&#8243; img_size=&#8221;full&#8221;][vc_single_image image=&#8221;8865&#8243; img_size=&#8221;full&#8221;][vc_single_image image=&#8221;8866&#8243; img_size=&#8221;full&#8221;]<\/div><div><\/div>[\/vc_column][\/vc_row][vc_row full_width=&#8221;stretch_row&#8221; content_placement=&#8221;middle&#8221; css=&#8221;.vc_custom_1584977137323{margin-bottom: 3em !important;background-position: center !important;background-repeat: no-repeat !important;background-size: cover !important;}&#8221; el_id=&#8221;titolo_pag_prodotto_app&#8221;][vc_column][vc_column_text]<\/p>\n<h4>Typowe zastosowania<\/h4>\n<p>[\/vc_column_text][vc_empty_space][vc_row_inner css=&#8221;.vc_custom_1584956558029{margin-bottom: 2em !important;}&#8221;][vc_column_inner width=&#8221;1\/3&#8243;][vc_single_image image=&#8221;8848&#8243; img_size=&#8221;full&#8221;][\/vc_column_inner][vc_column_inner width=&#8221;1\/3&#8243;][vc_single_image image=&#8221;8858&#8243; img_size=&#8221;full&#8221;][\/vc_column_inner][vc_column_inner width=&#8221;1\/3&#8243;][vc_single_image image=&#8221;8859&#8243; img_size=&#8221;full&#8221;][\/vc_column_inner][\/vc_row_inner][\/vc_column][\/vc_row]<\/p>\n<\/div>","protected":false},"excerpt":{"rendered":"<p>[vc_row full_width=&#8221;stretch_row_content_no_spaces&#8221; css=&#8221;.vc_custom_1586330942193{margin-bottom: 2em !important;background-position: center !important;background-repeat: no-repeat !important;background-size: cover !important;}&#8221; &#8230; <\/p>\n","protected":false},"author":1,"featured_media":0,"parent":0,"menu_order":0,"comment_status":"closed","ping_status":"closed","template":"","meta":{"footnotes":""},"class_list":["post-8847","page","type-page","status-publish","hentry"],"yoast_head":"<!-- This site is optimized with the Yoast SEO plugin v27.3 - https:\/\/yoast.com\/product\/yoast-seo-wordpress\/ -->\n<title>Ta\u015bmy - Marcegaglia Poland<\/title>\n<meta name=\"robots\" content=\"index, follow, max-snippet:-1, max-image-preview:large, max-video-preview:-1\" \/>\n<link rel=\"canonical\" href=\"https:\/\/marcegaglia.pl\/pl\/tasm\/\" \/>\n<meta property=\"og:locale\" content=\"pl_PL\" \/>\n<meta property=\"og:type\" content=\"article\" \/>\n<meta property=\"og:title\" content=\"Ta\u015bmy - Marcegaglia Poland\" \/>\n<meta property=\"og:description\" content=\"[vc_row full_width=&#8221;stretch_row_content_no_spaces&#8221; css=&#8221;.vc_custom_1586330942193{margin-bottom: 2em !important;background-position: center !important;background-repeat: no-repeat !important;background-size: cover !important;}&#8221; ...\" \/>\n<meta property=\"og:url\" content=\"https:\/\/marcegaglia.pl\/pl\/tasm\/\" \/>\n<meta property=\"og:site_name\" content=\"Marcegaglia Poland\" \/>\n<meta property=\"article:modified_time\" content=\"2020-06-30T14:46:12+00:00\" \/>\n<meta property=\"og:image\" content=\"https:\/\/marcegaglia.pl\/wp-content\/uploads\/2024\/04\/marcegaglia_poland_yoast.jpg\" \/>\n\t<meta property=\"og:image:width\" content=\"600\" \/>\n\t<meta property=\"og:image:height\" content=\"338\" \/>\n\t<meta property=\"og:image:type\" content=\"image\/jpeg\" \/>\n<meta name=\"twitter:card\" content=\"summary_large_image\" \/>\n<meta name=\"twitter:label1\" content=\"Szacowany czas czytania\" \/>\n\t<meta name=\"twitter:data1\" content=\"5 minut\" \/>\n<script type=\"application\/ld+json\" class=\"yoast-schema-graph\">{\"@context\":\"https:\\\/\\\/schema.org\",\"@graph\":[{\"@type\":\"WebPage\",\"@id\":\"https:\\\/\\\/marcegaglia.pl\\\/pl\\\/tasm\\\/\",\"url\":\"https:\\\/\\\/marcegaglia.pl\\\/pl\\\/tasm\\\/\",\"name\":\"Ta\u015bmy - Marcegaglia Poland\",\"isPartOf\":{\"@id\":\"https:\\\/\\\/marcegaglia.pl\\\/pl\\\/#website\"},\"datePublished\":\"2020-04-08T07:36:16+00:00\",\"dateModified\":\"2020-06-30T14:46:12+00:00\",\"breadcrumb\":{\"@id\":\"https:\\\/\\\/marcegaglia.pl\\\/pl\\\/tasm\\\/#breadcrumb\"},\"inLanguage\":\"pl-PL\",\"potentialAction\":[{\"@type\":\"ReadAction\",\"target\":[\"https:\\\/\\\/marcegaglia.pl\\\/pl\\\/tasm\\\/\"]}]},{\"@type\":\"BreadcrumbList\",\"@id\":\"https:\\\/\\\/marcegaglia.pl\\\/pl\\\/tasm\\\/#breadcrumb\",\"itemListElement\":[{\"@type\":\"ListItem\",\"position\":1,\"name\":\"Home\",\"item\":\"https:\\\/\\\/marcegaglia.pl\\\/en\\\/\"},{\"@type\":\"ListItem\",\"position\":2,\"name\":\"Ta\u015bmy\"}]},{\"@type\":\"WebSite\",\"@id\":\"https:\\\/\\\/marcegaglia.pl\\\/pl\\\/#website\",\"url\":\"https:\\\/\\\/marcegaglia.pl\\\/pl\\\/\",\"name\":\"Marcegaglia Poland\",\"description\":\"We give shape to steel\",\"publisher\":{\"@id\":\"https:\\\/\\\/marcegaglia.pl\\\/pl\\\/#organization\"},\"potentialAction\":[{\"@type\":\"SearchAction\",\"target\":{\"@type\":\"EntryPoint\",\"urlTemplate\":\"https:\\\/\\\/marcegaglia.pl\\\/pl\\\/?s={search_term_string}\"},\"query-input\":{\"@type\":\"PropertyValueSpecification\",\"valueRequired\":true,\"valueName\":\"search_term_string\"}}],\"inLanguage\":\"pl-PL\"},{\"@type\":\"Organization\",\"@id\":\"https:\\\/\\\/marcegaglia.pl\\\/pl\\\/#organization\",\"name\":\"Marcegaglia Poland\",\"url\":\"https:\\\/\\\/marcegaglia.pl\\\/pl\\\/\",\"logo\":{\"@type\":\"ImageObject\",\"inLanguage\":\"pl-PL\",\"@id\":\"https:\\\/\\\/marcegaglia.pl\\\/pl\\\/#\\\/schema\\\/logo\\\/image\\\/\",\"url\":\"https:\\\/\\\/marcegaglia.pl\\\/wp-content\\\/uploads\\\/2020\\\/05\\\/favicon_marcegaglia-carbon-steel_512x512.jpg\",\"contentUrl\":\"https:\\\/\\\/marcegaglia.pl\\\/wp-content\\\/uploads\\\/2020\\\/05\\\/favicon_marcegaglia-carbon-steel_512x512.jpg\",\"width\":512,\"height\":512,\"caption\":\"Marcegaglia Poland\"},\"image\":{\"@id\":\"https:\\\/\\\/marcegaglia.pl\\\/pl\\\/#\\\/schema\\\/logo\\\/image\\\/\"}}]}<\/script>\n<!-- \/ Yoast SEO plugin. -->","yoast_head_json":{"title":"Ta\u015bmy - Marcegaglia Poland","robots":{"index":"index","follow":"follow","max-snippet":"max-snippet:-1","max-image-preview":"max-image-preview:large","max-video-preview":"max-video-preview:-1"},"canonical":"https:\/\/marcegaglia.pl\/pl\/tasm\/","og_locale":"pl_PL","og_type":"article","og_title":"Ta\u015bmy - Marcegaglia Poland","og_description":"[vc_row full_width=&#8221;stretch_row_content_no_spaces&#8221; css=&#8221;.vc_custom_1586330942193{margin-bottom: 2em !important;background-position: center !important;background-repeat: no-repeat !important;background-size: cover !important;}&#8221; ...","og_url":"https:\/\/marcegaglia.pl\/pl\/tasm\/","og_site_name":"Marcegaglia Poland","article_modified_time":"2020-06-30T14:46:12+00:00","og_image":[{"width":600,"height":338,"url":"https:\/\/marcegaglia.pl\/wp-content\/uploads\/2024\/04\/marcegaglia_poland_yoast.jpg","type":"image\/jpeg"}],"twitter_card":"summary_large_image","twitter_misc":{"Szacowany czas czytania":"5 minut"},"schema":{"@context":"https:\/\/schema.org","@graph":[{"@type":"WebPage","@id":"https:\/\/marcegaglia.pl\/pl\/tasm\/","url":"https:\/\/marcegaglia.pl\/pl\/tasm\/","name":"Ta\u015bmy - Marcegaglia Poland","isPartOf":{"@id":"https:\/\/marcegaglia.pl\/pl\/#website"},"datePublished":"2020-04-08T07:36:16+00:00","dateModified":"2020-06-30T14:46:12+00:00","breadcrumb":{"@id":"https:\/\/marcegaglia.pl\/pl\/tasm\/#breadcrumb"},"inLanguage":"pl-PL","potentialAction":[{"@type":"ReadAction","target":["https:\/\/marcegaglia.pl\/pl\/tasm\/"]}]},{"@type":"BreadcrumbList","@id":"https:\/\/marcegaglia.pl\/pl\/tasm\/#breadcrumb","itemListElement":[{"@type":"ListItem","position":1,"name":"Home","item":"https:\/\/marcegaglia.pl\/en\/"},{"@type":"ListItem","position":2,"name":"Ta\u015bmy"}]},{"@type":"WebSite","@id":"https:\/\/marcegaglia.pl\/pl\/#website","url":"https:\/\/marcegaglia.pl\/pl\/","name":"Marcegaglia Poland","description":"We give shape to steel","publisher":{"@id":"https:\/\/marcegaglia.pl\/pl\/#organization"},"potentialAction":[{"@type":"SearchAction","target":{"@type":"EntryPoint","urlTemplate":"https:\/\/marcegaglia.pl\/pl\/?s={search_term_string}"},"query-input":{"@type":"PropertyValueSpecification","valueRequired":true,"valueName":"search_term_string"}}],"inLanguage":"pl-PL"},{"@type":"Organization","@id":"https:\/\/marcegaglia.pl\/pl\/#organization","name":"Marcegaglia Poland","url":"https:\/\/marcegaglia.pl\/pl\/","logo":{"@type":"ImageObject","inLanguage":"pl-PL","@id":"https:\/\/marcegaglia.pl\/pl\/#\/schema\/logo\/image\/","url":"https:\/\/marcegaglia.pl\/wp-content\/uploads\/2020\/05\/favicon_marcegaglia-carbon-steel_512x512.jpg","contentUrl":"https:\/\/marcegaglia.pl\/wp-content\/uploads\/2020\/05\/favicon_marcegaglia-carbon-steel_512x512.jpg","width":512,"height":512,"caption":"Marcegaglia Poland"},"image":{"@id":"https:\/\/marcegaglia.pl\/pl\/#\/schema\/logo\/image\/"}}]}},"_links":{"self":[{"href":"https:\/\/marcegaglia.pl\/pl\/wp-json\/wp\/v2\/pages\/8847","targetHints":{"allow":["GET"]}}],"collection":[{"href":"https:\/\/marcegaglia.pl\/pl\/wp-json\/wp\/v2\/pages"}],"about":[{"href":"https:\/\/marcegaglia.pl\/pl\/wp-json\/wp\/v2\/types\/page"}],"author":[{"embeddable":true,"href":"https:\/\/marcegaglia.pl\/pl\/wp-json\/wp\/v2\/users\/1"}],"replies":[{"embeddable":true,"href":"https:\/\/marcegaglia.pl\/pl\/wp-json\/wp\/v2\/comments?post=8847"}],"version-history":[{"count":5,"href":"https:\/\/marcegaglia.pl\/pl\/wp-json\/wp\/v2\/pages\/8847\/revisions"}],"predecessor-version":[{"id":13360,"href":"https:\/\/marcegaglia.pl\/pl\/wp-json\/wp\/v2\/pages\/8847\/revisions\/13360"}],"wp:attachment":[{"href":"https:\/\/marcegaglia.pl\/pl\/wp-json\/wp\/v2\/media?parent=8847"}],"curies":[{"name":"wp","href":"https:\/\/api.w.org\/{rel}","templated":true}]}}