{"id":8841,"date":"2020-04-08T08:00:24","date_gmt":"2020-04-08T08:00:24","guid":{"rendered":"https:\/\/marcegaglia.pl\/hot-dip-galvanized-strips\/"},"modified":"2020-07-13T08:43:38","modified_gmt":"2020-07-13T08:43:38","slug":"tasmy-ocynkowane-ogniowo","status":"publish","type":"page","link":"https:\/\/marcegaglia.pl\/pl\/tasmy-ocynkowane-ogniowo\/","title":{"rendered":"Ta\u015bmy ocynkowane ogniowo"},"content":{"rendered":"<div class=\"wpb-content-wrapper\"><p>[vc_row full_width=&#8221;stretch_row_content_no_spaces&#8221; css=&#8221;.vc_custom_1588665079117{margin-bottom: 2em !important;background-image: url(https:\/\/marcegaglia.pl\/wp-content\/uploads\/2020\/04\/marcegaglia_poland-carbon-steel-flat-products-galvanized-strips-banner-1920&#215;306-1.jpg?id=10101) !important;background-position: center !important;background-repeat: no-repeat !important;background-size: cover !important;}&#8221; el_id=&#8221;desk&#8221;][vc_column css=&#8221;.vc_custom_1588591974425{padding-top: 10em !important;padding-bottom: 10em !important;background-position: center !important;background-repeat: no-repeat !important;background-size: cover !important;}&#8221; el_id=&#8221;desk&#8221; offset=&#8221;vc_hidden-sm vc_hidden-xs&#8221;][\/vc_column][\/vc_row][vc_row full_width=&#8221;stretch_row_content_no_spaces&#8221; css=&#8221;.vc_custom_1588665046274{margin-bottom: 2em !important;padding-top: 5em !important;padding-bottom: 5em !important;background-image: url(https:\/\/marcegaglia.pl\/wp-content\/uploads\/2020\/05\/marcegaglia_poland-carbon-steel-flat-products-galvanized-strips-banner-1400&#215;700-1.jpg?id=11219) !important;background-position: center !important;background-repeat: no-repeat !important;background-size: cover !important;}&#8221; el_id=&#8221;resp&#8221;][vc_column css=&#8221;.vc_custom_1588592239658{background-position: center !important;background-repeat: no-repeat !important;background-size: cover !important;}&#8221; el_id=&#8221;resp&#8221; offset=&#8221;vc_hidden-lg vc_hidden-md&#8221;][\/vc_column][\/vc_row][vc_row full_width=&#8221;stretch_row&#8221; css=&#8221;.vc_custom_1585049350308{margin-bottom: 2em !important;background-position: center !important;background-repeat: no-repeat !important;background-size: cover !important;}&#8221;][vc_column][vc_column_text]\/<a href=\"https:\/\/marcegaglia.pl\/pl\/tasm\/\">Ta\u015bmy<\/a>\/Ta\u015bmy ocynkowane ogniowo[\/vc_column_text][\/vc_column][\/vc_row][vc_row full_width=&#8221;stretch_row&#8221; css=&#8221;.vc_custom_1585324797481{margin-bottom: 4em !important;background-position: center !important;background-repeat: no-repeat !important;background-size: cover !important;}&#8221;][vc_column width=&#8221;1\/2&#8243;][vc_column_text]<\/p>\n<h2>TA\u015aMY OCYNKOWANE OGNIOWO<\/h2>\n<p>[\/vc_column_text][vc_empty_space height=&#8221;20px&#8221;][vc_column_text]<span class=\"Apple-converted-space\">\u00a0<\/span>Marcegaglia Poland oferuje szerok\u0105 gam\u0119 <b>ta\u015bm ocynkowanych ogniowo<\/b>, zapewniaj\u0105c wysokiej jako\u015bci rozwi\u0105zania dla wielu bran\u017c. Poni\u017cej podano zakres produkt\u00f3w, normy produkcyjne i warunki dostawy.[\/vc_column_text][vc_empty_space height=&#8221;20px&#8221;][vc_row_inner el_id=&#8221;resp&#8221; css=&#8221;.vc_custom_1594629803237{margin-bottom: 1em !important;}&#8221;][vc_column_inner width=&#8221;1\/4&#8243; css=&#8221;.vc_custom_1594629807976{margin-right: 0px !important;}&#8221; offset=&#8221;vc_col-xs-4&#8243;][vc_single_image image=&#8221;12708&#8243; img_size=&#8221;full&#8221; onclick=&#8221;custom_link&#8221; img_link_target=&#8221;_blank&#8221; link=&#8221;https:\/\/marcegaglia.pl\/wp-content\/uploads\/2020\/04\/Marcegaglia-carbon-steel-hot-dip-galvanized-strips.pdf&#8221;][\/vc_column_inner][vc_column_inner width=&#8221;1\/4&#8243; offset=&#8221;vc_col-xs-4&#8243;][vc_single_image image=&#8221;9042&#8243; img_size=&#8221;full&#8221; onclick=&#8221;custom_link&#8221; img_link_target=&#8221;_blank&#8221; link=&#8221;https:\/\/www.publications.marcegaglia.com\/wp-content\/uploads\/downloads\/2017\/05\/MM-CS_FLATS_apr20171.pdf&#8221;][\/vc_column_inner][vc_column_inner width=&#8221;1\/4&#8243; offset=&#8221;vc_col-xs-4&#8243;][vc_single_image image=&#8221;9052&#8243; img_size=&#8221;full&#8221; onclick=&#8221;custom_link&#8221; img_link_target=&#8221;_blank&#8221; link=&#8221;https:\/\/marcegaglia.pl\/wp-content\/uploads\/2020\/04\/Marcegaglia-carbon-steel-strips-standard-packaging.pdf&#8221;][\/vc_column_inner][vc_column_inner width=&#8221;1\/4&#8243;][\/vc_column_inner][\/vc_row_inner][vc_column_text]<\/p>\n<table style=\"width: 100%;\" border=\"0\" cellspacing=\"0\" cellpadding=\"0\">\n<tbody>\n<tr>\n<td style=\"text-align: left; color: #fff;\" colspan=\"2\" bgcolor=\"#36424a\"><b style=\"font-family: inherit; font-size: inherit;\">ZAKRES PRODUKT\u00d3W<\/b><\/td>\n<\/tr>\n<tr>\n<td style=\"text-align: left;\" width=\"70%\">Grubo\u015b\u0107 min. \u2013 maks.\u00a0<span style=\"font-family: inherit; font-size: inherit;\">(mm)<\/span><\/td>\n<td style=\"text-align: center;\">0.25 &#8211; 4<\/td>\n<\/tr>\n<tr>\n<td style=\"text-align: left;\" width=\"70%\">Szeroko\u015b\u0107 min. \u2013 maks.\u00a0<span style=\"font-family: inherit; font-size: inherit;\">(mm)<\/span><\/td>\n<td style=\"text-align: center;\">8 &#8211; 1530<\/td>\n<\/tr>\n<\/tbody>\n<\/table>\n<p>[\/vc_column_text][vc_empty_space][vc_column_text]<\/p>\n<table id=\"manufacturing_table\" style=\"width: 100%;\" border=\"0\" cellspacing=\"0\" cellpadding=\"0\">\n<tbody>\n<tr>\n<td style=\"color: #fff;\" align=\"left\" valign=\"top\" bgcolor=\"#36424a\" width=\"145\"><b>NORMY PRODUKCYJNE<\/b><\/td>\n<td style=\"color: #fff;\" align=\"left\" valign=\"top\" bgcolor=\"#36424a\" width=\"210\"><b>OZNACZENIE PRODUKTU<\/b><\/td>\n<\/tr>\n<tr>\n<td><strong>EN 10346<\/strong><\/td>\n<td align=\"left\">Tasmy ze stali do wyt\u0142aczania lub gi\u0119cia na zimno<\/td>\n<\/tr>\n<tr bgcolor=\"#d6d9d\">\n<td><strong>EN 10346<\/strong><\/td>\n<td align=\"left\">Ta\u015bmy ze stali strukturalnych<\/td>\n<\/tr>\n<tr>\n<td><strong>Marcegaglia standard <\/strong><strong>STP 0074<\/strong><\/td>\n<td align=\"left\">Ta\u015bmy ze stali strukturalnych do zastosowa\u0144 w budownictwie<\/td>\n<\/tr>\n<tr bgcolor=\"#d6d9d\">\n<td><strong>EN 10346<\/strong><\/td>\n<td align=\"left\">Stale o podwy\u017cszonej plastyczno\u015bci do kszta\u0142towania na zimno<\/td>\n<\/tr>\n<tr>\n<td><strong>EN 10346<\/strong><\/td>\n<td align=\"left\">Stal dual phase<\/td>\n<\/tr>\n<tr bgcolor=\"#d6d9d\">\n<td><strong>ASTM A653<\/strong><\/td>\n<td align=\"left\">Ta\u015bmy ze stali ocynkowanej ogniowo<\/td>\n<\/tr>\n<tr>\n<td colspan=\"2\" align=\"left\">Na \u017cyczenie dostarczamy r\u00f3wnie\u017c wyroby o innych w\u0142a\u015bciwo\u015bciach ni\u017c wy\u017cej wymienione lub produkty dostosowane do indywidualnych wymog\u00f3w klienta, w tym tak\u017ce bran\u017cy samochodowej.<\/td>\n<\/tr>\n<\/tbody>\n<\/table>\n<p>[\/vc_column_text][vc_empty_space]<div id=\"cz_46269\" data-arrows='{\"open\":\"fa fa-angle-down\",\"close\":\"fa fa-angle-up\"}' class=\"cz_46269 cz_acc clr cz_acc_toggle\"><div><div id=\"\"><span class=\"cz_acc_child\"><div>DANE TECHNICZNE<\/div><\/span><div class=\"cz_acc_child_content clr\">[vc_column_text]<\/p>\n<table id=\"manufacturing_table\" style=\"width: 100%;\" border=\"0\" cellspacing=\"0\" cellpadding=\"0\">\n<tbody>\n<tr>\n<td><strong>Pow\u0142oka<\/strong><\/td>\n<td align=\"left\">Grubo\u015b\u0107 pow\u0142oki cynku podana jest w gramach na jeden metr kwadratowy produktu (\u0142\u0105cznie po obu stronach)<\/td>\n<\/tr>\n<tr bgcolor=\"#d6d9d\">\n<td><strong>Wyko\u0144czenie powierzchni<\/strong><\/td>\n<td align=\"left\">\n<ul>\n<li>Wyko\u0144czenie standardowe dla przemys\u0142u<\/li>\n<li>Powierzchnia kwiatu wyg\u0142adzona przez walcowanie wyka\u0144czaj\u0105ce &#8211; skinpass.<\/li>\n<li>Walcowanie ko\u0144cowe wyb\u0142yszczaj\u0105ce<\/li>\n<li>Podw\u00f3jne walcowanie za pomoc\u0105 walc\u00f3w poleruj\u0105cych &#8211; najwy\u017csza jako\u015b\u0107 (brak wad)<\/li>\n<li>Najwy\u017cszy standard wyko\u0144czenia<\/li>\n<\/ul>\n<\/td>\n<\/tr>\n<tr>\n<td><strong>Stan powierzchni<\/strong><\/td>\n<td align=\"left\">\n<ul>\n<li>Kwiat normalny<\/li>\n<li>Kwiat pomniejszony<\/li>\n<\/ul>\n<\/td>\n<\/tr>\n<tr bgcolor=\"#d6d9d\">\n<td><strong>Obr\u00f3bka powierzchni<\/strong><\/td>\n<td align=\"left\">\n<ul>\n<li>Obr\u00f3bka zabezpieczaj\u0105ca powierzchni\u0119 przed utlenianiem, materia\u0142 o podwy\u017cszonej plastyczno\u015bci<\/li>\n<li>Pasywacja na bazie chromu tr\u00f3jwarto\u015bciowego<\/li>\n<li>Przezroczysta lub pigmentowana (p\u00f3\u0142przezroczysta) pow\u0142oka organiczna o w\u0142a\u015bciwo\u015bciach ochronnych i smaruj\u0105cych nie pozostawiaj\u0105ca odcisk\u00f3w palc\u00f3w.<\/li>\n<li>Dost\u0119pna do grubo\u015bci 1,4 mm.<\/li>\n<\/ul>\n<\/td>\n<\/tr>\n<\/tbody>\n<\/table>\n<p>[\/vc_column_text]<\/div><\/div><\/div><\/div>[vc_empty_space][vc_column_text]<\/p>\n<table id=\"supply_conditions\" style=\"width: 100%;\" border=\"0\" cellspacing=\"0\" cellpadding=\"0\">\n<tbody>\n<tr>\n<td style=\"color: #fff;\" align=\"left\" valign=\"top\" bgcolor=\"#36424a\" width=\"145\"><strong>WARUNKI DOSTAWY<\/strong><\/td>\n<\/tr>\n<tr>\n<td align=\"left\">\n<ul>\n<li>Tolerancja wymiar\u00f3w wed\u0142ug norm EN 10143 (i innych mi\u0119dzynarodowych odpowiednik\u00f3w tej normy)<\/li>\n<li>Dokumenty kontrolne 2.1, 2.2, 3.1, 3.2 wed\u0142ug normy EN 10204 oraz parametr\u00f3w okre\u015blonych poszczeg\u00f3lnymi normami<\/li>\n<\/ul>\n<\/td>\n<\/tr>\n<\/tbody>\n<\/table>\n<p>[\/vc_column_text][vc_empty_space][vc_column_text]<\/p>\n<table style=\"width: 100%;\" border=\"0\" cellspacing=\"0\" cellpadding=\"8\">\n<tbody>\n<tr>\n<td align=\"left\" width=\"70%\">\n<p class=\"testo\"><strong>Wi\u0119kszy wyb\u00f3r grubo\u015bci pow\u0142ok, nowe gatunki stali<\/strong><\/p>\n<\/td>\n<td align=\"center\" valign=\"middle\" width=\"30%\"><img decoding=\"async\" class=\"size-full wp-image-12908 aligncenter\" src=\"https:\/\/marcegaglia.pl\/wp-content\/uploads\/2020\/06\/Marcegaglia_custom.jpg\" alt=\"\" width=\"65\" height=\"65\" \/><\/td>\n<\/tr>\n<\/tbody>\n<\/table>\n<p>[\/vc_column_text][\/vc_column][vc_column width=&#8221;1\/2&#8243;][vc_row_inner el_id=&#8221;desk&#8221;][vc_column_inner width=&#8221;1\/4&#8243; css=&#8221;.vc_custom_1585563575399{margin-right: 0px !important;}&#8221;][vc_single_image image=&#8221;12708&#8243; img_size=&#8221;full&#8221; onclick=&#8221;custom_link&#8221; img_link_target=&#8221;_blank&#8221; link=&#8221;https:\/\/marcegaglia.pl\/wp-content\/uploads\/2020\/04\/Marcegaglia-carbon-steel-hot-dip-galvanized-strips.pdf&#8221;][\/vc_column_inner][vc_column_inner width=&#8221;1\/4&#8243;][vc_single_image image=&#8221;9042&#8243; img_size=&#8221;full&#8221; onclick=&#8221;custom_link&#8221; img_link_target=&#8221;_blank&#8221; link=&#8221;https:\/\/www.publications.marcegaglia.com\/wp-content\/uploads\/downloads\/2017\/05\/MM-CS_FLATS_apr20171.pdf&#8221;][\/vc_column_inner][vc_column_inner width=&#8221;1\/4&#8243;][vc_single_image image=&#8221;9052&#8243; img_size=&#8221;full&#8221; onclick=&#8221;custom_link&#8221; img_link_target=&#8221;_blank&#8221; link=&#8221;https:\/\/marcegaglia.pl\/wp-content\/uploads\/2020\/04\/Marcegaglia-carbon-steel-strips-standard-packaging.pdf&#8221;][\/vc_column_inner][vc_column_inner width=&#8221;1\/4&#8243;][\/vc_column_inner][\/vc_row_inner]<div class=\"\"><div class=\"cz_71792_p\"><a id=\"cz_71792\" class=\"cz_71792 cz_btn cz_btn_txt_no_fx cz_btn_no_fx cz_btn_icon_after cz_mobile_btn_center\" href=\"https:\/\/marcegaglia.pl\/pl\/opakowania-standardowe\/\" title=\"Opakowania standardowe\" aria-label=\"Opakowania standardowe\"><span><strong>Przejd\u017a do opakowa\u0144 standardowych<\/strong><i class=\"fa czico-188-arrows-2\"><\/i><\/span><b class=\"cz_btn_onhover\"><strong>Przejd\u017a do opakowa\u0144 standardowych<\/strong><i class=\"fa czico-188-arrows-2\"><\/i><\/b><\/a><\/div><\/div>[vc_empty_space height=&#8221;30px&#8221;]<div id=\"cz_90529\" class=\"cz_90529 slick arrows_mlr no_dots arrows_inner\" data-slick='{\"selector\":\"\",\"slidesToShow\":1,\"slidesToScroll\":1,\"rows\":1,\"fade\":true,\"vertical\":false,\"verticalSwiping\":false,\"infinite\":true,\"speed\":1000,\"swipeToSlide\":true,\"centerMode\":false,\"centerPadding\":\"\",\"variableWidth\":false,\"autoplay\":false,\"autoplaySpeed\":4000,\"dots\":true,\"counts\":false,\"adaptiveHeight\":false,\"responsive\":[{\"breakpoint\":769,\"settings\":{\"slidesToShow\":2,\"slidesToScroll\":1,\"infinite\":true,\"touchMove\":true}},{\"breakpoint\":481,\"settings\":{\"slidesToShow\":1,\"slidesToScroll\":1,\"infinite\":true,\"touchMove\":true}}]}' data-slick-prev=\"fa fa-chevron-left\" data-slick-next=\"fa fa-chevron-right\">[vc_single_image image=&#8221;8860&#8243; img_size=&#8221;full&#8221;][vc_single_image image=&#8221;8861&#8243; img_size=&#8221;full&#8221;][vc_single_image image=&#8221;8862&#8243; img_size=&#8221;full&#8221;][vc_single_image image=&#8221;8863&#8243; img_size=&#8221;full&#8221;][vc_single_image image=&#8221;8864&#8243; img_size=&#8221;full&#8221;][vc_single_image image=&#8221;8865&#8243; img_size=&#8221;full&#8221;][vc_single_image image=&#8221;8866&#8243; img_size=&#8221;full&#8221;]<\/div><div><\/div>[vc_empty_space height=&#8221;40px&#8221;][vc_column_text]<\/p>\n<h4>\u017b\u0105danie informacji<\/h4>\n<p>[\/vc_column_text][vc_empty_space height=&#8221;20px&#8221;][vc_column_text]\n<div class=\"wpcf7 no-js\" id=\"wpcf7-f12802-o1\" lang=\"it-IT\" dir=\"ltr\" data-wpcf7-id=\"12802\">\n<div class=\"screen-reader-response\"><p role=\"status\" aria-live=\"polite\" aria-atomic=\"true\"><\/p> <ul><\/ul><\/div>\n<form action=\"\/pl\/wp-json\/wp\/v2\/pages\/8841#wpcf7-f12802-o1\" method=\"post\" class=\"wpcf7-form init\" aria-label=\"Modulo di contatto\" novalidate=\"novalidate\" data-status=\"init\">\n<fieldset class=\"hidden-fields-container\"><input type=\"hidden\" name=\"_wpcf7\" value=\"12802\" \/><input type=\"hidden\" name=\"_wpcf7_version\" value=\"6.1\" \/><input type=\"hidden\" name=\"_wpcf7_locale\" value=\"it_IT\" \/><input type=\"hidden\" name=\"_wpcf7_unit_tag\" value=\"wpcf7-f12802-o1\" \/><input type=\"hidden\" name=\"_wpcf7_container_post\" value=\"0\" \/><input type=\"hidden\" name=\"_wpcf7_posted_data_hash\" value=\"\" \/><input type=\"hidden\" name=\"_wpcf7_recaptcha_response\" value=\"\" \/>\n<\/fieldset>\n<div id=\"cf_info\">\n\t<div class=\"vc_row\">\n\t\t<div class=\"vc_col-md-6\">\n\t\t\t<p><span> Imi\u0119 * <\/span><br \/>\n<span class=\"wpcf7-form-control-wrap\" data-name=\"your-name\"><input size=\"40\" maxlength=\"400\" class=\"wpcf7-form-control wpcf7-text wpcf7-validates-as-required\" aria-required=\"true\" aria-invalid=\"false\" value=\"\" type=\"text\" name=\"your-name\" \/><\/span>\n\t\t\t<\/p>\n\t\t<\/div>\n\t\t<div class=\"vc_col-md-6\">\n\t\t\t<p><span> Email * <\/span><br \/>\n<span class=\"wpcf7-form-control-wrap\" data-name=\"your-email\"><input size=\"40\" maxlength=\"400\" class=\"wpcf7-form-control wpcf7-email wpcf7-validates-as-required wpcf7-text wpcf7-validates-as-email\" aria-required=\"true\" aria-invalid=\"false\" value=\"\" type=\"email\" name=\"your-email\" \/><\/span>\n\t\t\t<\/p>\n\t\t<\/div>\n\t\t<div class=\"vc_col-md-12\">\n\t\t\t<p><span> Temat <\/span><br \/>\n<span class=\"wpcf7-form-control-wrap\" data-name=\"your-subject\"><input size=\"40\" maxlength=\"400\" class=\"wpcf7-form-control wpcf7-text\" aria-invalid=\"false\" value=\"\" type=\"text\" name=\"your-subject\" \/><\/span>\n\t\t\t<\/p>\n\t\t<\/div>\n\t\t<div class=\"vc_col-md-12\">\n\t\t\t<p><span class=\"wpcf7-form-control-wrap\" data-name=\"your-message\"><textarea cols=\"40\" rows=\"10\" maxlength=\"2000\" class=\"wpcf7-form-control wpcf7-textarea\" aria-invalid=\"false\" placeholder=\"Wpisz swoj\u0105 wiadomo\u015b\u0107 tutaj..\" name=\"your-message\"><\/textarea><\/span>\n\t\t\t<\/p>\n\t\t<\/div>\n\t\t<div class=\"vc_col-md-12\">\n\t\t\t<p><input class=\"wpcf7-form-control wpcf7-submit has-spinner\" type=\"submit\" value=\"Wy\u015blij\" \/>\n\t\t\t<\/p>\n\t\t<\/div>\n\t<\/div>\n<\/div><input type='hidden' class='wpcf7-pum' value='{\"closepopup\":false,\"closedelay\":0,\"openpopup\":false,\"openpopup_id\":0}' \/><div class=\"wpcf7-response-output\" aria-hidden=\"true\"><\/div>\n<\/form>\n<\/div>\n[\/vc_column_text][\/vc_column][\/vc_row]<\/p>\n<\/div>","protected":false},"excerpt":{"rendered":"<p>[vc_row full_width=&#8221;stretch_row_content_no_spaces&#8221; css=&#8221;.vc_custom_1588665079117{margin-bottom: 2em !important;background-image: url(https:\/\/marcegaglia.pl\/wp-content\/uploads\/2020\/04\/marcegaglia_poland-carbon-steel-flat-products-galvanized-strips-banner-1920&#215;306-1.jpg?id=10101) !important;background-position: center !important;background-repeat: no-repeat !important;background-size: &#8230; <\/p>\n","protected":false},"author":1,"featured_media":0,"parent":0,"menu_order":0,"comment_status":"closed","ping_status":"closed","template":"","meta":{"footnotes":""},"class_list":["post-8841","page","type-page","status-publish","hentry"],"yoast_head":"<!-- This site is optimized with the Yoast SEO plugin v27.4 - https:\/\/yoast.com\/product\/yoast-seo-wordpress\/ -->\n<title>Ta\u015bmy ocynkowane ogniowo - Marcegaglia Poland<\/title>\n<meta name=\"robots\" content=\"index, follow, max-snippet:-1, max-image-preview:large, max-video-preview:-1\" \/>\n<link rel=\"canonical\" href=\"https:\/\/marcegaglia.pl\/pl\/tasmy-ocynkowane-ogniowo\/\" \/>\n<meta property=\"og:locale\" content=\"pl_PL\" \/>\n<meta property=\"og:type\" content=\"article\" \/>\n<meta property=\"og:title\" content=\"Ta\u015bmy ocynkowane ogniowo - Marcegaglia Poland\" \/>\n<meta property=\"og:description\" content=\"[vc_row full_width=&#8221;stretch_row_content_no_spaces&#8221; css=&#8221;.vc_custom_1588665079117{margin-bottom: 2em !important;background-image: url(https:\/\/marcegaglia.pl\/wp-content\/uploads\/2020\/04\/marcegaglia_poland-carbon-steel-flat-products-galvanized-strips-banner-1920&#215;306-1.jpg?id=10101) !important;background-position: center !important;background-repeat: no-repeat !important;background-size: ...\" \/>\n<meta property=\"og:url\" content=\"https:\/\/marcegaglia.pl\/pl\/tasmy-ocynkowane-ogniowo\/\" \/>\n<meta property=\"og:site_name\" content=\"Marcegaglia Poland\" \/>\n<meta property=\"article:modified_time\" content=\"2020-07-13T08:43:38+00:00\" \/>\n<meta property=\"og:image\" content=\"https:\/\/marcegaglia.pl\/wp-content\/uploads\/2020\/06\/Marcegaglia_custom.jpg\" \/>\n<meta name=\"twitter:card\" content=\"summary_large_image\" \/>\n<meta name=\"twitter:label1\" content=\"Szacowany czas czytania\" \/>\n\t<meta name=\"twitter:data1\" content=\"5 minut\" \/>\n<script type=\"application\/ld+json\" class=\"yoast-schema-graph\">{\"@context\":\"https:\\\/\\\/schema.org\",\"@graph\":[{\"@type\":\"WebPage\",\"@id\":\"https:\\\/\\\/marcegaglia.pl\\\/pl\\\/tasmy-ocynkowane-ogniowo\\\/\",\"url\":\"https:\\\/\\\/marcegaglia.pl\\\/pl\\\/tasmy-ocynkowane-ogniowo\\\/\",\"name\":\"Ta\u015bmy ocynkowane ogniowo - Marcegaglia Poland\",\"isPartOf\":{\"@id\":\"https:\\\/\\\/marcegaglia.pl\\\/pl\\\/#website\"},\"primaryImageOfPage\":{\"@id\":\"https:\\\/\\\/marcegaglia.pl\\\/pl\\\/tasmy-ocynkowane-ogniowo\\\/#primaryimage\"},\"image\":{\"@id\":\"https:\\\/\\\/marcegaglia.pl\\\/pl\\\/tasmy-ocynkowane-ogniowo\\\/#primaryimage\"},\"thumbnailUrl\":\"https:\\\/\\\/marcegaglia.pl\\\/wp-content\\\/uploads\\\/2020\\\/06\\\/Marcegaglia_custom.jpg\",\"datePublished\":\"2020-04-08T08:00:24+00:00\",\"dateModified\":\"2020-07-13T08:43:38+00:00\",\"breadcrumb\":{\"@id\":\"https:\\\/\\\/marcegaglia.pl\\\/pl\\\/tasmy-ocynkowane-ogniowo\\\/#breadcrumb\"},\"inLanguage\":\"pl-PL\",\"potentialAction\":[{\"@type\":\"ReadAction\",\"target\":[\"https:\\\/\\\/marcegaglia.pl\\\/pl\\\/tasmy-ocynkowane-ogniowo\\\/\"]}]},{\"@type\":\"ImageObject\",\"inLanguage\":\"pl-PL\",\"@id\":\"https:\\\/\\\/marcegaglia.pl\\\/pl\\\/tasmy-ocynkowane-ogniowo\\\/#primaryimage\",\"url\":\"https:\\\/\\\/marcegaglia.pl\\\/wp-content\\\/uploads\\\/2020\\\/06\\\/Marcegaglia_custom.jpg\",\"contentUrl\":\"https:\\\/\\\/marcegaglia.pl\\\/wp-content\\\/uploads\\\/2020\\\/06\\\/Marcegaglia_custom.jpg\"},{\"@type\":\"BreadcrumbList\",\"@id\":\"https:\\\/\\\/marcegaglia.pl\\\/pl\\\/tasmy-ocynkowane-ogniowo\\\/#breadcrumb\",\"itemListElement\":[{\"@type\":\"ListItem\",\"position\":1,\"name\":\"Home\",\"item\":\"https:\\\/\\\/marcegaglia.pl\\\/en\\\/\"},{\"@type\":\"ListItem\",\"position\":2,\"name\":\"Ta\u015bmy ocynkowane ogniowo\"}]},{\"@type\":\"WebSite\",\"@id\":\"https:\\\/\\\/marcegaglia.pl\\\/pl\\\/#website\",\"url\":\"https:\\\/\\\/marcegaglia.pl\\\/pl\\\/\",\"name\":\"Marcegaglia Poland\",\"description\":\"We give shape to steel\",\"publisher\":{\"@id\":\"https:\\\/\\\/marcegaglia.pl\\\/pl\\\/#organization\"},\"potentialAction\":[{\"@type\":\"SearchAction\",\"target\":{\"@type\":\"EntryPoint\",\"urlTemplate\":\"https:\\\/\\\/marcegaglia.pl\\\/pl\\\/?s={search_term_string}\"},\"query-input\":{\"@type\":\"PropertyValueSpecification\",\"valueRequired\":true,\"valueName\":\"search_term_string\"}}],\"inLanguage\":\"pl-PL\"},{\"@type\":\"Organization\",\"@id\":\"https:\\\/\\\/marcegaglia.pl\\\/pl\\\/#organization\",\"name\":\"Marcegaglia Poland\",\"url\":\"https:\\\/\\\/marcegaglia.pl\\\/pl\\\/\",\"logo\":{\"@type\":\"ImageObject\",\"inLanguage\":\"pl-PL\",\"@id\":\"https:\\\/\\\/marcegaglia.pl\\\/pl\\\/#\\\/schema\\\/logo\\\/image\\\/\",\"url\":\"https:\\\/\\\/marcegaglia.pl\\\/wp-content\\\/uploads\\\/2020\\\/05\\\/favicon_marcegaglia-carbon-steel_512x512.jpg\",\"contentUrl\":\"https:\\\/\\\/marcegaglia.pl\\\/wp-content\\\/uploads\\\/2020\\\/05\\\/favicon_marcegaglia-carbon-steel_512x512.jpg\",\"width\":512,\"height\":512,\"caption\":\"Marcegaglia Poland\"},\"image\":{\"@id\":\"https:\\\/\\\/marcegaglia.pl\\\/pl\\\/#\\\/schema\\\/logo\\\/image\\\/\"}}]}<\/script>\n<!-- \/ Yoast SEO plugin. -->","yoast_head_json":{"title":"Ta\u015bmy ocynkowane ogniowo - Marcegaglia Poland","robots":{"index":"index","follow":"follow","max-snippet":"max-snippet:-1","max-image-preview":"max-image-preview:large","max-video-preview":"max-video-preview:-1"},"canonical":"https:\/\/marcegaglia.pl\/pl\/tasmy-ocynkowane-ogniowo\/","og_locale":"pl_PL","og_type":"article","og_title":"Ta\u015bmy ocynkowane ogniowo - Marcegaglia Poland","og_description":"[vc_row full_width=&#8221;stretch_row_content_no_spaces&#8221; css=&#8221;.vc_custom_1588665079117{margin-bottom: 2em !important;background-image: url(https:\/\/marcegaglia.pl\/wp-content\/uploads\/2020\/04\/marcegaglia_poland-carbon-steel-flat-products-galvanized-strips-banner-1920&#215;306-1.jpg?id=10101) !important;background-position: center !important;background-repeat: no-repeat !important;background-size: ...","og_url":"https:\/\/marcegaglia.pl\/pl\/tasmy-ocynkowane-ogniowo\/","og_site_name":"Marcegaglia Poland","article_modified_time":"2020-07-13T08:43:38+00:00","og_image":[{"url":"https:\/\/marcegaglia.pl\/wp-content\/uploads\/2020\/06\/Marcegaglia_custom.jpg","type":"","width":"","height":""}],"twitter_card":"summary_large_image","twitter_misc":{"Szacowany czas czytania":"5 minut"},"schema":{"@context":"https:\/\/schema.org","@graph":[{"@type":"WebPage","@id":"https:\/\/marcegaglia.pl\/pl\/tasmy-ocynkowane-ogniowo\/","url":"https:\/\/marcegaglia.pl\/pl\/tasmy-ocynkowane-ogniowo\/","name":"Ta\u015bmy ocynkowane ogniowo - Marcegaglia Poland","isPartOf":{"@id":"https:\/\/marcegaglia.pl\/pl\/#website"},"primaryImageOfPage":{"@id":"https:\/\/marcegaglia.pl\/pl\/tasmy-ocynkowane-ogniowo\/#primaryimage"},"image":{"@id":"https:\/\/marcegaglia.pl\/pl\/tasmy-ocynkowane-ogniowo\/#primaryimage"},"thumbnailUrl":"https:\/\/marcegaglia.pl\/wp-content\/uploads\/2020\/06\/Marcegaglia_custom.jpg","datePublished":"2020-04-08T08:00:24+00:00","dateModified":"2020-07-13T08:43:38+00:00","breadcrumb":{"@id":"https:\/\/marcegaglia.pl\/pl\/tasmy-ocynkowane-ogniowo\/#breadcrumb"},"inLanguage":"pl-PL","potentialAction":[{"@type":"ReadAction","target":["https:\/\/marcegaglia.pl\/pl\/tasmy-ocynkowane-ogniowo\/"]}]},{"@type":"ImageObject","inLanguage":"pl-PL","@id":"https:\/\/marcegaglia.pl\/pl\/tasmy-ocynkowane-ogniowo\/#primaryimage","url":"https:\/\/marcegaglia.pl\/wp-content\/uploads\/2020\/06\/Marcegaglia_custom.jpg","contentUrl":"https:\/\/marcegaglia.pl\/wp-content\/uploads\/2020\/06\/Marcegaglia_custom.jpg"},{"@type":"BreadcrumbList","@id":"https:\/\/marcegaglia.pl\/pl\/tasmy-ocynkowane-ogniowo\/#breadcrumb","itemListElement":[{"@type":"ListItem","position":1,"name":"Home","item":"https:\/\/marcegaglia.pl\/en\/"},{"@type":"ListItem","position":2,"name":"Ta\u015bmy ocynkowane ogniowo"}]},{"@type":"WebSite","@id":"https:\/\/marcegaglia.pl\/pl\/#website","url":"https:\/\/marcegaglia.pl\/pl\/","name":"Marcegaglia Poland","description":"We give shape to steel","publisher":{"@id":"https:\/\/marcegaglia.pl\/pl\/#organization"},"potentialAction":[{"@type":"SearchAction","target":{"@type":"EntryPoint","urlTemplate":"https:\/\/marcegaglia.pl\/pl\/?s={search_term_string}"},"query-input":{"@type":"PropertyValueSpecification","valueRequired":true,"valueName":"search_term_string"}}],"inLanguage":"pl-PL"},{"@type":"Organization","@id":"https:\/\/marcegaglia.pl\/pl\/#organization","name":"Marcegaglia Poland","url":"https:\/\/marcegaglia.pl\/pl\/","logo":{"@type":"ImageObject","inLanguage":"pl-PL","@id":"https:\/\/marcegaglia.pl\/pl\/#\/schema\/logo\/image\/","url":"https:\/\/marcegaglia.pl\/wp-content\/uploads\/2020\/05\/favicon_marcegaglia-carbon-steel_512x512.jpg","contentUrl":"https:\/\/marcegaglia.pl\/wp-content\/uploads\/2020\/05\/favicon_marcegaglia-carbon-steel_512x512.jpg","width":512,"height":512,"caption":"Marcegaglia Poland"},"image":{"@id":"https:\/\/marcegaglia.pl\/pl\/#\/schema\/logo\/image\/"}}]}},"_links":{"self":[{"href":"https:\/\/marcegaglia.pl\/pl\/wp-json\/wp\/v2\/pages\/8841","targetHints":{"allow":["GET"]}}],"collection":[{"href":"https:\/\/marcegaglia.pl\/pl\/wp-json\/wp\/v2\/pages"}],"about":[{"href":"https:\/\/marcegaglia.pl\/pl\/wp-json\/wp\/v2\/types\/page"}],"author":[{"embeddable":true,"href":"https:\/\/marcegaglia.pl\/pl\/wp-json\/wp\/v2\/users\/1"}],"replies":[{"embeddable":true,"href":"https:\/\/marcegaglia.pl\/pl\/wp-json\/wp\/v2\/comments?post=8841"}],"version-history":[{"count":5,"href":"https:\/\/marcegaglia.pl\/pl\/wp-json\/wp\/v2\/pages\/8841\/revisions"}],"predecessor-version":[{"id":13427,"href":"https:\/\/marcegaglia.pl\/pl\/wp-json\/wp\/v2\/pages\/8841\/revisions\/13427"}],"wp:attachment":[{"href":"https:\/\/marcegaglia.pl\/pl\/wp-json\/wp\/v2\/media?parent=8841"}],"curies":[{"name":"wp","href":"https:\/\/api.w.org\/{rel}","templated":true}]}}