{"id":8714,"date":"2020-04-10T08:49:19","date_gmt":"2020-04-10T08:49:19","guid":{"rendered":"https:\/\/marcegaglia.pl\/components-for-household-appliances\/"},"modified":"2020-07-13T08:58:17","modified_gmt":"2020-07-13T08:58:17","slug":"czesci-do-sprzetu-agd","status":"publish","type":"page","link":"https:\/\/marcegaglia.pl\/pl\/czesci-do-sprzetu-agd\/","title":{"rendered":"Cz\u0119\u015bci do sprz\u0119tu agd"},"content":{"rendered":"<div class=\"wpb-content-wrapper\"><p>[vc_row full_width=&#8221;stretch_row_content_no_spaces&#8221; css=&#8221;.vc_custom_1588593985137{margin-bottom: 2em !important;background-image: url(https:\/\/marcegaglia.pl\/wp-content\/uploads\/2020\/04\/marcegaglia_poland-carbon-steel-products-components-for-household-appliances-banner-1920&#215;306-1.jpg?id=10119) !important;background-position: center !important;background-repeat: no-repeat !important;background-size: cover !important;}&#8221; el_id=&#8221;desk&#8221;][vc_column css=&#8221;.vc_custom_1588591974425{padding-top: 10em !important;padding-bottom: 10em !important;background-position: center !important;background-repeat: no-repeat !important;background-size: cover !important;}&#8221; el_id=&#8221;desk&#8221; offset=&#8221;vc_hidden-sm vc_hidden-xs&#8221;][\/vc_column][\/vc_row][vc_row full_width=&#8221;stretch_row_content_no_spaces&#8221; css=&#8221;.vc_custom_1594630676409{margin-bottom: 2em !important;padding-top: 5em !important;padding-bottom: 5em !important;background-image: url(https:\/\/marcegaglia.pl\/wp-content\/uploads\/2020\/07\/marcegaglia_poland-carbon-steel-products-components-for-household-appliances-banner-1400&#215;700-1.jpg?id=13452) !important;background-position: center !important;background-repeat: no-repeat !important;background-size: cover !important;}&#8221; el_id=&#8221;resp&#8221;][vc_column css=&#8221;.vc_custom_1588592239658{background-position: center !important;background-repeat: no-repeat !important;background-size: cover !important;}&#8221; el_id=&#8221;resp&#8221; offset=&#8221;vc_hidden-lg vc_hidden-md&#8221;][\/vc_column][\/vc_row][vc_row full_width=&#8221;stretch_row&#8221; css=&#8221;.vc_custom_1585049350308{margin-bottom: 2em !important;background-position: center !important;background-repeat: no-repeat !important;background-size: cover !important;}&#8221;][vc_column][vc_column_text]\/Wyroby Gospodarstwa Domowego\/Cz\u0119\u015bci do sprz\u0119tu agd[\/vc_column_text][\/vc_column][\/vc_row][vc_row full_width=&#8221;stretch_row&#8221; css=&#8221;.vc_custom_1585049350308{margin-bottom: 2em !important;background-position: center !important;background-repeat: no-repeat !important;background-size: cover !important;}&#8221;][vc_column width=&#8221;1\/2&#8243;][vc_column_text]<\/p>\n<h2>CZ\u0118\u015aCI DO SPRZ\u0118TU AGD<\/h2>\n<p>[\/vc_column_text][vc_empty_space height=&#8221;20px&#8221;][vc_column_text]<\/p>\n<p class=\"testo\">Firma Marcegaglia zlokalizowa\u0142a w zak\u0142adzie w <strong><a href=\"https:\/\/marcegaglia.pl\/pl\/marcegaglia-praszka\/\" target=\"_blank\" rel=\"noopener noreferrer\">Praszce<\/a><\/strong> cz\u0119\u015b\u0107 swojej produkcji skraplaczy<strong> rurowo-drutowych<\/strong> i <strong>\u017cebrowych<\/strong>(statycznych i wentylowanych),<strong> spiralnych<\/strong> oraz <strong>modu\u0142\u00f3w antyoszronieniowych <\/strong>na potrzeby <strong>przemys\u0142u ch\u0142odniczego<\/strong>.<\/p>\n<p class=\"testo\">Komponenty s\u0105 projektowane i produkowane we wsp\u00f3\u0142pracy z klientem, aby zapewni\u0107 optymalne dopasowanie do gotowych urz\u0105dze\u0144 pod wzgl\u0119dem osi\u0105g\u00f3w, koszt\u00f3w i zu\u017cycia energii. Na zam\u00f3wienie oferowane s\u0105 konstrukcje indywidualne oraz wszelkie rodzaje wyko\u0144czenia.<\/p>\n<p>[\/vc_column_text][vc_empty_space height=&#8221;20px&#8221;][vc_row_inner el_id=&#8221;resp&#8221;][vc_column_inner][vc_single_image image=&#8221;8746&#8243; img_size=&#8221;full&#8221; onclick=&#8221;custom_link&#8221; img_link_target=&#8221;_blank&#8221; link=&#8221;https:\/\/www.publications.marcegaglia.com\/wp-content\/uploads\/downloads\/2017\/08\/MM_refrigeration_sett2017.pdf&#8221;][\/vc_column_inner][\/vc_row_inner]<div id=\"cz_46269\" data-arrows='{\"open\":\"fa fa-angle-down\",\"close\":\"fa fa-angle-up\"}' class=\"cz_46269 cz_acc clr cz_acc_toggle\"><div><div id=\"\"><span class=\"cz_acc_child\"><div>SKRAPLACZE RUROWO-DRUTOWE STATYCZNE I WENTYLOWANE<\/div><\/span><div class=\"cz_acc_child_content clr\">[vc_column_text]<\/p>\n<p class=\"testo\">W\u0119\u017cownica z obustronnie elektrycznie przyspawanymi drutami<\/p>\n<p class=\"testoQuality\"><strong>W\u0141A\u015aCIWO\u015aCI<\/strong><\/p>\n<ul>\n<li class=\"testoQuality\">Rura stalowa UNI EN 10139-DC04, \u00d8 zewn\u0119trzna 4,76 x 0,7 mm<\/li>\n<li class=\"testoQuality\">Skok zwoju w\u0119\u017cownicy 50 \u2013 25 mm<\/li>\n<li class=\"testoQuality\">Szeroko\u015b\u0107 drutu: 350 mm \u2013 1000 mm<\/li>\n<li class=\"testoQuality\">Wysoko\u015b\u0107 drutu: 300 \u2013 1450 mm<\/li>\n<li class=\"testoQuality\">Druty stalowe zimnoci\u0105gnione 3CD 5 UNI 5598-71, \u00d8 zewn\u0119trzna 1,4 mm, minimalne odst\u0119py drutu 5 mm<\/li>\n<li class=\"testoQuality\">Malowanie na czarno w procesie kataforezy<\/li>\n<li class=\"testoQuality\">Czysto\u015b\u0107 i wilgotno\u015b\u0107 wewn\u0119trzna wg DIN 8964<\/li>\n<li class=\"testoQuality\">Mg\u0142a solna wg ASTM 8117\/ISO 9227 &gt; 48 h<\/li>\n<\/ul>\n<p class=\"testoQuality\"><strong>NA ZAM\u00d3WIENIE<\/strong><\/p>\n<ul>\n<li class=\"testoQuality\">Osuszacz wej\u015bciowy pojedynczy lub podw\u00f3jny<\/li>\n<li class=\"testoQuality\">Rura zasilaj\u0105ca<\/li>\n<li class=\"testoQuality\">Spoiny sprawdzone w 100%<\/li>\n<li class=\"testoQuality\">Wsporniki mocuj\u0105ce<\/li>\n<\/ul>\n<p class=\"testoQuality\"><strong>SYSTEM MOCOWANIA\u00a0<\/strong><\/p>\n<p class=\"testoQuality\">Na zam\u00f3wienie spawane wsporniki, wykonane ze stali FeP01 UNI 5961-67, dla r\u00f3\u017cnych rodzaj\u00f3w komin\u00f3w (wysoko\u015b\u0107 od 0 do 25 mm).<\/p>\n<p>[\/vc_column_text]<\/div><\/div><div id=\"\"><span class=\"cz_acc_child\"><div>SKRAPLACZE \u017bEBROWE STATYCZNE I WENTYLOWANE<\/div><\/span><div class=\"cz_acc_child_content clr\">[vc_column_text]<\/p>\n<p class=\"testo\"><strong>Blacha stalowa<\/strong> z \u017cebrem centralnym oraz kana\u0142ami po obu stronach, spawane, zamykaj\u0105ce w\u0119\u017cownic\u0119 wewn\u0105trz kana\u0142\u00f3w. Rury bez spaw\u00f3w.<\/p>\n<p class=\"testoQuality\"><strong>W\u0141A\u015aCIWO\u015aCI<\/strong><\/p>\n<ul>\n<li class=\"testoQuality\">Rura stalowa UNI EN 10139-DC04, \u00d8 zewn\u0119trzna 4,76 x 0,7 mm<\/li>\n<li class=\"testoQuality\">Skok zwoju w\u0119\u017cownicy 60 \u2013 32,5 mm<\/li>\n<li class=\"testoQuality\">Szeroko\u015b\u0107 342 \u2013 780 mm<\/li>\n<li class=\"testoQuality\">Wysoko\u015b\u0107: 240 \u2013 1456 mm<\/li>\n<li class=\"testoQuality\">Blacha stalowa UNI EN 10139-DC01<\/li>\n<li class=\"testoQuality\">Grubo\u015b\u0107 blachy stalowej 0,3-0,4 mm<\/li>\n<li class=\"testoQuality\">Malowanie na czarno w procesie kataforezy<\/li>\n<li class=\"testoQuality\">Czysto\u015b\u0107 i wilgotno\u015b\u0107 wewn\u0119trzna wg DIN 8964<\/li>\n<li class=\"testoQuality\">Mg\u0142a solna wg ASTM 8117\/ISO 9227 &gt; 48 h<\/li>\n<\/ul>\n<p class=\"testoQuality\"><strong>NA ZAM\u00d3WIENIE<\/strong><\/p>\n<ul>\n<li class=\"testoQuality\">Osuszacz wej\u015bciowy pojedynczy lub podw\u00f3jny<\/li>\n<li class=\"testoQuality\">Rura zasilaj\u0105ca<\/li>\n<li class=\"testoQuality\">Spoiny sprawdzone w 100%<\/li>\n<\/ul>\n<p class=\"testo\"><strong>SYSTEM MOCOWANIA<\/strong><\/p>\n<p class=\"testo\">R\u00f3\u017cne rozwi\u0105zania uchwyt\u00f3w r\u00f3wnoleg\u0142ych lub sko\u015bnych. Dost\u0119pne r\u00f3\u017cne rodzaje otwor\u00f3w na ramionach skraplaczy.<\/p>\n<p>[\/vc_column_text]<\/div><\/div><div id=\"\"><span class=\"cz_acc_child\"><div>SKRAPLACZE SPIRALNE<\/div><\/span><div class=\"cz_acc_child_content clr\">[vc_column_text]<\/p>\n<p class=\"testo\">Skraplacze<strong> spiralne<\/strong> przeznaczone s\u0105 do <strong>monta\u017cu w ograniczonych przestrzeniach<\/strong>, z wentylacj\u0105. Rury bez spaw\u00f3w.<\/p>\n<p class=\"testoQuality\"><strong>W\u0141A\u015aCIWO\u015aCI<\/strong><\/p>\n<ul>\n<li class=\"testoQuality\"><strong>Rura stalowa<\/strong> UNI EN 10139-DC04, cynkowana ogniowo, \u00d8 zewn\u0119trzna 4,76 x 0,7 mm<\/li>\n<li class=\"testoQuality\">Skok spirali 7 mm \u2013 20 mm<\/li>\n<li class=\"testoQuality\">Na zam\u00f3wienie okre\u015blona \u015brednica wewn\u0119trzna spirali<\/li>\n<li class=\"testoQuality\"><strong>Rozstaw \u015brodk\u00f3w spirali<\/strong> na zam\u00f3wienie<\/li>\n<li class=\"testoQuality\">D\u0142ugo\u015b\u0107 spirali 80 mm \u2013 300 mm<\/li>\n<li class=\"testoQuality\">Czysto\u015b\u0107 i wilgotno\u015b\u0107 wewn\u0119trzna wg DIN 8964<\/li>\n<li class=\"testoQuality\">Mg\u0142a solna wg ASTM 8117\/ISO 9227 &gt; 48 h<\/li>\n<\/ul>\n<p class=\"testo\"><strong>NA ZAM\u00d3WIENIE<\/strong><\/p>\n<p class=\"testo\">Specjalnie zagi\u0119te ko\u0144ce<\/p>\n<p>[\/vc_column_text]<\/div><\/div><div id=\"\"><span class=\"cz_acc_child\"><div>PAROWNIK \u017bEBROWANY, MODU\u0141 ANTYOSZRONIENIOWY<\/div><\/span><div class=\"cz_acc_child_content clr\">[vc_column_text]<\/p>\n<p class=\"testo\">Projektowanie i produkcja <strong>modu\u0142\u00f3w antyoszronieniowych<\/strong>, dostarczanych w postaci pe\u0142nych zestaw\u00f3w, stosownie do specyfikacji<\/p>\n<p class=\"testoQuality\"><strong>W\u0141A\u015aCIWO\u015aCI<\/strong><\/p>\n<p class=\"testoQuality\">Zestaw obejmuje:<\/p>\n<ul>\n<li class=\"testoQuality\"><strong>Parownik \u017cebrowany<\/strong><\/li>\n<li class=\"testoQuality\">Uchwyty mocuj\u0105ce<\/li>\n<li class=\"testoQuality\">Rur\u0119 wymiennika z kapilar\u0105<\/li>\n<li class=\"testoQuality\">Grza\u0142k\u0119 odszraniaj\u0105c\u0105<\/li>\n<li class=\"testoQuality\"><strong>Aluminiow\u0105 p\u0142yt\u0119 tyln\u0105 <\/strong><\/li>\n<li class=\"testoQuality\"><strong>Aluminiow\u0105 p\u0142yt\u0119 przedni\u0105<\/strong><\/li>\n<li class=\"testoQuality\">Cz\u0119\u015bci EPS<\/li>\n<li class=\"testoQuality\">Czujniki NTC<\/li>\n<li class=\"testoQuality\">Wy\u0142\u0105cznik termiczny<\/li>\n<li class=\"testoQuality\">Okablowanie, mocowanie, \u015bruby, nity<\/li>\n<\/ul>\n<p>[\/vc_column_text]<\/div><\/div><\/div><\/div>[\/vc_column][vc_column width=&#8221;1\/2&#8243;][vc_row_inner el_id=&#8221;desk&#8221;][vc_column_inner][vc_single_image image=&#8221;8746&#8243; img_size=&#8221;full&#8221; onclick=&#8221;custom_link&#8221; img_link_target=&#8221;_blank&#8221; link=&#8221;https:\/\/www.publications.marcegaglia.com\/wp-content\/uploads\/downloads\/2017\/08\/MM_refrigeration_sett2017.pdf&#8221;][\/vc_column_inner][\/vc_row_inner][vc_empty_space height=&#8221;30px&#8221;]<div id=\"cz_53510\" class=\"cz_53510 slick arrows_mlr no_dots arrows_inner\" data-slick='{\"selector\":\"\",\"slidesToShow\":1,\"slidesToScroll\":1,\"rows\":1,\"fade\":true,\"vertical\":false,\"verticalSwiping\":false,\"infinite\":false,\"speed\":1000,\"swipeToSlide\":true,\"centerMode\":false,\"centerPadding\":\"\",\"variableWidth\":false,\"autoplay\":false,\"autoplaySpeed\":4000,\"dots\":true,\"counts\":false,\"adaptiveHeight\":false,\"responsive\":[{\"breakpoint\":769,\"settings\":{\"slidesToShow\":1,\"slidesToScroll\":1,\"infinite\":true,\"touchMove\":true}},{\"breakpoint\":481,\"settings\":{\"slidesToShow\":1,\"slidesToScroll\":1,\"infinite\":true,\"touchMove\":true}}]}' data-slick-prev=\"fa fa-chevron-left\" data-slick-next=\"fa fa-chevron-right\">[vc_single_image image=&#8221;8741&#8243; img_size=&#8221;full&#8221;][vc_single_image image=&#8221;8742&#8243; img_size=&#8221;full&#8221;][vc_single_image image=&#8221;8743&#8243; img_size=&#8221;full&#8221;][vc_single_image image=&#8221;8744&#8243; img_size=&#8221;full&#8221;][vc_single_image image=&#8221;8745&#8243; img_size=&#8221;full&#8221;]<\/div><div><\/div>[vc_empty_space height=&#8221;30px&#8221;][vc_column_text]<\/p>\n<h4>\u017b\u0105danie informacji<\/h4>\n<p>[\/vc_column_text][vc_empty_space height=&#8221;30px&#8221;]\n<div class=\"wpcf7 no-js\" id=\"wpcf7-f12429-o1\" lang=\"it-IT\" dir=\"ltr\" data-wpcf7-id=\"12429\">\n<div class=\"screen-reader-response\"><p role=\"status\" aria-live=\"polite\" aria-atomic=\"true\"><\/p> <ul><\/ul><\/div>\n<form action=\"\/pl\/wp-json\/wp\/v2\/pages\/8714#wpcf7-f12429-o1\" method=\"post\" class=\"wpcf7-form init\" aria-label=\"Modulo di contatto\" novalidate=\"novalidate\" data-status=\"init\">\n<fieldset class=\"hidden-fields-container\"><input type=\"hidden\" name=\"_wpcf7\" value=\"12429\" \/><input type=\"hidden\" name=\"_wpcf7_version\" value=\"6.1\" \/><input type=\"hidden\" name=\"_wpcf7_locale\" value=\"it_IT\" \/><input type=\"hidden\" name=\"_wpcf7_unit_tag\" value=\"wpcf7-f12429-o1\" \/><input type=\"hidden\" name=\"_wpcf7_container_post\" value=\"0\" \/><input type=\"hidden\" name=\"_wpcf7_posted_data_hash\" value=\"\" \/><input type=\"hidden\" name=\"_wpcf7_recaptcha_response\" value=\"\" \/>\n<\/fieldset>\n<div id=\"cf_info\">\n\t<div class=\"vc_row\">\n\t\t<div class=\"vc_col-md-6\">\n\t\t\t<p><span> Imi\u0119 * <\/span><br \/>\n<span class=\"wpcf7-form-control-wrap\" data-name=\"your-name\"><input size=\"40\" maxlength=\"400\" class=\"wpcf7-form-control wpcf7-text wpcf7-validates-as-required\" aria-required=\"true\" aria-invalid=\"false\" value=\"\" type=\"text\" name=\"your-name\" \/><\/span>\n\t\t\t<\/p>\n\t\t<\/div>\n\t\t<div class=\"vc_col-md-6\">\n\t\t\t<p><span> Email * <\/span><br \/>\n<span class=\"wpcf7-form-control-wrap\" data-name=\"your-email\"><input size=\"40\" maxlength=\"400\" class=\"wpcf7-form-control wpcf7-email wpcf7-validates-as-required wpcf7-text wpcf7-validates-as-email\" aria-required=\"true\" aria-invalid=\"false\" value=\"\" type=\"email\" name=\"your-email\" \/><\/span>\n\t\t\t<\/p>\n\t\t<\/div>\n\t\t<div class=\"vc_col-md-12\">\n\t\t\t<p><span> Temat <\/span><br \/>\n<span class=\"wpcf7-form-control-wrap\" data-name=\"your-subject\"><input size=\"40\" maxlength=\"400\" class=\"wpcf7-form-control wpcf7-text\" aria-invalid=\"false\" value=\"\" type=\"text\" name=\"your-subject\" \/><\/span>\n\t\t\t<\/p>\n\t\t<\/div>\n\t\t<div class=\"vc_col-md-12\">\n\t\t\t<p><span class=\"wpcf7-form-control-wrap\" data-name=\"your-message\"><textarea cols=\"40\" rows=\"10\" maxlength=\"2000\" class=\"wpcf7-form-control wpcf7-textarea\" aria-invalid=\"false\" placeholder=\"Wpisz swoj\u0105 wiadomo\u015b\u0107 tutaj..\" name=\"your-message\"><\/textarea><\/span>\n\t\t\t<\/p>\n\t\t<\/div>\n\t\t<div class=\"vc_col-md-12\">\n\t\t\t<p><input class=\"wpcf7-form-control wpcf7-submit has-spinner\" type=\"submit\" value=\"Wy\u015blij\" \/>\n\t\t\t<\/p>\n\t\t<\/div>\n\t<\/div>\n<\/div><input type='hidden' class='wpcf7-pum' value='{\"closepopup\":false,\"closedelay\":0,\"openpopup\":false,\"openpopup_id\":0}' \/><div class=\"wpcf7-response-output\" aria-hidden=\"true\"><\/div>\n<\/form>\n<\/div>\n[\/vc_column][\/vc_row]<\/p>\n<\/div>","protected":false},"excerpt":{"rendered":"<p>[vc_row full_width=&#8221;stretch_row_content_no_spaces&#8221; css=&#8221;.vc_custom_1588593985137{margin-bottom: 2em !important;background-image: url(https:\/\/marcegaglia.pl\/wp-content\/uploads\/2020\/04\/marcegaglia_poland-carbon-steel-products-components-for-household-appliances-banner-1920&#215;306-1.jpg?id=10119) !important;background-position: center !important;background-repeat: no-repeat !important;background-size: &#8230; <\/p>\n","protected":false},"author":1,"featured_media":0,"parent":0,"menu_order":0,"comment_status":"closed","ping_status":"closed","template":"","meta":{"footnotes":""},"class_list":["post-8714","page","type-page","status-publish","hentry"],"yoast_head":"<!-- This site is optimized with the Yoast SEO plugin v27.3 - https:\/\/yoast.com\/product\/yoast-seo-wordpress\/ -->\n<title>Cz\u0119\u015bci do sprz\u0119tu agd - Marcegaglia Poland<\/title>\n<meta name=\"robots\" content=\"index, follow, max-snippet:-1, max-image-preview:large, max-video-preview:-1\" \/>\n<link rel=\"canonical\" href=\"https:\/\/marcegaglia.pl\/pl\/czesci-do-sprzetu-agd\/\" \/>\n<meta property=\"og:locale\" content=\"pl_PL\" \/>\n<meta property=\"og:type\" content=\"article\" \/>\n<meta property=\"og:title\" content=\"Cz\u0119\u015bci do sprz\u0119tu agd - Marcegaglia Poland\" \/>\n<meta property=\"og:description\" content=\"[vc_row full_width=&#8221;stretch_row_content_no_spaces&#8221; css=&#8221;.vc_custom_1588593985137{margin-bottom: 2em !important;background-image: url(https:\/\/marcegaglia.pl\/wp-content\/uploads\/2020\/04\/marcegaglia_poland-carbon-steel-products-components-for-household-appliances-banner-1920&#215;306-1.jpg?id=10119) !important;background-position: center !important;background-repeat: no-repeat !important;background-size: ...\" \/>\n<meta property=\"og:url\" content=\"https:\/\/marcegaglia.pl\/pl\/czesci-do-sprzetu-agd\/\" \/>\n<meta property=\"og:site_name\" content=\"Marcegaglia Poland\" \/>\n<meta property=\"article:modified_time\" content=\"2020-07-13T08:58:17+00:00\" \/>\n<meta property=\"og:image\" content=\"https:\/\/marcegaglia.pl\/wp-content\/uploads\/2024\/04\/marcegaglia_poland_yoast.jpg\" \/>\n\t<meta property=\"og:image:width\" content=\"600\" \/>\n\t<meta property=\"og:image:height\" content=\"338\" \/>\n\t<meta property=\"og:image:type\" content=\"image\/jpeg\" \/>\n<meta name=\"twitter:card\" content=\"summary_large_image\" \/>\n<meta name=\"twitter:label1\" content=\"Szacowany czas czytania\" \/>\n\t<meta name=\"twitter:data1\" content=\"5 minut\" \/>\n<script type=\"application\/ld+json\" class=\"yoast-schema-graph\">{\"@context\":\"https:\\\/\\\/schema.org\",\"@graph\":[{\"@type\":\"WebPage\",\"@id\":\"https:\\\/\\\/marcegaglia.pl\\\/pl\\\/czesci-do-sprzetu-agd\\\/\",\"url\":\"https:\\\/\\\/marcegaglia.pl\\\/pl\\\/czesci-do-sprzetu-agd\\\/\",\"name\":\"Cz\u0119\u015bci do sprz\u0119tu agd - Marcegaglia Poland\",\"isPartOf\":{\"@id\":\"https:\\\/\\\/marcegaglia.pl\\\/pl\\\/#website\"},\"datePublished\":\"2020-04-10T08:49:19+00:00\",\"dateModified\":\"2020-07-13T08:58:17+00:00\",\"breadcrumb\":{\"@id\":\"https:\\\/\\\/marcegaglia.pl\\\/pl\\\/czesci-do-sprzetu-agd\\\/#breadcrumb\"},\"inLanguage\":\"pl-PL\",\"potentialAction\":[{\"@type\":\"ReadAction\",\"target\":[\"https:\\\/\\\/marcegaglia.pl\\\/pl\\\/czesci-do-sprzetu-agd\\\/\"]}]},{\"@type\":\"BreadcrumbList\",\"@id\":\"https:\\\/\\\/marcegaglia.pl\\\/pl\\\/czesci-do-sprzetu-agd\\\/#breadcrumb\",\"itemListElement\":[{\"@type\":\"ListItem\",\"position\":1,\"name\":\"Home\",\"item\":\"https:\\\/\\\/marcegaglia.pl\\\/en\\\/\"},{\"@type\":\"ListItem\",\"position\":2,\"name\":\"Cz\u0119\u015bci do sprz\u0119tu agd\"}]},{\"@type\":\"WebSite\",\"@id\":\"https:\\\/\\\/marcegaglia.pl\\\/pl\\\/#website\",\"url\":\"https:\\\/\\\/marcegaglia.pl\\\/pl\\\/\",\"name\":\"Marcegaglia Poland\",\"description\":\"We give shape to steel\",\"publisher\":{\"@id\":\"https:\\\/\\\/marcegaglia.pl\\\/pl\\\/#organization\"},\"potentialAction\":[{\"@type\":\"SearchAction\",\"target\":{\"@type\":\"EntryPoint\",\"urlTemplate\":\"https:\\\/\\\/marcegaglia.pl\\\/pl\\\/?s={search_term_string}\"},\"query-input\":{\"@type\":\"PropertyValueSpecification\",\"valueRequired\":true,\"valueName\":\"search_term_string\"}}],\"inLanguage\":\"pl-PL\"},{\"@type\":\"Organization\",\"@id\":\"https:\\\/\\\/marcegaglia.pl\\\/pl\\\/#organization\",\"name\":\"Marcegaglia Poland\",\"url\":\"https:\\\/\\\/marcegaglia.pl\\\/pl\\\/\",\"logo\":{\"@type\":\"ImageObject\",\"inLanguage\":\"pl-PL\",\"@id\":\"https:\\\/\\\/marcegaglia.pl\\\/pl\\\/#\\\/schema\\\/logo\\\/image\\\/\",\"url\":\"https:\\\/\\\/marcegaglia.pl\\\/wp-content\\\/uploads\\\/2020\\\/05\\\/favicon_marcegaglia-carbon-steel_512x512.jpg\",\"contentUrl\":\"https:\\\/\\\/marcegaglia.pl\\\/wp-content\\\/uploads\\\/2020\\\/05\\\/favicon_marcegaglia-carbon-steel_512x512.jpg\",\"width\":512,\"height\":512,\"caption\":\"Marcegaglia Poland\"},\"image\":{\"@id\":\"https:\\\/\\\/marcegaglia.pl\\\/pl\\\/#\\\/schema\\\/logo\\\/image\\\/\"}}]}<\/script>\n<!-- \/ Yoast SEO plugin. -->","yoast_head_json":{"title":"Cz\u0119\u015bci do sprz\u0119tu agd - Marcegaglia Poland","robots":{"index":"index","follow":"follow","max-snippet":"max-snippet:-1","max-image-preview":"max-image-preview:large","max-video-preview":"max-video-preview:-1"},"canonical":"https:\/\/marcegaglia.pl\/pl\/czesci-do-sprzetu-agd\/","og_locale":"pl_PL","og_type":"article","og_title":"Cz\u0119\u015bci do sprz\u0119tu agd - Marcegaglia Poland","og_description":"[vc_row full_width=&#8221;stretch_row_content_no_spaces&#8221; css=&#8221;.vc_custom_1588593985137{margin-bottom: 2em !important;background-image: url(https:\/\/marcegaglia.pl\/wp-content\/uploads\/2020\/04\/marcegaglia_poland-carbon-steel-products-components-for-household-appliances-banner-1920&#215;306-1.jpg?id=10119) !important;background-position: center !important;background-repeat: no-repeat !important;background-size: ...","og_url":"https:\/\/marcegaglia.pl\/pl\/czesci-do-sprzetu-agd\/","og_site_name":"Marcegaglia Poland","article_modified_time":"2020-07-13T08:58:17+00:00","og_image":[{"width":600,"height":338,"url":"https:\/\/marcegaglia.pl\/wp-content\/uploads\/2024\/04\/marcegaglia_poland_yoast.jpg","type":"image\/jpeg"}],"twitter_card":"summary_large_image","twitter_misc":{"Szacowany czas czytania":"5 minut"},"schema":{"@context":"https:\/\/schema.org","@graph":[{"@type":"WebPage","@id":"https:\/\/marcegaglia.pl\/pl\/czesci-do-sprzetu-agd\/","url":"https:\/\/marcegaglia.pl\/pl\/czesci-do-sprzetu-agd\/","name":"Cz\u0119\u015bci do sprz\u0119tu agd - Marcegaglia Poland","isPartOf":{"@id":"https:\/\/marcegaglia.pl\/pl\/#website"},"datePublished":"2020-04-10T08:49:19+00:00","dateModified":"2020-07-13T08:58:17+00:00","breadcrumb":{"@id":"https:\/\/marcegaglia.pl\/pl\/czesci-do-sprzetu-agd\/#breadcrumb"},"inLanguage":"pl-PL","potentialAction":[{"@type":"ReadAction","target":["https:\/\/marcegaglia.pl\/pl\/czesci-do-sprzetu-agd\/"]}]},{"@type":"BreadcrumbList","@id":"https:\/\/marcegaglia.pl\/pl\/czesci-do-sprzetu-agd\/#breadcrumb","itemListElement":[{"@type":"ListItem","position":1,"name":"Home","item":"https:\/\/marcegaglia.pl\/en\/"},{"@type":"ListItem","position":2,"name":"Cz\u0119\u015bci do sprz\u0119tu agd"}]},{"@type":"WebSite","@id":"https:\/\/marcegaglia.pl\/pl\/#website","url":"https:\/\/marcegaglia.pl\/pl\/","name":"Marcegaglia Poland","description":"We give shape to steel","publisher":{"@id":"https:\/\/marcegaglia.pl\/pl\/#organization"},"potentialAction":[{"@type":"SearchAction","target":{"@type":"EntryPoint","urlTemplate":"https:\/\/marcegaglia.pl\/pl\/?s={search_term_string}"},"query-input":{"@type":"PropertyValueSpecification","valueRequired":true,"valueName":"search_term_string"}}],"inLanguage":"pl-PL"},{"@type":"Organization","@id":"https:\/\/marcegaglia.pl\/pl\/#organization","name":"Marcegaglia Poland","url":"https:\/\/marcegaglia.pl\/pl\/","logo":{"@type":"ImageObject","inLanguage":"pl-PL","@id":"https:\/\/marcegaglia.pl\/pl\/#\/schema\/logo\/image\/","url":"https:\/\/marcegaglia.pl\/wp-content\/uploads\/2020\/05\/favicon_marcegaglia-carbon-steel_512x512.jpg","contentUrl":"https:\/\/marcegaglia.pl\/wp-content\/uploads\/2020\/05\/favicon_marcegaglia-carbon-steel_512x512.jpg","width":512,"height":512,"caption":"Marcegaglia Poland"},"image":{"@id":"https:\/\/marcegaglia.pl\/pl\/#\/schema\/logo\/image\/"}}]}},"_links":{"self":[{"href":"https:\/\/marcegaglia.pl\/pl\/wp-json\/wp\/v2\/pages\/8714","targetHints":{"allow":["GET"]}}],"collection":[{"href":"https:\/\/marcegaglia.pl\/pl\/wp-json\/wp\/v2\/pages"}],"about":[{"href":"https:\/\/marcegaglia.pl\/pl\/wp-json\/wp\/v2\/types\/page"}],"author":[{"embeddable":true,"href":"https:\/\/marcegaglia.pl\/pl\/wp-json\/wp\/v2\/users\/1"}],"replies":[{"embeddable":true,"href":"https:\/\/marcegaglia.pl\/pl\/wp-json\/wp\/v2\/comments?post=8714"}],"version-history":[{"count":5,"href":"https:\/\/marcegaglia.pl\/pl\/wp-json\/wp\/v2\/pages\/8714\/revisions"}],"predecessor-version":[{"id":13455,"href":"https:\/\/marcegaglia.pl\/pl\/wp-json\/wp\/v2\/pages\/8714\/revisions\/13455"}],"wp:attachment":[{"href":"https:\/\/marcegaglia.pl\/pl\/wp-json\/wp\/v2\/media?parent=8714"}],"curies":[{"name":"wp","href":"https:\/\/api.w.org\/{rel}","templated":true}]}}