{"id":8708,"date":"2020-04-10T14:05:18","date_gmt":"2020-04-10T14:05:18","guid":{"rendered":"https:\/\/marcegaglia.pl\/standard-packaging-strips\/"},"modified":"2020-07-13T08:44:32","modified_gmt":"2020-07-13T08:44:32","slug":"opakowania-standardowe","status":"publish","type":"page","link":"https:\/\/marcegaglia.pl\/pl\/opakowania-standardowe\/","title":{"rendered":"Opakowania standardowe"},"content":{"rendered":"<div class=\"wpb-content-wrapper\"><p>[vc_row full_width=&#8221;stretch_row_content_no_spaces&#8221; css=&#8221;.vc_custom_1588665298886{margin-bottom: 2em !important;background-image: url(https:\/\/marcegaglia.pl\/wp-content\/uploads\/2020\/04\/marcegaglia_poland-carbon-steel-flat-products-strips-packaging-banner-1920&#215;306-2.jpg?id=10105) !important;background-position: center !important;background-repeat: no-repeat !important;background-size: cover !important;}&#8221; el_id=&#8221;desk&#8221;][vc_column css=&#8221;.vc_custom_1588591974425{padding-top: 10em !important;padding-bottom: 10em !important;background-position: center !important;background-repeat: no-repeat !important;background-size: cover !important;}&#8221; el_id=&#8221;desk&#8221; offset=&#8221;vc_hidden-sm vc_hidden-xs&#8221;][\/vc_column][\/vc_row][vc_row full_width=&#8221;stretch_row_content_no_spaces&#8221; css=&#8221;.vc_custom_1588665282264{margin-bottom: 2em !important;padding-top: 5em !important;padding-bottom: 5em !important;background-image: url(https:\/\/marcegaglia.pl\/wp-content\/uploads\/2020\/05\/marcegaglia_poland-carbon-steel-flat-products-strips-packaging-banner-1400&#215;700-1.jpg?id=11235) !important;background-position: center !important;background-repeat: no-repeat !important;background-size: cover !important;}&#8221; el_id=&#8221;resp&#8221;][vc_column css=&#8221;.vc_custom_1588592239658{background-position: center !important;background-repeat: no-repeat !important;background-size: cover !important;}&#8221; el_id=&#8221;resp&#8221; offset=&#8221;vc_hidden-lg vc_hidden-md&#8221;][\/vc_column][\/vc_row][vc_row full_width=&#8221;stretch_row&#8221; css=&#8221;.vc_custom_1585049350308{margin-bottom: 2em !important;background-position: center !important;background-repeat: no-repeat !important;background-size: cover !important;}&#8221;][vc_column][vc_column_text]\/<a href=\"https:\/\/marcegaglia.pl\/pl\/tasm\/\">Ta\u015bmy<\/a>\/Opakowania standardowe[\/vc_column_text][\/vc_column][\/vc_row][vc_row full_width=&#8221;stretch_row&#8221; css=&#8221;.vc_custom_1585324797481{margin-bottom: 4em !important;background-position: center !important;background-repeat: no-repeat !important;background-size: cover !important;}&#8221;][vc_column width=&#8221;1\/2&#8243;][vc_column_text]<\/p>\n<h2>OPAKOWANIA STANDARDOWE<\/h2>\n<p>[\/vc_column_text][vc_empty_space height=&#8221;20px&#8221;][vc_column_text]Marcegaglia Poland zapewnia ochron\u0119 produkt\u00f3w dzi\u0119ki\u00a0<strong>standardowi\u00a0opakowa\u0144<\/strong> Marcegaglia, takim jak pokazany poni\u017cej. Mo\u017cliwe jest r\u00f3wnie\u017c opracowanie<strong>\u00a0niestandardowych opakowa\u0144<\/strong>, zgodnie z \u017cyczeniami klienta.[\/vc_column_text][vc_empty_space height=&#8221;20px&#8221;][vc_row_inner el_id=&#8221;resp&#8221; css=&#8221;.vc_custom_1594629870532{margin-bottom: 1em !important;}&#8221;][vc_column_inner width=&#8221;1\/4&#8243; css=&#8221;.vc_custom_1585563575399{margin-right: 0px !important;}&#8221;][vc_single_image image=&#8221;9052&#8243; img_size=&#8221;full&#8221; onclick=&#8221;custom_link&#8221; img_link_target=&#8221;_blank&#8221; link=&#8221;https:\/\/marcegaglia.pl\/wp-content\/uploads\/2020\/04\/Marcegaglia-carbon-steel-strips-standard-packaging.pdf&#8221;][\/vc_column_inner][vc_column_inner width=&#8221;1\/4&#8243;][\/vc_column_inner][vc_column_inner width=&#8221;1\/4&#8243;][\/vc_column_inner][vc_column_inner width=&#8221;1\/4&#8243;][\/vc_column_inner][\/vc_row_inner][vc_column_text]<\/p>\n<table style=\"width: 100%;\" border=\"0\" cellspacing=\"0\" cellpadding=\"4\">\n<tbody>\n<tr>\n<td style=\"text-align: center;\"><\/td>\n<td style=\"text-align: center;\"><strong>BN1<\/strong><\/td>\n<td style=\"text-align: center;\"><strong><strong>BN2<\/strong><\/strong><\/td>\n<td style=\"text-align: center;\"><strong><strong>BN3<\/strong><\/strong><\/td>\n<td style=\"text-align: center;\"><strong><strong>BN4<\/strong><\/strong><\/td>\n<td style=\"text-align: center;\"><strong><strong>BN6<\/strong><\/strong><\/td>\n<td style=\"text-align: center;\"><strong><strong>BN7<\/strong><\/strong><\/td>\n<td style=\"text-align: center;\"><strong><strong>BN8<\/strong><\/strong><\/td>\n<\/tr>\n<tr>\n<td align=\"left\" bgcolor=\"#D6D9D0\">Otw\u00f3r, o\u015b pozioma<\/td>\n<td style=\"text-align: center;\"><strong>\u2022<\/strong><\/td>\n<td style=\"text-align: center;\"><\/td>\n<td style=\"text-align: center;\"><\/td>\n<td style=\"text-align: center;\"><\/td>\n<td style=\"text-align: center;\"><\/td>\n<td style=\"text-align: center;\"><\/td>\n<td style=\"text-align: center;\"><\/td>\n<\/tr>\n<tr>\n<td align=\"left\" bgcolor=\"#D6D9D0\">Siod\u0142o, o\u015b pozioma<\/td>\n<td style=\"text-align: center;\"><\/td>\n<td style=\"text-align: center;\"><strong>\u2022<\/strong><\/td>\n<td style=\"text-align: center;\"><\/td>\n<td style=\"text-align: center;\"><\/td>\n<td style=\"text-align: center;\"><\/td>\n<td style=\"text-align: center;\"><\/td>\n<td style=\"text-align: center;\"><\/td>\n<\/tr>\n<tr>\n<td align=\"left\" bgcolor=\"#D6D9D0\">Paleta<\/td>\n<td style=\"text-align: center;\"><\/td>\n<td style=\"text-align: center;\"><\/td>\n<td style=\"text-align: center;\"><strong>\u2022<\/strong><\/td>\n<td style=\"text-align: center;\"><strong>\u2022<\/strong><\/td>\n<td style=\"text-align: center;\"><\/td>\n<td style=\"text-align: center;\"><\/td>\n<td style=\"text-align: center;\"><\/td>\n<\/tr>\n<tr>\n<td align=\"left\" bgcolor=\"#D6D9D0\">Kr\u0119gi na belkach<\/td>\n<td style=\"text-align: center;\"><\/td>\n<td style=\"text-align: center;\"><\/td>\n<td style=\"text-align: center;\"><\/td>\n<td style=\"text-align: center;\"><\/td>\n<td style=\"text-align: center;\"><\/td>\n<td style=\"text-align: center;\"><strong>\u2022<\/strong><\/td>\n<td style=\"text-align: center;\"><strong>\u2022<\/strong><\/td>\n<\/tr>\n<tr>\n<td align=\"left\" bgcolor=\"#D6D9D0\">Paleta\u00a08\u00d78<\/td>\n<td style=\"text-align: center;\"><\/td>\n<td style=\"text-align: center;\"><\/td>\n<td style=\"text-align: center;\"><\/td>\n<td style=\"text-align: center;\"><\/td>\n<td style=\"text-align: center;\"><strong>\u2022<\/strong><\/td>\n<td style=\"text-align: center;\"><\/td>\n<td style=\"text-align: center;\"><\/td>\n<\/tr>\n<tr>\n<td align=\"left\" bgcolor=\"#D6D9D0\">Przek\u0142adki 20 mm<\/td>\n<td style=\"text-align: center;\"><\/td>\n<td style=\"text-align: center;\"><\/td>\n<td style=\"text-align: center;\">(1)<\/td>\n<td style=\"text-align: center;\"><\/td>\n<td style=\"text-align: center;\">(1)<\/td>\n<td style=\"text-align: center;\">(1)<\/td>\n<td style=\"text-align: center;\"><\/td>\n<\/tr>\n<tr>\n<td align=\"left\" bgcolor=\"#D6D9D0\">Przek\u0142adki 40 mm<\/td>\n<td style=\"text-align: center;\"><\/td>\n<td style=\"text-align: center;\"><\/td>\n<td style=\"text-align: center;\">(2)<\/td>\n<td style=\"text-align: center;\"><\/td>\n<td style=\"text-align: center;\">(2)<\/td>\n<td style=\"text-align: center;\">(2)<\/td>\n<td style=\"text-align: center;\"><\/td>\n<\/tr>\n<tr>\n<td align=\"left\" bgcolor=\"#D6D9D0\">Przek\u0142adki 80 mm<\/td>\n<td style=\"text-align: center;\"><\/td>\n<td style=\"text-align: center;\"><\/td>\n<td style=\"text-align: center;\">(3)<\/td>\n<td style=\"text-align: center;\"><\/td>\n<td style=\"text-align: center;\"><\/td>\n<td style=\"text-align: center;\">(3)<\/td>\n<td style=\"text-align: center;\"><\/td>\n<\/tr>\n<tr>\n<td align=\"left\" bgcolor=\"#D6D9D0\">Folia oddzielaj\u0105ca elementy drewniane<\/td>\n<td style=\"text-align: center;\"><\/td>\n<td style=\"text-align: center;\"><\/td>\n<td style=\"text-align: center;\">(4)<\/td>\n<td style=\"text-align: center;\">(1)<\/td>\n<td style=\"text-align: center;\">(3)<\/td>\n<td style=\"text-align: center;\">(4)<\/td>\n<td style=\"text-align: center;\">(1)<\/td>\n<\/tr>\n<tr>\n<td align=\"left\" bgcolor=\"#D6D9D0\">Folia<\/td>\n<td style=\"text-align: center;\"><\/td>\n<td style=\"text-align: center;\"><\/td>\n<td style=\"text-align: center;\">(5)<\/td>\n<td style=\"text-align: center;\">(2)<\/td>\n<td style=\"text-align: center;\">(4)<\/td>\n<td style=\"text-align: center;\">(5)<\/td>\n<td style=\"text-align: center;\">(2)<\/td>\n<\/tr>\n<tr>\n<td align=\"left\" bgcolor=\"#D6D9D0\">Papier ochronny powlekany<\/td>\n<td style=\"text-align: center;\">(C)<\/td>\n<td style=\"text-align: center;\">(C)<\/td>\n<td style=\"text-align: center;\">(6)<\/td>\n<td style=\"text-align: center;\">(3)<\/td>\n<td style=\"text-align: center;\">(5)<\/td>\n<td style=\"text-align: center;\">(6)<\/td>\n<td style=\"text-align: center;\">(3)<\/td>\n<\/tr>\n<tr>\n<td align=\"left\" bgcolor=\"#D6D9D0\">Skrzynia metalowa<\/td>\n<td style=\"text-align: center;\">(M)<\/td>\n<td style=\"text-align: center;\">(M)<\/td>\n<td style=\"text-align: center;\"><\/td>\n<td style=\"text-align: center;\"><\/td>\n<td style=\"text-align: center;\"><\/td>\n<td style=\"text-align: center;\"><\/td>\n<td style=\"text-align: center;\"><\/td>\n<\/tr>\n<\/tbody>\n<\/table>\n<p>[\/vc_column_text][vc_empty_space height=&#8221;15px&#8221;][vc_column_text]<\/p>\n<table style=\"width: 100%;\" border=\"0\" cellspacing=\"0\" cellpadding=\"8\">\n<tbody>\n<tr>\n<td><strong>Inne typy opakowa\u0144 moig\u0105 by\u0107 dostarczone po uzgodnieniu<\/strong><\/td>\n<td align=\"center\" valign=\"middle\" width=\"77\"><img decoding=\"async\" class=\"alignnone size-full wp-image-1874\" title=\"Marcegaglia_custom\" src=\"https:\/\/marcegaglia.pl\/wp-content\/uploads\/2020\/06\/Marcegaglia_custom.jpg\" alt=\"Marcegaglia_custom\" width=\"65\" height=\"65\" \/><\/td>\n<\/tr>\n<\/tbody>\n<\/table>\n<p>[\/vc_column_text][\/vc_column][vc_column width=&#8221;1\/2&#8243;][vc_row_inner el_id=&#8221;desk&#8221;][vc_column_inner width=&#8221;1\/4&#8243; css=&#8221;.vc_custom_1585563575399{margin-right: 0px !important;}&#8221;][vc_single_image image=&#8221;9052&#8243; img_size=&#8221;full&#8221; onclick=&#8221;custom_link&#8221; img_link_target=&#8221;_blank&#8221; link=&#8221;https:\/\/marcegaglia.pl\/wp-content\/uploads\/2020\/04\/Marcegaglia-carbon-steel-strips-standard-packaging.pdf&#8221;][\/vc_column_inner][vc_column_inner width=&#8221;1\/4&#8243;][\/vc_column_inner][vc_column_inner width=&#8221;1\/4&#8243;][\/vc_column_inner][vc_column_inner width=&#8221;1\/4&#8243;][\/vc_column_inner][\/vc_row_inner][vc_empty_space height=&#8221;30px&#8221;]<div id=\"cz_35438\" class=\"cz_35438 slick arrows_mlr no_dots arrows_inner\" data-slick='{\"selector\":\"\",\"slidesToShow\":1,\"slidesToScroll\":1,\"rows\":1,\"fade\":true,\"vertical\":false,\"verticalSwiping\":false,\"infinite\":true,\"speed\":1000,\"swipeToSlide\":true,\"centerMode\":false,\"centerPadding\":\"\",\"variableWidth\":false,\"autoplay\":false,\"autoplaySpeed\":4000,\"dots\":true,\"counts\":false,\"adaptiveHeight\":false,\"responsive\":[{\"breakpoint\":769,\"settings\":{\"slidesToShow\":1,\"slidesToScroll\":1,\"infinite\":true,\"touchMove\":true}},{\"breakpoint\":481,\"settings\":{\"slidesToShow\":1,\"slidesToScroll\":1,\"infinite\":true,\"touchMove\":true}}]}' data-slick-prev=\"fa fa-chevron-left\" data-slick-next=\"fa fa-chevron-right\">[vc_single_image image=&#8221;8719&#8243; img_size=&#8221;full&#8221; alignment=&#8221;center&#8221;][vc_single_image image=&#8221;8720&#8243; img_size=&#8221;full&#8221; alignment=&#8221;center&#8221;][vc_single_image image=&#8221;8721&#8243; img_size=&#8221;full&#8221; alignment=&#8221;center&#8221;][vc_single_image image=&#8221;8722&#8243; img_size=&#8221;full&#8221; alignment=&#8221;center&#8221;][vc_single_image image=&#8221;8723&#8243; img_size=&#8221;full&#8221; alignment=&#8221;center&#8221;][vc_single_image image=&#8221;8724&#8243; img_size=&#8221;full&#8221; alignment=&#8221;center&#8221;]<\/div><div><\/div>[vc_empty_space height=&#8221;40px&#8221;][vc_column_text]<\/p>\n<h4>\u017b\u0105danie informacji<\/h4>\n<p>[\/vc_column_text][vc_empty_space height=&#8221;20px&#8221;][vc_column_text]\n<div class=\"wpcf7 no-js\" id=\"wpcf7-f12802-o1\" lang=\"it-IT\" dir=\"ltr\" data-wpcf7-id=\"12802\">\n<div class=\"screen-reader-response\"><p role=\"status\" aria-live=\"polite\" aria-atomic=\"true\"><\/p> <ul><\/ul><\/div>\n<form action=\"\/pl\/wp-json\/wp\/v2\/pages\/8708#wpcf7-f12802-o1\" method=\"post\" class=\"wpcf7-form init\" aria-label=\"Modulo di contatto\" novalidate=\"novalidate\" data-status=\"init\">\n<fieldset class=\"hidden-fields-container\"><input type=\"hidden\" name=\"_wpcf7\" value=\"12802\" \/><input type=\"hidden\" name=\"_wpcf7_version\" value=\"6.1\" \/><input type=\"hidden\" name=\"_wpcf7_locale\" value=\"it_IT\" \/><input type=\"hidden\" name=\"_wpcf7_unit_tag\" value=\"wpcf7-f12802-o1\" \/><input type=\"hidden\" name=\"_wpcf7_container_post\" value=\"0\" \/><input type=\"hidden\" name=\"_wpcf7_posted_data_hash\" value=\"\" \/><input type=\"hidden\" name=\"_wpcf7_recaptcha_response\" value=\"\" \/>\n<\/fieldset>\n<div id=\"cf_info\">\n\t<div class=\"vc_row\">\n\t\t<div class=\"vc_col-md-6\">\n\t\t\t<p><span> Imi\u0119 * <\/span><br \/>\n<span class=\"wpcf7-form-control-wrap\" data-name=\"your-name\"><input size=\"40\" maxlength=\"400\" class=\"wpcf7-form-control wpcf7-text wpcf7-validates-as-required\" aria-required=\"true\" aria-invalid=\"false\" value=\"\" type=\"text\" name=\"your-name\" \/><\/span>\n\t\t\t<\/p>\n\t\t<\/div>\n\t\t<div class=\"vc_col-md-6\">\n\t\t\t<p><span> Email * <\/span><br \/>\n<span class=\"wpcf7-form-control-wrap\" data-name=\"your-email\"><input size=\"40\" maxlength=\"400\" class=\"wpcf7-form-control wpcf7-email wpcf7-validates-as-required wpcf7-text wpcf7-validates-as-email\" aria-required=\"true\" aria-invalid=\"false\" value=\"\" type=\"email\" name=\"your-email\" \/><\/span>\n\t\t\t<\/p>\n\t\t<\/div>\n\t\t<div class=\"vc_col-md-12\">\n\t\t\t<p><span> Temat <\/span><br \/>\n<span class=\"wpcf7-form-control-wrap\" data-name=\"your-subject\"><input size=\"40\" maxlength=\"400\" class=\"wpcf7-form-control wpcf7-text\" aria-invalid=\"false\" value=\"\" type=\"text\" name=\"your-subject\" \/><\/span>\n\t\t\t<\/p>\n\t\t<\/div>\n\t\t<div class=\"vc_col-md-12\">\n\t\t\t<p><span class=\"wpcf7-form-control-wrap\" data-name=\"your-message\"><textarea cols=\"40\" rows=\"10\" maxlength=\"2000\" class=\"wpcf7-form-control wpcf7-textarea\" aria-invalid=\"false\" placeholder=\"Wpisz swoj\u0105 wiadomo\u015b\u0107 tutaj..\" name=\"your-message\"><\/textarea><\/span>\n\t\t\t<\/p>\n\t\t<\/div>\n\t\t<div class=\"vc_col-md-12\">\n\t\t\t<p><input class=\"wpcf7-form-control wpcf7-submit has-spinner\" type=\"submit\" value=\"Wy\u015blij\" \/>\n\t\t\t<\/p>\n\t\t<\/div>\n\t<\/div>\n<\/div><input type='hidden' class='wpcf7-pum' value='{\"closepopup\":false,\"closedelay\":0,\"openpopup\":false,\"openpopup_id\":0}' \/><div class=\"wpcf7-response-output\" aria-hidden=\"true\"><\/div>\n<\/form>\n<\/div>\n[\/vc_column_text][\/vc_column][\/vc_row]<\/p>\n<\/div>","protected":false},"excerpt":{"rendered":"<p>[vc_row full_width=&#8221;stretch_row_content_no_spaces&#8221; css=&#8221;.vc_custom_1588665298886{margin-bottom: 2em !important;background-image: url(https:\/\/marcegaglia.pl\/wp-content\/uploads\/2020\/04\/marcegaglia_poland-carbon-steel-flat-products-strips-packaging-banner-1920&#215;306-2.jpg?id=10105) !important;background-position: center !important;background-repeat: no-repeat !important;background-size: &#8230; <\/p>\n","protected":false},"author":1,"featured_media":0,"parent":0,"menu_order":0,"comment_status":"closed","ping_status":"closed","template":"","meta":{"footnotes":""},"class_list":["post-8708","page","type-page","status-publish","hentry"],"yoast_head":"<!-- This site is optimized with the Yoast SEO plugin v27.4 - https:\/\/yoast.com\/product\/yoast-seo-wordpress\/ -->\n<title>Opakowania standardowe - Marcegaglia Poland<\/title>\n<meta name=\"robots\" content=\"index, follow, max-snippet:-1, max-image-preview:large, max-video-preview:-1\" \/>\n<link rel=\"canonical\" href=\"https:\/\/marcegaglia.pl\/pl\/opakowania-standardowe\/\" \/>\n<meta property=\"og:locale\" content=\"pl_PL\" \/>\n<meta property=\"og:type\" content=\"article\" \/>\n<meta property=\"og:title\" content=\"Opakowania standardowe - Marcegaglia Poland\" \/>\n<meta property=\"og:description\" content=\"[vc_row full_width=&#8221;stretch_row_content_no_spaces&#8221; css=&#8221;.vc_custom_1588665298886{margin-bottom: 2em !important;background-image: url(https:\/\/marcegaglia.pl\/wp-content\/uploads\/2020\/04\/marcegaglia_poland-carbon-steel-flat-products-strips-packaging-banner-1920&#215;306-2.jpg?id=10105) !important;background-position: center !important;background-repeat: no-repeat !important;background-size: ...\" \/>\n<meta property=\"og:url\" content=\"https:\/\/marcegaglia.pl\/pl\/opakowania-standardowe\/\" \/>\n<meta property=\"og:site_name\" content=\"Marcegaglia Poland\" \/>\n<meta property=\"article:modified_time\" content=\"2020-07-13T08:44:32+00:00\" \/>\n<meta property=\"og:image\" content=\"https:\/\/marcegaglia.pl\/wp-content\/uploads\/2020\/06\/Marcegaglia_custom.jpg\" \/>\n<meta name=\"twitter:card\" content=\"summary_large_image\" \/>\n<meta name=\"twitter:label1\" content=\"Szacowany czas czytania\" \/>\n\t<meta name=\"twitter:data1\" content=\"3 minuty\" \/>\n<script type=\"application\/ld+json\" class=\"yoast-schema-graph\">{\"@context\":\"https:\\\/\\\/schema.org\",\"@graph\":[{\"@type\":\"WebPage\",\"@id\":\"https:\\\/\\\/marcegaglia.pl\\\/pl\\\/opakowania-standardowe\\\/\",\"url\":\"https:\\\/\\\/marcegaglia.pl\\\/pl\\\/opakowania-standardowe\\\/\",\"name\":\"Opakowania standardowe - Marcegaglia Poland\",\"isPartOf\":{\"@id\":\"https:\\\/\\\/marcegaglia.pl\\\/pl\\\/#website\"},\"primaryImageOfPage\":{\"@id\":\"https:\\\/\\\/marcegaglia.pl\\\/pl\\\/opakowania-standardowe\\\/#primaryimage\"},\"image\":{\"@id\":\"https:\\\/\\\/marcegaglia.pl\\\/pl\\\/opakowania-standardowe\\\/#primaryimage\"},\"thumbnailUrl\":\"https:\\\/\\\/marcegaglia.pl\\\/wp-content\\\/uploads\\\/2020\\\/06\\\/Marcegaglia_custom.jpg\",\"datePublished\":\"2020-04-10T14:05:18+00:00\",\"dateModified\":\"2020-07-13T08:44:32+00:00\",\"breadcrumb\":{\"@id\":\"https:\\\/\\\/marcegaglia.pl\\\/pl\\\/opakowania-standardowe\\\/#breadcrumb\"},\"inLanguage\":\"pl-PL\",\"potentialAction\":[{\"@type\":\"ReadAction\",\"target\":[\"https:\\\/\\\/marcegaglia.pl\\\/pl\\\/opakowania-standardowe\\\/\"]}]},{\"@type\":\"ImageObject\",\"inLanguage\":\"pl-PL\",\"@id\":\"https:\\\/\\\/marcegaglia.pl\\\/pl\\\/opakowania-standardowe\\\/#primaryimage\",\"url\":\"https:\\\/\\\/marcegaglia.pl\\\/wp-content\\\/uploads\\\/2020\\\/06\\\/Marcegaglia_custom.jpg\",\"contentUrl\":\"https:\\\/\\\/marcegaglia.pl\\\/wp-content\\\/uploads\\\/2020\\\/06\\\/Marcegaglia_custom.jpg\"},{\"@type\":\"BreadcrumbList\",\"@id\":\"https:\\\/\\\/marcegaglia.pl\\\/pl\\\/opakowania-standardowe\\\/#breadcrumb\",\"itemListElement\":[{\"@type\":\"ListItem\",\"position\":1,\"name\":\"Home\",\"item\":\"https:\\\/\\\/marcegaglia.pl\\\/en\\\/\"},{\"@type\":\"ListItem\",\"position\":2,\"name\":\"Opakowania standardowe\"}]},{\"@type\":\"WebSite\",\"@id\":\"https:\\\/\\\/marcegaglia.pl\\\/pl\\\/#website\",\"url\":\"https:\\\/\\\/marcegaglia.pl\\\/pl\\\/\",\"name\":\"Marcegaglia Poland\",\"description\":\"We give shape to steel\",\"publisher\":{\"@id\":\"https:\\\/\\\/marcegaglia.pl\\\/pl\\\/#organization\"},\"potentialAction\":[{\"@type\":\"SearchAction\",\"target\":{\"@type\":\"EntryPoint\",\"urlTemplate\":\"https:\\\/\\\/marcegaglia.pl\\\/pl\\\/?s={search_term_string}\"},\"query-input\":{\"@type\":\"PropertyValueSpecification\",\"valueRequired\":true,\"valueName\":\"search_term_string\"}}],\"inLanguage\":\"pl-PL\"},{\"@type\":\"Organization\",\"@id\":\"https:\\\/\\\/marcegaglia.pl\\\/pl\\\/#organization\",\"name\":\"Marcegaglia Poland\",\"url\":\"https:\\\/\\\/marcegaglia.pl\\\/pl\\\/\",\"logo\":{\"@type\":\"ImageObject\",\"inLanguage\":\"pl-PL\",\"@id\":\"https:\\\/\\\/marcegaglia.pl\\\/pl\\\/#\\\/schema\\\/logo\\\/image\\\/\",\"url\":\"https:\\\/\\\/marcegaglia.pl\\\/wp-content\\\/uploads\\\/2020\\\/05\\\/favicon_marcegaglia-carbon-steel_512x512.jpg\",\"contentUrl\":\"https:\\\/\\\/marcegaglia.pl\\\/wp-content\\\/uploads\\\/2020\\\/05\\\/favicon_marcegaglia-carbon-steel_512x512.jpg\",\"width\":512,\"height\":512,\"caption\":\"Marcegaglia Poland\"},\"image\":{\"@id\":\"https:\\\/\\\/marcegaglia.pl\\\/pl\\\/#\\\/schema\\\/logo\\\/image\\\/\"}}]}<\/script>\n<!-- \/ Yoast SEO plugin. -->","yoast_head_json":{"title":"Opakowania standardowe - Marcegaglia Poland","robots":{"index":"index","follow":"follow","max-snippet":"max-snippet:-1","max-image-preview":"max-image-preview:large","max-video-preview":"max-video-preview:-1"},"canonical":"https:\/\/marcegaglia.pl\/pl\/opakowania-standardowe\/","og_locale":"pl_PL","og_type":"article","og_title":"Opakowania standardowe - Marcegaglia Poland","og_description":"[vc_row full_width=&#8221;stretch_row_content_no_spaces&#8221; css=&#8221;.vc_custom_1588665298886{margin-bottom: 2em !important;background-image: url(https:\/\/marcegaglia.pl\/wp-content\/uploads\/2020\/04\/marcegaglia_poland-carbon-steel-flat-products-strips-packaging-banner-1920&#215;306-2.jpg?id=10105) !important;background-position: center !important;background-repeat: no-repeat !important;background-size: ...","og_url":"https:\/\/marcegaglia.pl\/pl\/opakowania-standardowe\/","og_site_name":"Marcegaglia Poland","article_modified_time":"2020-07-13T08:44:32+00:00","og_image":[{"url":"https:\/\/marcegaglia.pl\/wp-content\/uploads\/2020\/06\/Marcegaglia_custom.jpg","type":"","width":"","height":""}],"twitter_card":"summary_large_image","twitter_misc":{"Szacowany czas czytania":"3 minuty"},"schema":{"@context":"https:\/\/schema.org","@graph":[{"@type":"WebPage","@id":"https:\/\/marcegaglia.pl\/pl\/opakowania-standardowe\/","url":"https:\/\/marcegaglia.pl\/pl\/opakowania-standardowe\/","name":"Opakowania standardowe - Marcegaglia Poland","isPartOf":{"@id":"https:\/\/marcegaglia.pl\/pl\/#website"},"primaryImageOfPage":{"@id":"https:\/\/marcegaglia.pl\/pl\/opakowania-standardowe\/#primaryimage"},"image":{"@id":"https:\/\/marcegaglia.pl\/pl\/opakowania-standardowe\/#primaryimage"},"thumbnailUrl":"https:\/\/marcegaglia.pl\/wp-content\/uploads\/2020\/06\/Marcegaglia_custom.jpg","datePublished":"2020-04-10T14:05:18+00:00","dateModified":"2020-07-13T08:44:32+00:00","breadcrumb":{"@id":"https:\/\/marcegaglia.pl\/pl\/opakowania-standardowe\/#breadcrumb"},"inLanguage":"pl-PL","potentialAction":[{"@type":"ReadAction","target":["https:\/\/marcegaglia.pl\/pl\/opakowania-standardowe\/"]}]},{"@type":"ImageObject","inLanguage":"pl-PL","@id":"https:\/\/marcegaglia.pl\/pl\/opakowania-standardowe\/#primaryimage","url":"https:\/\/marcegaglia.pl\/wp-content\/uploads\/2020\/06\/Marcegaglia_custom.jpg","contentUrl":"https:\/\/marcegaglia.pl\/wp-content\/uploads\/2020\/06\/Marcegaglia_custom.jpg"},{"@type":"BreadcrumbList","@id":"https:\/\/marcegaglia.pl\/pl\/opakowania-standardowe\/#breadcrumb","itemListElement":[{"@type":"ListItem","position":1,"name":"Home","item":"https:\/\/marcegaglia.pl\/en\/"},{"@type":"ListItem","position":2,"name":"Opakowania standardowe"}]},{"@type":"WebSite","@id":"https:\/\/marcegaglia.pl\/pl\/#website","url":"https:\/\/marcegaglia.pl\/pl\/","name":"Marcegaglia Poland","description":"We give shape to steel","publisher":{"@id":"https:\/\/marcegaglia.pl\/pl\/#organization"},"potentialAction":[{"@type":"SearchAction","target":{"@type":"EntryPoint","urlTemplate":"https:\/\/marcegaglia.pl\/pl\/?s={search_term_string}"},"query-input":{"@type":"PropertyValueSpecification","valueRequired":true,"valueName":"search_term_string"}}],"inLanguage":"pl-PL"},{"@type":"Organization","@id":"https:\/\/marcegaglia.pl\/pl\/#organization","name":"Marcegaglia Poland","url":"https:\/\/marcegaglia.pl\/pl\/","logo":{"@type":"ImageObject","inLanguage":"pl-PL","@id":"https:\/\/marcegaglia.pl\/pl\/#\/schema\/logo\/image\/","url":"https:\/\/marcegaglia.pl\/wp-content\/uploads\/2020\/05\/favicon_marcegaglia-carbon-steel_512x512.jpg","contentUrl":"https:\/\/marcegaglia.pl\/wp-content\/uploads\/2020\/05\/favicon_marcegaglia-carbon-steel_512x512.jpg","width":512,"height":512,"caption":"Marcegaglia Poland"},"image":{"@id":"https:\/\/marcegaglia.pl\/pl\/#\/schema\/logo\/image\/"}}]}},"_links":{"self":[{"href":"https:\/\/marcegaglia.pl\/pl\/wp-json\/wp\/v2\/pages\/8708","targetHints":{"allow":["GET"]}}],"collection":[{"href":"https:\/\/marcegaglia.pl\/pl\/wp-json\/wp\/v2\/pages"}],"about":[{"href":"https:\/\/marcegaglia.pl\/pl\/wp-json\/wp\/v2\/types\/page"}],"author":[{"embeddable":true,"href":"https:\/\/marcegaglia.pl\/pl\/wp-json\/wp\/v2\/users\/1"}],"replies":[{"embeddable":true,"href":"https:\/\/marcegaglia.pl\/pl\/wp-json\/wp\/v2\/comments?post=8708"}],"version-history":[{"count":5,"href":"https:\/\/marcegaglia.pl\/pl\/wp-json\/wp\/v2\/pages\/8708\/revisions"}],"predecessor-version":[{"id":13429,"href":"https:\/\/marcegaglia.pl\/pl\/wp-json\/wp\/v2\/pages\/8708\/revisions\/13429"}],"wp:attachment":[{"href":"https:\/\/marcegaglia.pl\/pl\/wp-json\/wp\/v2\/media?parent=8708"}],"curies":[{"name":"wp","href":"https:\/\/api.w.org\/{rel}","templated":true}]}}