{"id":14152,"date":"2021-12-22T10:46:42","date_gmt":"2021-12-22T10:46:42","guid":{"rendered":"https:\/\/marcegaglia.pl\/?page_id=14152"},"modified":"2025-04-10T06:55:59","modified_gmt":"2025-04-10T06:55:59","slug":"dokumenty-prawne","status":"publish","type":"page","link":"https:\/\/marcegaglia.pl\/pl\/dokumenty-prawne\/","title":{"rendered":"Dokumenty prawne"},"content":{"rendered":"<div class=\"wpb-content-wrapper\"><p>[vc_row full_width=&#8221;stretch_row_content_no_spaces&#8221; css=&#8221;.vc_custom_1640169616823{margin-bottom: 2em !important;background-image: url(https:\/\/marcegaglia.pl\/wp-content\/uploads\/2021\/12\/marcegaglia_poland-carbon-steel-legal-documents-banner-1920&#215;306-1.jpg?id=14156) !important;background-position: center !important;background-repeat: no-repeat !important;background-size: cover !important;}&#8221; el_id=&#8221;desk&#8221;][vc_column css=&#8221;.vc_custom_1588591974425{padding-top: 10em !important;padding-bottom: 10em !important;background-position: center !important;background-repeat: no-repeat !important;background-size: cover !important;}&#8221; el_id=&#8221;desk&#8221; offset=&#8221;vc_hidden-sm vc_hidden-xs&#8221;][\/vc_column][\/vc_row][vc_row full_width=&#8221;stretch_row_content_no_spaces&#8221; css=&#8221;.vc_custom_1640169643972{margin-bottom: 2em !important;padding-top: 5em !important;padding-bottom: 5em !important;background-image: url(https:\/\/marcegaglia.pl\/wp-content\/uploads\/2021\/12\/marcegaglia_poland-carbon-steel-legal-documents-banner-1400&#215;700-1.jpg?id=14158) !important;background-position: center !important;background-repeat: no-repeat !important;background-size: cover !important;}&#8221; el_id=&#8221;resp&#8221;][vc_column css=&#8221;.vc_custom_1588592239658{background-position: center !important;background-repeat: no-repeat !important;background-size: cover !important;}&#8221; el_id=&#8221;resp&#8221; offset=&#8221;vc_hidden-lg vc_hidden-md&#8221;][\/vc_column][\/vc_row][vc_row full_width=&#8221;stretch_row&#8221; css=&#8221;.vc_custom_1585049350308{margin-bottom: 2em !important;background-position: center !important;background-repeat: no-repeat !important;background-size: cover !important;}&#8221;][vc_column][vc_column_text]<\/p>\n<h2>DOKUMENTY PRAWNE<\/h2>\n<p>[\/vc_column_text][vc_empty_space][vc_row_inner][vc_column_inner width=&#8221;1\/2&#8243; offset=&#8221;vc_col-xs-4&#8243;][vc_column_text]<strong>Informacja o strategii podatkowej 2023 Marcegaglia Poland sp. z o.o.<\/strong><br \/>\n<em>Kliknij na ikon\u0119, aby pobra\u0107 plik.<\/em>[\/vc_column_text][vc_empty_space height=&#8221;10px&#8221;][vc_single_image image=&#8221;14182&#8243; onclick=&#8221;custom_link&#8221; img_link_target=&#8221;_blank&#8221; link=&#8221;https:\/\/marcegaglia.pl\/wp-content\/uploads\/2024\/12\/Informacja-o-strategii-podatkowej-2023-Marcegaglia-Poland-sp.-z-o.o_.pdf&#8221;][vc_empty_space height=&#8221;10px&#8221;][vc_column_text]<a href=\"https:\/\/marcegaglia.pl\/wp-content\/uploads\/2023\/12\/Informacja-o-strategii-podatkowej-2022-Marcegaglia-Poland-sp.-z-o.o.pdf\" target=\"_blank\" rel=\"noopener noreferrer\"><img decoding=\"async\" class=\"alignleft wp-image-16627 size-full\" src=\"https:\/\/marcegaglia.pl\/wp-content\/uploads\/2021\/12\/pdf-1.png\" alt=\"\" width=\"32\" height=\"32\" \/><\/a><a href=\"https:\/\/marcegaglia.pl\/wp-content\/uploads\/2024\/12\/Informacja-o-strategii-podatkowej-2023-Marcegaglia-Poland-sp.-z-o.o_.pdf\" target=\"_blank\" rel=\"noopener noreferrer\"><span id=\"listino\">Strategia podatkowa &#8211; 2023<\/span><\/a>[\/vc_column_text][vc_empty_space height=&#8221;40px&#8221;][\/vc_column_inner][vc_column_inner width=&#8221;1\/2&#8243;][\/vc_column_inner][\/vc_row_inner][vc_row_inner][vc_column_inner width=&#8221;1\/2&#8243; offset=&#8221;vc_col-xs-4&#8243;][vc_column_text]<strong>Informacja o strategii podatkowej 2022 Marcegaglia Poland sp. z o.o.<\/strong><br \/>\n<em>Kliknij na ikon\u0119, aby pobra\u0107 plik.<\/em>[\/vc_column_text][vc_empty_space height=&#8221;10px&#8221;][vc_single_image image=&#8221;14182&#8243; onclick=&#8221;custom_link&#8221; img_link_target=&#8221;_blank&#8221; link=&#8221;https:\/\/marcegaglia.pl\/wp-content\/uploads\/2023\/12\/Informacja-o-strategii-podatkowej-2022-Marcegaglia-Poland-sp.-z-o.o.pdf&#8221;][vc_empty_space height=&#8221;10px&#8221;][vc_column_text]<a href=\"https:\/\/marcegaglia.pl\/wp-content\/uploads\/2023\/12\/Informacja-o-strategii-podatkowej-2022-Marcegaglia-Poland-sp.-z-o.o.pdf\" target=\"_blank\" rel=\"noopener noreferrer\"><img decoding=\"async\" class=\"alignleft wp-image-16627 size-full\" src=\"https:\/\/marcegaglia.pl\/wp-content\/uploads\/2021\/12\/pdf-1.png\" alt=\"\" width=\"32\" height=\"32\" \/><\/a><a href=\"https:\/\/marcegaglia.pl\/wp-content\/uploads\/2023\/12\/Informacja-o-strategii-podatkowej-2022-Marcegaglia-Poland-sp.-z-o.o.pdf\" target=\"_blank\" rel=\"noopener noreferrer\"><span id=\"listino\">Strategia podatkowa &#8211; 2022<\/span><\/a>[\/vc_column_text][vc_empty_space height=&#8221;40px&#8221;][\/vc_column_inner][vc_column_inner width=&#8221;1\/2&#8243;][\/vc_column_inner][\/vc_row_inner][vc_row_inner][vc_column_inner width=&#8221;1\/2&#8243; offset=&#8221;vc_col-xs-4&#8243;][vc_column_text]<strong>Informacja o strategii podatkowej 2021 Marcegaglia Poland sp. z o.o.<\/strong><br \/>\n<em>Kliknij na ikon\u0119, aby pobra\u0107 plik.<\/em>[\/vc_column_text][vc_empty_space height=&#8221;10px&#8221;][vc_single_image image=&#8221;14182&#8243; onclick=&#8221;custom_link&#8221; img_link_target=&#8221;_blank&#8221; link=&#8221;https:\/\/marcegaglia.pl\/wp-content\/uploads\/2023\/01\/Informacja-o-strategii-podatkowej-2021-Marcegaglia-Poland-sp.-z-o.o..pdf&#8221;][vc_empty_space height=&#8221;10px&#8221;][vc_column_text]<a href=\"https:\/\/marcegaglia.pl\/wp-content\/uploads\/2023\/01\/Informacja-o-strategii-podatkowej-2021-Marcegaglia-Poland-sp.-z-o.o..pdf\" target=\"_blank\" rel=\"noopener noreferrer\"><img decoding=\"async\" class=\"alignleft wp-image-16627 size-full\" src=\"https:\/\/marcegaglia.pl\/wp-content\/uploads\/2021\/12\/pdf-1.png\" alt=\"\" width=\"32\" height=\"32\" \/><\/a><a href=\"https:\/\/marcegaglia.pl\/wp-content\/uploads\/2023\/01\/Informacja-o-strategii-podatkowej-2021-Marcegaglia-Poland-sp.-z-o.o..pdf\" target=\"_blank\" rel=\"noopener noreferrer\"><span id=\"listino\">Strategia podatkowa &#8211; 2021<\/span><\/a>[\/vc_column_text][vc_empty_space height=&#8221;20px&#8221;][\/vc_column_inner][vc_column_inner width=&#8221;1\/2&#8243;][\/vc_column_inner][\/vc_row_inner][vc_row_inner][vc_column_inner offset=&#8221;vc_col-xs-4&#8243;][vc_separator color=&#8221;black&#8221;][vc_empty_space height=&#8221;20px&#8221;][vc_column_text]<strong>2021 o\u015bwiadczenie o rzeczywistym beneficjencie nale\u017cno\u015bci dla cel\u00f3w przepis\u00f3w o cenach transferowych.<\/strong><br \/>\n<em>Kliknij na ikon\u0119, aby pobra\u0107 plik.<\/em>[\/vc_column_text][vc_empty_space height=&#8221;10px&#8221;][vc_single_image image=&#8221;14297&#8243; onclick=&#8221;custom_link&#8221; img_link_target=&#8221;_blank&#8221; link=&#8221;https:\/\/marcegaglia.pl\/wp-content\/uploads\/2022\/05\/2021-oswiadczenie-wlasciciel-naleznosci.pdf&#8221;][vc_empty_space height=&#8221;10px&#8221;][vc_column_text]<a href=\"https:\/\/marcegaglia.pl\/wp-content\/uploads\/2022\/05\/2021-oswiadczenie-wlasciciel-naleznosci.pdf\" target=\"_blank\" rel=\"noopener noreferrer\"><img decoding=\"async\" class=\"alignleft wp-image-16627 size-full\" src=\"https:\/\/marcegaglia.pl\/wp-content\/uploads\/2021\/12\/pdf-1.png\" alt=\"\" width=\"32\" height=\"32\" \/><\/a><a href=\"https:\/\/marcegaglia.pl\/wp-content\/uploads\/2022\/05\/2021-oswiadczenie-wlasciciel-naleznosci.pdf\" target=\"_blank\" rel=\"noopener noreferrer\"><span id=\"listino\">2021 oswiadczenie wlasciciel naleznosci<\/span><\/a>[\/vc_column_text][\/vc_column_inner][\/vc_row_inner][vc_row_inner][vc_column_inner offset=&#8221;vc_col-xs-4&#8243;][vc_separator color=&#8221;black&#8221;][vc_empty_space height=&#8221;20px&#8221;][vc_column_text]<strong>Procedura Sygnalist\u00f3w Marcegaglia Poland Sp. z o.o.<\/strong><br \/>\n<em>Kliknij na ikon\u0119, aby pobra\u0107 plik.<\/em>[\/vc_column_text][vc_empty_space height=&#8221;10px&#8221;][vc_single_image image=&#8221;14660&#8243; onclick=&#8221;custom_link&#8221; img_link_target=&#8221;_blank&#8221; link=&#8221;https:\/\/marcegaglia.pl\/wp-content\/uploads\/2025\/04\/Procedura-Sygnalistw-Marcegaglia-Poland-Sp.-z-o.o.pdf&#8221;][vc_empty_space height=&#8221;10px&#8221;][vc_column_text]<a href=\"https:\/\/marcegaglia.pl\/wp-content\/uploads\/2022\/05\/2021-oswiadczenie-wlasciciel-naleznosci.pdf\" target=\"_blank\" rel=\"noopener noreferrer\"><img decoding=\"async\" class=\"alignleft wp-image-16627 size-full\" src=\"https:\/\/marcegaglia.pl\/wp-content\/uploads\/2021\/12\/pdf-1.png\" alt=\"\" width=\"32\" height=\"32\" \/><\/a><a href=\"https:\/\/marcegaglia.pl\/wp-content\/uploads\/2025\/04\/Procedura-Sygnalistw-Marcegaglia-Poland-Sp.-z-o.o.pdf\" target=\"_blank\" rel=\"noopener noreferrer\"><span id=\"listino\">Procedura Sygnalist\u00f3w<\/span><\/a>[\/vc_column_text][\/vc_column_inner][\/vc_row_inner][vc_empty_space height=&#8221;20px&#8221;][\/vc_column][\/vc_row]<\/p>\n<\/div>","protected":false},"excerpt":{"rendered":"<p>[vc_row full_width=&#8221;stretch_row_content_no_spaces&#8221; css=&#8221;.vc_custom_1640169616823{margin-bottom: 2em !important;background-image: url(https:\/\/marcegaglia.pl\/wp-content\/uploads\/2021\/12\/marcegaglia_poland-carbon-steel-legal-documents-banner-1920&#215;306-1.jpg?id=14156) !important;background-position: center !important;background-repeat: no-repeat !important;background-size: &#8230; <\/p>\n","protected":false},"author":1,"featured_media":0,"parent":0,"menu_order":0,"comment_status":"closed","ping_status":"closed","template":"","meta":{"footnotes":""},"class_list":["post-14152","page","type-page","status-publish","hentry"],"yoast_head":"<!-- This site is optimized with the Yoast SEO plugin v27.4 - https:\/\/yoast.com\/product\/yoast-seo-wordpress\/ -->\n<title>Dokumenty prawne - Marcegaglia Poland<\/title>\n<meta name=\"robots\" content=\"index, follow, max-snippet:-1, max-image-preview:large, max-video-preview:-1\" \/>\n<link rel=\"canonical\" href=\"https:\/\/marcegaglia.pl\/pl\/dokumenty-prawne\/\" \/>\n<meta property=\"og:locale\" content=\"pl_PL\" \/>\n<meta property=\"og:type\" content=\"article\" \/>\n<meta property=\"og:title\" content=\"Dokumenty prawne - Marcegaglia Poland\" \/>\n<meta property=\"og:description\" content=\"[vc_row full_width=&#8221;stretch_row_content_no_spaces&#8221; css=&#8221;.vc_custom_1640169616823{margin-bottom: 2em !important;background-image: url(https:\/\/marcegaglia.pl\/wp-content\/uploads\/2021\/12\/marcegaglia_poland-carbon-steel-legal-documents-banner-1920&#215;306-1.jpg?id=14156) !important;background-position: center !important;background-repeat: no-repeat !important;background-size: ...\" \/>\n<meta property=\"og:url\" content=\"https:\/\/marcegaglia.pl\/pl\/dokumenty-prawne\/\" \/>\n<meta property=\"og:site_name\" content=\"Marcegaglia Poland\" \/>\n<meta property=\"article:modified_time\" content=\"2025-04-10T06:55:59+00:00\" \/>\n<meta property=\"og:image\" content=\"https:\/\/marcegaglia.pl\/wp-content\/uploads\/2021\/12\/pdf-1.png\" \/>\n<meta name=\"twitter:card\" content=\"summary_large_image\" \/>\n<meta name=\"twitter:label1\" content=\"Szacowany czas czytania\" \/>\n\t<meta name=\"twitter:data1\" content=\"2 minuty\" \/>\n<script type=\"application\/ld+json\" class=\"yoast-schema-graph\">{\"@context\":\"https:\\\/\\\/schema.org\",\"@graph\":[{\"@type\":\"WebPage\",\"@id\":\"https:\\\/\\\/marcegaglia.pl\\\/pl\\\/dokumenty-prawne\\\/\",\"url\":\"https:\\\/\\\/marcegaglia.pl\\\/pl\\\/dokumenty-prawne\\\/\",\"name\":\"Dokumenty prawne - Marcegaglia Poland\",\"isPartOf\":{\"@id\":\"https:\\\/\\\/marcegaglia.pl\\\/pl\\\/#website\"},\"primaryImageOfPage\":{\"@id\":\"https:\\\/\\\/marcegaglia.pl\\\/pl\\\/dokumenty-prawne\\\/#primaryimage\"},\"image\":{\"@id\":\"https:\\\/\\\/marcegaglia.pl\\\/pl\\\/dokumenty-prawne\\\/#primaryimage\"},\"thumbnailUrl\":\"https:\\\/\\\/marcegaglia.pl\\\/wp-content\\\/uploads\\\/2021\\\/12\\\/pdf-1.png\",\"datePublished\":\"2021-12-22T10:46:42+00:00\",\"dateModified\":\"2025-04-10T06:55:59+00:00\",\"breadcrumb\":{\"@id\":\"https:\\\/\\\/marcegaglia.pl\\\/pl\\\/dokumenty-prawne\\\/#breadcrumb\"},\"inLanguage\":\"pl-PL\",\"potentialAction\":[{\"@type\":\"ReadAction\",\"target\":[\"https:\\\/\\\/marcegaglia.pl\\\/pl\\\/dokumenty-prawne\\\/\"]}]},{\"@type\":\"ImageObject\",\"inLanguage\":\"pl-PL\",\"@id\":\"https:\\\/\\\/marcegaglia.pl\\\/pl\\\/dokumenty-prawne\\\/#primaryimage\",\"url\":\"https:\\\/\\\/marcegaglia.pl\\\/wp-content\\\/uploads\\\/2021\\\/12\\\/pdf-1.png\",\"contentUrl\":\"https:\\\/\\\/marcegaglia.pl\\\/wp-content\\\/uploads\\\/2021\\\/12\\\/pdf-1.png\"},{\"@type\":\"BreadcrumbList\",\"@id\":\"https:\\\/\\\/marcegaglia.pl\\\/pl\\\/dokumenty-prawne\\\/#breadcrumb\",\"itemListElement\":[{\"@type\":\"ListItem\",\"position\":1,\"name\":\"Home\",\"item\":\"https:\\\/\\\/marcegaglia.pl\\\/en\\\/\"},{\"@type\":\"ListItem\",\"position\":2,\"name\":\"Dokumenty prawne\"}]},{\"@type\":\"WebSite\",\"@id\":\"https:\\\/\\\/marcegaglia.pl\\\/pl\\\/#website\",\"url\":\"https:\\\/\\\/marcegaglia.pl\\\/pl\\\/\",\"name\":\"Marcegaglia Poland\",\"description\":\"We give shape to steel\",\"publisher\":{\"@id\":\"https:\\\/\\\/marcegaglia.pl\\\/pl\\\/#organization\"},\"potentialAction\":[{\"@type\":\"SearchAction\",\"target\":{\"@type\":\"EntryPoint\",\"urlTemplate\":\"https:\\\/\\\/marcegaglia.pl\\\/pl\\\/?s={search_term_string}\"},\"query-input\":{\"@type\":\"PropertyValueSpecification\",\"valueRequired\":true,\"valueName\":\"search_term_string\"}}],\"inLanguage\":\"pl-PL\"},{\"@type\":\"Organization\",\"@id\":\"https:\\\/\\\/marcegaglia.pl\\\/pl\\\/#organization\",\"name\":\"Marcegaglia Poland\",\"url\":\"https:\\\/\\\/marcegaglia.pl\\\/pl\\\/\",\"logo\":{\"@type\":\"ImageObject\",\"inLanguage\":\"pl-PL\",\"@id\":\"https:\\\/\\\/marcegaglia.pl\\\/pl\\\/#\\\/schema\\\/logo\\\/image\\\/\",\"url\":\"https:\\\/\\\/marcegaglia.pl\\\/wp-content\\\/uploads\\\/2020\\\/05\\\/favicon_marcegaglia-carbon-steel_512x512.jpg\",\"contentUrl\":\"https:\\\/\\\/marcegaglia.pl\\\/wp-content\\\/uploads\\\/2020\\\/05\\\/favicon_marcegaglia-carbon-steel_512x512.jpg\",\"width\":512,\"height\":512,\"caption\":\"Marcegaglia Poland\"},\"image\":{\"@id\":\"https:\\\/\\\/marcegaglia.pl\\\/pl\\\/#\\\/schema\\\/logo\\\/image\\\/\"}}]}<\/script>\n<!-- \/ Yoast SEO plugin. -->","yoast_head_json":{"title":"Dokumenty prawne - Marcegaglia Poland","robots":{"index":"index","follow":"follow","max-snippet":"max-snippet:-1","max-image-preview":"max-image-preview:large","max-video-preview":"max-video-preview:-1"},"canonical":"https:\/\/marcegaglia.pl\/pl\/dokumenty-prawne\/","og_locale":"pl_PL","og_type":"article","og_title":"Dokumenty prawne - Marcegaglia Poland","og_description":"[vc_row full_width=&#8221;stretch_row_content_no_spaces&#8221; css=&#8221;.vc_custom_1640169616823{margin-bottom: 2em !important;background-image: url(https:\/\/marcegaglia.pl\/wp-content\/uploads\/2021\/12\/marcegaglia_poland-carbon-steel-legal-documents-banner-1920&#215;306-1.jpg?id=14156) !important;background-position: center !important;background-repeat: no-repeat !important;background-size: ...","og_url":"https:\/\/marcegaglia.pl\/pl\/dokumenty-prawne\/","og_site_name":"Marcegaglia Poland","article_modified_time":"2025-04-10T06:55:59+00:00","og_image":[{"url":"https:\/\/marcegaglia.pl\/wp-content\/uploads\/2021\/12\/pdf-1.png","type":"","width":"","height":""}],"twitter_card":"summary_large_image","twitter_misc":{"Szacowany czas czytania":"2 minuty"},"schema":{"@context":"https:\/\/schema.org","@graph":[{"@type":"WebPage","@id":"https:\/\/marcegaglia.pl\/pl\/dokumenty-prawne\/","url":"https:\/\/marcegaglia.pl\/pl\/dokumenty-prawne\/","name":"Dokumenty prawne - Marcegaglia Poland","isPartOf":{"@id":"https:\/\/marcegaglia.pl\/pl\/#website"},"primaryImageOfPage":{"@id":"https:\/\/marcegaglia.pl\/pl\/dokumenty-prawne\/#primaryimage"},"image":{"@id":"https:\/\/marcegaglia.pl\/pl\/dokumenty-prawne\/#primaryimage"},"thumbnailUrl":"https:\/\/marcegaglia.pl\/wp-content\/uploads\/2021\/12\/pdf-1.png","datePublished":"2021-12-22T10:46:42+00:00","dateModified":"2025-04-10T06:55:59+00:00","breadcrumb":{"@id":"https:\/\/marcegaglia.pl\/pl\/dokumenty-prawne\/#breadcrumb"},"inLanguage":"pl-PL","potentialAction":[{"@type":"ReadAction","target":["https:\/\/marcegaglia.pl\/pl\/dokumenty-prawne\/"]}]},{"@type":"ImageObject","inLanguage":"pl-PL","@id":"https:\/\/marcegaglia.pl\/pl\/dokumenty-prawne\/#primaryimage","url":"https:\/\/marcegaglia.pl\/wp-content\/uploads\/2021\/12\/pdf-1.png","contentUrl":"https:\/\/marcegaglia.pl\/wp-content\/uploads\/2021\/12\/pdf-1.png"},{"@type":"BreadcrumbList","@id":"https:\/\/marcegaglia.pl\/pl\/dokumenty-prawne\/#breadcrumb","itemListElement":[{"@type":"ListItem","position":1,"name":"Home","item":"https:\/\/marcegaglia.pl\/en\/"},{"@type":"ListItem","position":2,"name":"Dokumenty prawne"}]},{"@type":"WebSite","@id":"https:\/\/marcegaglia.pl\/pl\/#website","url":"https:\/\/marcegaglia.pl\/pl\/","name":"Marcegaglia Poland","description":"We give shape to steel","publisher":{"@id":"https:\/\/marcegaglia.pl\/pl\/#organization"},"potentialAction":[{"@type":"SearchAction","target":{"@type":"EntryPoint","urlTemplate":"https:\/\/marcegaglia.pl\/pl\/?s={search_term_string}"},"query-input":{"@type":"PropertyValueSpecification","valueRequired":true,"valueName":"search_term_string"}}],"inLanguage":"pl-PL"},{"@type":"Organization","@id":"https:\/\/marcegaglia.pl\/pl\/#organization","name":"Marcegaglia Poland","url":"https:\/\/marcegaglia.pl\/pl\/","logo":{"@type":"ImageObject","inLanguage":"pl-PL","@id":"https:\/\/marcegaglia.pl\/pl\/#\/schema\/logo\/image\/","url":"https:\/\/marcegaglia.pl\/wp-content\/uploads\/2020\/05\/favicon_marcegaglia-carbon-steel_512x512.jpg","contentUrl":"https:\/\/marcegaglia.pl\/wp-content\/uploads\/2020\/05\/favicon_marcegaglia-carbon-steel_512x512.jpg","width":512,"height":512,"caption":"Marcegaglia Poland"},"image":{"@id":"https:\/\/marcegaglia.pl\/pl\/#\/schema\/logo\/image\/"}}]}},"_links":{"self":[{"href":"https:\/\/marcegaglia.pl\/pl\/wp-json\/wp\/v2\/pages\/14152","targetHints":{"allow":["GET"]}}],"collection":[{"href":"https:\/\/marcegaglia.pl\/pl\/wp-json\/wp\/v2\/pages"}],"about":[{"href":"https:\/\/marcegaglia.pl\/pl\/wp-json\/wp\/v2\/types\/page"}],"author":[{"embeddable":true,"href":"https:\/\/marcegaglia.pl\/pl\/wp-json\/wp\/v2\/users\/1"}],"replies":[{"embeddable":true,"href":"https:\/\/marcegaglia.pl\/pl\/wp-json\/wp\/v2\/comments?post=14152"}],"version-history":[{"count":5,"href":"https:\/\/marcegaglia.pl\/pl\/wp-json\/wp\/v2\/pages\/14152\/revisions"}],"predecessor-version":[{"id":14662,"href":"https:\/\/marcegaglia.pl\/pl\/wp-json\/wp\/v2\/pages\/14152\/revisions\/14662"}],"wp:attachment":[{"href":"https:\/\/marcegaglia.pl\/pl\/wp-json\/wp\/v2\/media?parent=14152"}],"curies":[{"name":"wp","href":"https:\/\/api.w.org\/{rel}","templated":true}]}}