{"id":13212,"date":"2020-06-25T08:42:09","date_gmt":"2020-06-25T08:42:09","guid":{"rendered":"https:\/\/marcegaglia.pl\/?page_id=13212"},"modified":"2023-05-23T15:28:17","modified_gmt":"2023-05-23T15:28:17","slug":"globalny-gracz-w-stali","status":"publish","type":"page","link":"https:\/\/marcegaglia.pl\/pl\/globalny-gracz-w-stali\/","title":{"rendered":"Globalny gracz w stali"},"content":{"rendered":"<div class=\"wpb-content-wrapper\"><p>[vc_row full_width=&#8221;stretch_row&#8221; content_placement=&#8221;middle&#8221; css=&#8221;.vc_custom_1587484491989{margin-bottom: 2em !important;padding-top: 5.6em !important;padding-bottom: 5.6em !important;background-image: url(https:\/\/marcegaglia.pl\/wp-content\/uploads\/2020\/04\/Marcegaglia-global-player-in-steel.jpg?id=6023) !important;background-position: center !important;background-repeat: no-repeat !important;background-size: cover !important;}&#8221; el_id=&#8221;titolo_mmglobal&#8221;][vc_column width=&#8221;1\/6&#8243; offset=&#8221;vc_hidden-sm vc_hidden-xs&#8221;][\/vc_column][vc_column width=&#8221;5\/6&#8243; offset=&#8221;vc_hidden-sm vc_hidden-xs&#8221;][vc_column_text]<\/p>\n<h1 style=\"text-align: left;\"><span style=\"color: #ffffff;\"><span style=\"font-size: 50px;\">MI\u0118DZYNARODOWY GRACZ W STALI<br \/>\n<\/span><\/span><\/h1>\n<p>[\/vc_column_text][\/vc_column][\/vc_row][vc_row full_width=&#8221;stretch_row&#8221; content_placement=&#8221;middle&#8221; css=&#8221;.vc_custom_1588665576609{margin-bottom: 1em !important;padding-top: 3em !important;padding-bottom: 3em !important;background-image: url(https:\/\/marcegaglia.pl\/wp-content\/uploads\/2020\/05\/Marcegaglia-global-player-in-steel_1400x700.jpg?id=11132) !important;background-position: center !important;background-repeat: no-repeat !important;background-size: cover !important;}&#8221; el_id=&#8221;titolo_mmglobal_resp&#8221;][vc_column offset=&#8221;vc_hidden-lg vc_hidden-md&#8221;][vc_column_text]<\/p>\n<h1 style=\"text-align: left;\"><span style=\"color: #ffffff;\"><span style=\"font-size: 50px;\">MI\u0118DZYNARODOWY GRACZ W STALI<br \/>\n<\/span><\/span><\/h1>\n<p>[\/vc_column_text][\/vc_column][\/vc_row][vc_row css=&#8221;.vc_custom_1585574280938{margin-bottom: 2em !important;background-position: center !important;background-repeat: no-repeat !important;background-size: cover !important;}&#8221;][vc_column width=&#8221;5\/6&#8243;][vc_column_text]<\/p>\n<h2><span style=\"color: #034076;\">Marcegaglia jest w\u0142osk\u0105 grup\u0105 przemys\u0142ow\u0105, zajmuj\u0105c\u0105 czo\u0142ow\u0105 pozycj\u0119 na europejskich i \u015bwiatowych rynkach wyrob\u00f3w ze stali.<\/span><\/h2>\n<p>[\/vc_column_text][\/vc_column][vc_column width=&#8221;1\/6&#8243;][\/vc_column][\/vc_row][vc_row css=&#8221;.vc_custom_1585574280938{margin-bottom: 2em !important;background-position: center !important;background-repeat: no-repeat !important;background-size: cover !important;}&#8221;][vc_column el_id=&#8221;global_player_desk&#8221; offset=&#8221;vc_hidden-sm vc_hidden-xs&#8221;][vc_column_text]Przetwarzaj\u0105c rocznie <strong>6,5 mld ton stali<\/strong> i uzyskuj\u0105c obroty rz\u0119du <strong>9 mld euro<\/strong>, firma Marcegaglia jest jednym z najpot\u0119\u017cniejszych graczy na \u015bwiatowym rynku wyrob\u00f3w ze stali.[\/vc_column_text][vc_empty_space height=&#8221;20px&#8221;][vc_row_inner equal_height=&#8221;yes&#8221;][vc_column_inner width=&#8221;1\/4&#8243; css=&#8221;.vc_custom_1592301393841{border-top-width: 1px !important;border-bottom-width: 1px !important;border-left-width: 1px !important;padding-top: 1em !important;padding-bottom: 1em !important;border-left-color: #034076 !important;border-left-style: solid !important;border-top-color: #034076 !important;border-top-style: solid !important;border-bottom-color: #034076 !important;border-bottom-style: solid !important;}&#8221;][vc_column_text]<\/p>\n<h6><span style=\"color: #034076;\"><strong><span class=\"s2\">Sprzeda\u017c<\/span><\/strong><\/span><\/h6>\n<h1><span style=\"color: #034076;\">6.5<\/span><\/h1>\n<h6><span style=\"color: #034076;\"><strong><span class=\"s2\">ton stali rocznie<\/span><\/strong><\/span><\/h6>\n<p>[\/vc_column_text][\/vc_column_inner][vc_column_inner width=&#8221;1\/4&#8243; css=&#8221;.vc_custom_1585747649879{border-top-width: 1px !important;border-right-width: 1px !important;border-bottom-width: 1px !important;border-left-width: 1px !important;padding-top: 1em !important;padding-bottom: 1em !important;border-left-color: #034076 !important;border-left-style: solid !important;border-right-color: #034076 !important;border-right-style: solid !important;border-top-color: #034076 !important;border-top-style: solid !important;border-bottom-color: #034076 !important;border-bottom-style: solid !important;}&#8221;][vc_column_text]<\/p>\n<h6><span style=\"color: #034076;\"><strong>Sprzeda\u017c na poziomie<\/strong><br \/>\n<\/span><\/h6>\n<h1><span style=\"color: #034076;\">9<\/span><\/h1>\n<h6><span style=\"color: #034076;\"><strong>mld euro<\/strong><\/span><\/h6>\n<p>[\/vc_column_text][\/vc_column_inner][vc_column_inner width=&#8221;1\/4&#8243; css=&#8221;.vc_custom_1585899498293{border-top-width: 1px !important;border-right-width: 1px !important;border-bottom-width: 1px !important;padding-top: 1em !important;padding-bottom: 1em !important;border-right-color: #034076 !important;border-right-style: solid !important;border-top-color: #034076 !important;border-top-style: solid !important;border-bottom-color: #034076 !important;border-bottom-style: solid !important;}&#8221;][vc_column_text]<\/p>\n<h6><span style=\"color: #034076;\"><strong>Pracownik\u00f3w<\/strong><\/span><\/h6>\n<h1><span style=\"color: #034076;\">7.000<\/span><\/h1>\n<p>[\/vc_column_text][\/vc_column_inner][\/vc_row_inner][vc_empty_space height=&#8221;20px&#8221;][vc_row_inner equal_height=&#8221;yes&#8221;][vc_column_inner width=&#8221;1\/4&#8243; css=&#8221;.vc_custom_1585747622098{border-top-width: 1px !important;border-bottom-width: 1px !important;border-left-width: 1px !important;padding-top: 1em !important;padding-bottom: 1em !important;border-left-color: #034076 !important;border-left-style: solid !important;border-top-color: #034076 !important;border-top-style: solid !important;border-bottom-color: #034076 !important;border-bottom-style: solid !important;}&#8221;][vc_column_text]<\/p>\n<h6><span style=\"color: #034076;\"><strong>Zak\u0142ad\u00f3w produkcyjnych<\/strong><\/span><\/h6>\n<h1><span style=\"color: #034076;\">37<\/span><\/h1>\n<p>[\/vc_column_text][\/vc_column_inner][vc_column_inner width=&#8221;1\/4&#8243; css=&#8221;.vc_custom_1684855649442{border-top-width: 1px !important;border-right-width: 1px !important;border-bottom-width: 1px !important;border-left-width: 1px !important;padding-top: 1em !important;padding-bottom: 1em !important;border-left-color: #034076 !important;border-left-style: solid !important;border-right-color: #034076 !important;border-right-style: solid !important;border-top-color: #034076 !important;border-top-style: solid !important;border-bottom-color: #034076 !important;border-bottom-style: solid !important;}&#8221;][vc_column_text]<\/p>\n<h6><span style=\"color: #034076;\"><strong>Klient\u00f3w<\/strong><\/span><\/h6>\n<h1><span style=\"color: #034076;\">15.000<\/span><\/h1>\n<p>[\/vc_column_text][\/vc_column_inner][\/vc_row_inner][\/vc_column][\/vc_row][vc_row css=&#8221;.vc_custom_1585574280938{margin-bottom: 2em !important;background-position: center !important;background-repeat: no-repeat !important;background-size: cover !important;}&#8221;][vc_column el_id=&#8221;global_player_resp&#8221; offset=&#8221;vc_hidden-lg vc_hidden-md&#8221;][vc_column_text]Przetwarzaj\u0105c rocznie <strong>6,5 mld ton stali<\/strong> i uzyskuj\u0105c obroty rz\u0119du <strong>9 mld euro<\/strong>, firma Marcegaglia jednym z najpot\u0119\u017cniejszych graczy na \u015bwiatowym rynku wyrob\u00f3w ze stali.[\/vc_column_text][vc_empty_space height=&#8221;20px&#8221;][vc_row_inner equal_height=&#8221;yes&#8221;][vc_column_inner width=&#8221;1\/4&#8243; css=&#8221;.vc_custom_1587540767336{border-top-width: 1px !important;border-right-width: 1px !important;border-bottom-width: 1px !important;border-left-width: 1px !important;padding-top: 1em !important;padding-bottom: 1em !important;border-left-color: #034076 !important;border-left-style: solid !important;border-right-color: #034076 !important;border-right-style: solid !important;border-top-color: #034076 !important;border-top-style: solid !important;border-bottom-color: #034076 !important;border-bottom-style: solid !important;}&#8221;][vc_column_text]<\/p>\n<h6><span style=\"color: #034076;\"><strong><span class=\"s2\">Sprzeda\u017c<\/span><\/strong><\/span><\/h6>\n<h1><span style=\"color: #034076;\">6.5<\/span><\/h1>\n<h6><span style=\"color: #034076;\"><strong><span class=\"s2\">ton stali rocznie<\/span><\/strong><\/span><\/h6>\n<p>[\/vc_column_text][\/vc_column_inner][vc_column_inner width=&#8221;1\/4&#8243; css=&#8221;.vc_custom_1585747649879{border-top-width: 1px !important;border-right-width: 1px !important;border-bottom-width: 1px !important;border-left-width: 1px !important;padding-top: 1em !important;padding-bottom: 1em !important;border-left-color: #034076 !important;border-left-style: solid !important;border-right-color: #034076 !important;border-right-style: solid !important;border-top-color: #034076 !important;border-top-style: solid !important;border-bottom-color: #034076 !important;border-bottom-style: solid !important;}&#8221;][vc_column_text]<\/p>\n<h6><span style=\"color: #034076;\"><strong>Sprzeda\u017c na poziomie<\/strong><br \/>\n<\/span><\/h6>\n<h1><span style=\"color: #034076;\">9<\/span><\/h1>\n<h6><span style=\"color: #034076;\"><strong>mld euro<\/strong><\/span><\/h6>\n<p>[\/vc_column_text][\/vc_column_inner][vc_column_inner width=&#8221;1\/4&#8243; css=&#8221;.vc_custom_1587540743425{border-top-width: 1px !important;border-right-width: 1px !important;border-bottom-width: 1px !important;border-left-width: 1px !important;padding-top: 1em !important;padding-bottom: 1em !important;border-left-color: #034076 !important;border-left-style: solid !important;border-right-color: #034076 !important;border-right-style: solid !important;border-top-color: #034076 !important;border-top-style: solid !important;border-bottom-color: #034076 !important;border-bottom-style: solid !important;}&#8221;][vc_column_text]<\/p>\n<h6><span style=\"color: #034076;\"><strong>Pracownik\u00f3w<\/strong><\/span><\/h6>\n<h1><span style=\"color: #034076;\">7.000<\/span><\/h1>\n<p>[\/vc_column_text][\/vc_column_inner][\/vc_row_inner][vc_empty_space height=&#8221;20px&#8221;][vc_row_inner equal_height=&#8221;yes&#8221;][vc_column_inner width=&#8221;1\/4&#8243; css=&#8221;.vc_custom_1587540774601{border-top-width: 1px !important;border-right-width: 1px !important;border-bottom-width: 1px !important;border-left-width: 1px !important;padding-top: 1em !important;padding-bottom: 1em !important;border-left-color: #034076 !important;border-left-style: solid !important;border-right-color: #034076 !important;border-right-style: solid !important;border-top-color: #034076 !important;border-top-style: solid !important;border-bottom-color: #034076 !important;border-bottom-style: solid !important;}&#8221;][vc_column_text]<\/p>\n<h6><span style=\"color: #034076;\"><strong>Zak\u0142ad\u00f3w produkcyjnych<\/strong><\/span><\/h6>\n<h1><span style=\"color: #034076;\">37<\/span><\/h1>\n<p>[\/vc_column_text][\/vc_column_inner][vc_column_inner width=&#8221;1\/4&#8243; css=&#8221;.vc_custom_1587540749838{border-top-width: 1px !important;border-right-width: 1px !important;border-bottom-width: 1px !important;border-left-width: 1px !important;padding-top: 1em !important;padding-bottom: 1em !important;border-left-color: #034076 !important;border-left-style: solid !important;border-right-color: #034076 !important;border-right-style: solid !important;border-top-color: #034076 !important;border-top-style: solid !important;border-bottom-color: #034076 !important;border-bottom-style: solid !important;}&#8221;][vc_column_text]<\/p>\n<h6><span style=\"color: #034076;\"><strong>Klient\u00f3w<\/strong><\/span><\/h6>\n<h1><span style=\"color: #034076;\">15.000<\/span><\/h1>\n<p>[\/vc_column_text][\/vc_column_inner][\/vc_row_inner][\/vc_column][\/vc_row]<\/p>\n<\/div>","protected":false},"excerpt":{"rendered":"<p>[vc_row full_width=&#8221;stretch_row&#8221; content_placement=&#8221;middle&#8221; css=&#8221;.vc_custom_1587484491989{margin-bottom: 2em !important;padding-top: 5.6em !important;padding-bottom: 5.6em !important;background-image: url(https:\/\/marcegaglia.pl\/wp-content\/uploads\/2020\/04\/Marcegaglia-global-player-in-steel.jpg?id=6023) &#8230; <\/p>\n","protected":false},"author":1,"featured_media":0,"parent":0,"menu_order":0,"comment_status":"closed","ping_status":"closed","template":"","meta":{"footnotes":""},"class_list":["post-13212","page","type-page","status-publish","hentry"],"yoast_head":"<!-- This site is optimized with the Yoast SEO plugin v27.3 - https:\/\/yoast.com\/product\/yoast-seo-wordpress\/ -->\n<title>Globalny gracz w stali - Marcegaglia Poland<\/title>\n<meta name=\"robots\" content=\"index, follow, max-snippet:-1, max-image-preview:large, max-video-preview:-1\" \/>\n<link rel=\"canonical\" href=\"https:\/\/marcegaglia.pl\/pl\/globalny-gracz-w-stali\/\" \/>\n<meta property=\"og:locale\" content=\"pl_PL\" \/>\n<meta property=\"og:type\" content=\"article\" \/>\n<meta property=\"og:title\" content=\"Globalny gracz w stali - Marcegaglia Poland\" \/>\n<meta property=\"og:description\" content=\"[vc_row full_width=&#8221;stretch_row&#8221; content_placement=&#8221;middle&#8221; css=&#8221;.vc_custom_1587484491989{margin-bottom: 2em !important;padding-top: 5.6em !important;padding-bottom: 5.6em !important;background-image: url(https:\/\/marcegaglia.pl\/wp-content\/uploads\/2020\/04\/Marcegaglia-global-player-in-steel.jpg?id=6023) ...\" \/>\n<meta property=\"og:url\" content=\"https:\/\/marcegaglia.pl\/pl\/globalny-gracz-w-stali\/\" \/>\n<meta property=\"og:site_name\" content=\"Marcegaglia Poland\" \/>\n<meta property=\"article:modified_time\" content=\"2023-05-23T15:28:17+00:00\" \/>\n<meta property=\"og:image\" content=\"https:\/\/marcegaglia.pl\/wp-content\/uploads\/2024\/04\/marcegaglia_poland_yoast.jpg\" \/>\n\t<meta property=\"og:image:width\" content=\"600\" \/>\n\t<meta property=\"og:image:height\" content=\"338\" \/>\n\t<meta property=\"og:image:type\" content=\"image\/jpeg\" \/>\n<meta name=\"twitter:card\" content=\"summary_large_image\" \/>\n<meta name=\"twitter:label1\" content=\"Szacowany czas czytania\" \/>\n\t<meta name=\"twitter:data1\" content=\"3 minuty\" \/>\n<script type=\"application\/ld+json\" class=\"yoast-schema-graph\">{\"@context\":\"https:\\\/\\\/schema.org\",\"@graph\":[{\"@type\":\"WebPage\",\"@id\":\"https:\\\/\\\/marcegaglia.pl\\\/pl\\\/globalny-gracz-w-stali\\\/\",\"url\":\"https:\\\/\\\/marcegaglia.pl\\\/pl\\\/globalny-gracz-w-stali\\\/\",\"name\":\"Globalny gracz w stali - Marcegaglia Poland\",\"isPartOf\":{\"@id\":\"https:\\\/\\\/marcegaglia.pl\\\/pl\\\/#website\"},\"datePublished\":\"2020-06-25T08:42:09+00:00\",\"dateModified\":\"2023-05-23T15:28:17+00:00\",\"breadcrumb\":{\"@id\":\"https:\\\/\\\/marcegaglia.pl\\\/pl\\\/globalny-gracz-w-stali\\\/#breadcrumb\"},\"inLanguage\":\"pl-PL\",\"potentialAction\":[{\"@type\":\"ReadAction\",\"target\":[\"https:\\\/\\\/marcegaglia.pl\\\/pl\\\/globalny-gracz-w-stali\\\/\"]}]},{\"@type\":\"BreadcrumbList\",\"@id\":\"https:\\\/\\\/marcegaglia.pl\\\/pl\\\/globalny-gracz-w-stali\\\/#breadcrumb\",\"itemListElement\":[{\"@type\":\"ListItem\",\"position\":1,\"name\":\"Home\",\"item\":\"https:\\\/\\\/marcegaglia.pl\\\/en\\\/\"},{\"@type\":\"ListItem\",\"position\":2,\"name\":\"Globalny gracz w stali\"}]},{\"@type\":\"WebSite\",\"@id\":\"https:\\\/\\\/marcegaglia.pl\\\/pl\\\/#website\",\"url\":\"https:\\\/\\\/marcegaglia.pl\\\/pl\\\/\",\"name\":\"Marcegaglia Poland\",\"description\":\"We give shape to steel\",\"publisher\":{\"@id\":\"https:\\\/\\\/marcegaglia.pl\\\/pl\\\/#organization\"},\"potentialAction\":[{\"@type\":\"SearchAction\",\"target\":{\"@type\":\"EntryPoint\",\"urlTemplate\":\"https:\\\/\\\/marcegaglia.pl\\\/pl\\\/?s={search_term_string}\"},\"query-input\":{\"@type\":\"PropertyValueSpecification\",\"valueRequired\":true,\"valueName\":\"search_term_string\"}}],\"inLanguage\":\"pl-PL\"},{\"@type\":\"Organization\",\"@id\":\"https:\\\/\\\/marcegaglia.pl\\\/pl\\\/#organization\",\"name\":\"Marcegaglia Poland\",\"url\":\"https:\\\/\\\/marcegaglia.pl\\\/pl\\\/\",\"logo\":{\"@type\":\"ImageObject\",\"inLanguage\":\"pl-PL\",\"@id\":\"https:\\\/\\\/marcegaglia.pl\\\/pl\\\/#\\\/schema\\\/logo\\\/image\\\/\",\"url\":\"https:\\\/\\\/marcegaglia.pl\\\/wp-content\\\/uploads\\\/2020\\\/05\\\/favicon_marcegaglia-carbon-steel_512x512.jpg\",\"contentUrl\":\"https:\\\/\\\/marcegaglia.pl\\\/wp-content\\\/uploads\\\/2020\\\/05\\\/favicon_marcegaglia-carbon-steel_512x512.jpg\",\"width\":512,\"height\":512,\"caption\":\"Marcegaglia Poland\"},\"image\":{\"@id\":\"https:\\\/\\\/marcegaglia.pl\\\/pl\\\/#\\\/schema\\\/logo\\\/image\\\/\"}}]}<\/script>\n<!-- \/ Yoast SEO plugin. -->","yoast_head_json":{"title":"Globalny gracz w stali - Marcegaglia Poland","robots":{"index":"index","follow":"follow","max-snippet":"max-snippet:-1","max-image-preview":"max-image-preview:large","max-video-preview":"max-video-preview:-1"},"canonical":"https:\/\/marcegaglia.pl\/pl\/globalny-gracz-w-stali\/","og_locale":"pl_PL","og_type":"article","og_title":"Globalny gracz w stali - Marcegaglia Poland","og_description":"[vc_row full_width=&#8221;stretch_row&#8221; content_placement=&#8221;middle&#8221; css=&#8221;.vc_custom_1587484491989{margin-bottom: 2em !important;padding-top: 5.6em !important;padding-bottom: 5.6em !important;background-image: url(https:\/\/marcegaglia.pl\/wp-content\/uploads\/2020\/04\/Marcegaglia-global-player-in-steel.jpg?id=6023) ...","og_url":"https:\/\/marcegaglia.pl\/pl\/globalny-gracz-w-stali\/","og_site_name":"Marcegaglia Poland","article_modified_time":"2023-05-23T15:28:17+00:00","og_image":[{"width":600,"height":338,"url":"https:\/\/marcegaglia.pl\/wp-content\/uploads\/2024\/04\/marcegaglia_poland_yoast.jpg","type":"image\/jpeg"}],"twitter_card":"summary_large_image","twitter_misc":{"Szacowany czas czytania":"3 minuty"},"schema":{"@context":"https:\/\/schema.org","@graph":[{"@type":"WebPage","@id":"https:\/\/marcegaglia.pl\/pl\/globalny-gracz-w-stali\/","url":"https:\/\/marcegaglia.pl\/pl\/globalny-gracz-w-stali\/","name":"Globalny gracz w stali - Marcegaglia Poland","isPartOf":{"@id":"https:\/\/marcegaglia.pl\/pl\/#website"},"datePublished":"2020-06-25T08:42:09+00:00","dateModified":"2023-05-23T15:28:17+00:00","breadcrumb":{"@id":"https:\/\/marcegaglia.pl\/pl\/globalny-gracz-w-stali\/#breadcrumb"},"inLanguage":"pl-PL","potentialAction":[{"@type":"ReadAction","target":["https:\/\/marcegaglia.pl\/pl\/globalny-gracz-w-stali\/"]}]},{"@type":"BreadcrumbList","@id":"https:\/\/marcegaglia.pl\/pl\/globalny-gracz-w-stali\/#breadcrumb","itemListElement":[{"@type":"ListItem","position":1,"name":"Home","item":"https:\/\/marcegaglia.pl\/en\/"},{"@type":"ListItem","position":2,"name":"Globalny gracz w stali"}]},{"@type":"WebSite","@id":"https:\/\/marcegaglia.pl\/pl\/#website","url":"https:\/\/marcegaglia.pl\/pl\/","name":"Marcegaglia Poland","description":"We give shape to steel","publisher":{"@id":"https:\/\/marcegaglia.pl\/pl\/#organization"},"potentialAction":[{"@type":"SearchAction","target":{"@type":"EntryPoint","urlTemplate":"https:\/\/marcegaglia.pl\/pl\/?s={search_term_string}"},"query-input":{"@type":"PropertyValueSpecification","valueRequired":true,"valueName":"search_term_string"}}],"inLanguage":"pl-PL"},{"@type":"Organization","@id":"https:\/\/marcegaglia.pl\/pl\/#organization","name":"Marcegaglia Poland","url":"https:\/\/marcegaglia.pl\/pl\/","logo":{"@type":"ImageObject","inLanguage":"pl-PL","@id":"https:\/\/marcegaglia.pl\/pl\/#\/schema\/logo\/image\/","url":"https:\/\/marcegaglia.pl\/wp-content\/uploads\/2020\/05\/favicon_marcegaglia-carbon-steel_512x512.jpg","contentUrl":"https:\/\/marcegaglia.pl\/wp-content\/uploads\/2020\/05\/favicon_marcegaglia-carbon-steel_512x512.jpg","width":512,"height":512,"caption":"Marcegaglia Poland"},"image":{"@id":"https:\/\/marcegaglia.pl\/pl\/#\/schema\/logo\/image\/"}}]}},"_links":{"self":[{"href":"https:\/\/marcegaglia.pl\/pl\/wp-json\/wp\/v2\/pages\/13212","targetHints":{"allow":["GET"]}}],"collection":[{"href":"https:\/\/marcegaglia.pl\/pl\/wp-json\/wp\/v2\/pages"}],"about":[{"href":"https:\/\/marcegaglia.pl\/pl\/wp-json\/wp\/v2\/types\/page"}],"author":[{"embeddable":true,"href":"https:\/\/marcegaglia.pl\/pl\/wp-json\/wp\/v2\/users\/1"}],"replies":[{"embeddable":true,"href":"https:\/\/marcegaglia.pl\/pl\/wp-json\/wp\/v2\/comments?post=13212"}],"version-history":[{"count":5,"href":"https:\/\/marcegaglia.pl\/pl\/wp-json\/wp\/v2\/pages\/13212\/revisions"}],"predecessor-version":[{"id":14429,"href":"https:\/\/marcegaglia.pl\/pl\/wp-json\/wp\/v2\/pages\/13212\/revisions\/14429"}],"wp:attachment":[{"href":"https:\/\/marcegaglia.pl\/pl\/wp-json\/wp\/v2\/media?parent=13212"}],"curies":[{"name":"wp","href":"https:\/\/api.w.org\/{rel}","templated":true}]}}